{"id":33810,"date":"2023-03-22T11:41:20","date_gmt":"2023-03-22T10:41:20","guid":{"rendered":"https:\/\/fpc.ms-dev.it\/?page_id=33810"},"modified":"2023-04-20T10:08:42","modified_gmt":"2023-04-20T08:08:42","slug":"%e6%9c%b4%e8%8c%a8%e8%8c%85%e6%96%afla-partenza","status":"publish","type":"page","link":"https:\/\/www.fondazionepaolocresci.it\/zh\/museo\/la-partenza\/","title":{"rendered":"\u542f\u7a0b"},"content":{"rendered":"<h1>\n\t\t &#8211; \n\t<\/h1>\n<h2>\n\t\t\u4e3a\u4ec0\u4e48\u8981\u79fb\u5c45\u56fd\u5916\uff1f\n\t<\/h2>\n\t<p>L&#8217;emigrazione italiana si \u00e8 protratta dagli ultimi decenni dell&#8217;Ottocento sino agli anni Settanta del Novecento ed \u00e8 stata caratterizzata dalla dispersione in tutto il mondo.<\/p>\n<p>I &#8220;fattori di espulsione&#8221; riguardavano l&#8217;agricoltura, minacciata dalle importazioni a basso prezzo, dalla concorrenza di alcuni paesi europei nel commercio dell&#8217;olio e del vino e, specialmente nelle regioni meridionali, dall&#8217;estensione del latifondo e dalla pratica di tecniche colturali primitive.<\/p>\n\t\t\t\t<a\n\t\t\thref=\"https:\/\/www.fondazionepaolocresci.it\/wp-content\/uploads\/2023\/03\/01_foto-stazione.jpg\"\n\t\t\t\t\t\tdata-fancybox=\"images\" \n\t\t\ttitle=\"01_\u6444\u5f71\u7ad9\" \n\t\t\t\t\t\tdata-caption=\"Emigranti in partenza da una stazione ferroviaria, 1908\"\n\t\t\t\t\t\tdata-description=\"\" \n\t\t\titemprop=\"contentUrl\">\n\t\t\t<img decoding=\"async\" src=\"https:\/\/www.fondazionepaolocresci.it\/wp-content\/uploads\/2023\/03\/01_foto-stazione-768x606.jpg\" alt=\"\" data-no-lazy=\"1\" itemprop=\"thumbnail\" width=\"768\" height=\"606\" \/>\n\t\t\t<!-- Overlay Wrapper -->\n\t\t\t <!-- Overlay Wrapper Closed -->\n\t\t\t\t<\/a>\n\t\t\t\t\t\t\t<meta itemprop=\"width\" content=\"768\" \/>\n\t\t\t<meta itemprop=\"height\" content=\"606\" \/>\n\t\t\u79bb\u5f00\u706b\u8f66\u7ad9\u7684\u79fb\u6c11\uff0c1908\u5e74\n\t\t\t\t<a\n\t\t\thref=\"https:\/\/www.fondazionepaolocresci.it\/wp-content\/uploads\/2023\/03\/02_Mietitori-Bivigliano-400x276-e1516551859920.jpg\"\n\t\t\t\t\t\tdata-fancybox=\"images\" \n\t\t\ttitle=\"02_Mietitori-Bivigliano-400x276-e1516551859920\" \n\t\t\t\t\t\tdata-caption=\"Bivigliano, Firenze, 1900 circa. Battitori di grano\"\n\t\t\t\t\t\tdata-description=\"\" \n\t\t\titemprop=\"contentUrl\">\n\t\t\t<img decoding=\"async\" src=\"https:\/\/www.fondazionepaolocresci.it\/wp-content\/uploads\/2023\/03\/02_Mietitori-Bivigliano-400x276-e1516551859920.jpg\" alt=\"\" data-no-lazy=\"1\" itemprop=\"thumbnail\" width=\"400\" height=\"276\" \/>\n\t\t\t<!-- Overlay Wrapper -->\n\t\t\t <!-- Overlay Wrapper Closed -->\n\t\t\t\t<\/a>\n\t\t\t\t\t\t\t<meta itemprop=\"width\" content=\"400\" \/>\n\t\t\t<meta itemprop=\"height\" content=\"276\" \/>\n\t\tBivigliano\uff0c\u4f5b\u7f57\u4f26\u8428\uff0c\u7ea61900\u5e74\u3002\u8c37\u7269\u6253\u6d46\u673a\n\t<h2>\n\t\tPartire?&#8230; Si!\n\t<\/h2>\n\t<p>La decisione di partire veniva spesso presa su richiamo dall&#8217;estero di parenti o amici e era favorita anche nelle &#8220;guide per gli emigranti&#8221; spesso prodotte dai paesi per attrarre manodopera, che mostravano immagini accattivanti della nazione,  proposte  spregiudicatamente dalle agenzie e dagli agenti delle compagnie di navigazione per convincere gli indecisi a partire. Negli ultimi decenni dell&#8217;Ottocento il Brasile cerc\u00f2 di incrementare l&#8217;immigrazione dall&#8217;Europa offrendo il viaggio gratuito sino alle fazendas  dove ciascuna famiglia emigrata avrebbe avuto a disposizione un lotto di terreno.<\/p>\n<p>La procedura per l&#8217;espatrio prevedeva la richiesta del passaporto. Quello per l&#8217;emigrante, dall&#8217;inizio del Novecento, aveva la copertina rossa. Sul passaporto dell&#8217;uomo venivano iscritti la moglie e i figli  al seguito.<\/p>\n\t\t\t\t<a\n\t\t\thref=\"https:\/\/www.fondazionepaolocresci.it\/wp-content\/uploads\/2023\/03\/07_umberto-I\u00b0-306x400-1.jpg\"\n\t\t\t\t\t\tdata-fancybox=\"images\" \n\t\t\ttitle=\"07_umberto-I\u00b0-306x400\" \n\t\t\t\t\t\tdata-caption=\"Passaporto di Maria Colarusso, 1896\"\n\t\t\t\t\t\tdata-description=\"\" \n\t\t\titemprop=\"contentUrl\">\n\t\t\t<img decoding=\"async\" src=\"https:\/\/www.fondazionepaolocresci.it\/wp-content\/uploads\/2023\/03\/07_umberto-I\u00b0-306x400-1.jpg\" alt=\"\" data-no-lazy=\"1\" itemprop=\"thumbnail\" width=\"348\" height=\"455\" \/>\n\t\t\t<!-- Overlay Wrapper -->\n\t\t\t <!-- Overlay Wrapper Closed -->\n\t\t\t\t<\/a>\n\t\t\t\t\t\t\t<meta itemprop=\"width\" content=\"348\" \/>\n\t\t\t<meta itemprop=\"height\" content=\"455\" \/>\n\t\t\u739b\u4e3d\u4e9a-\u79d1\u62c9\u9c81\u7d22\u7684\u62a4\u7167\uff0c1896\u5e74\n\t\t\t\t<a\n\t\t\thref=\"https:\/\/www.fondazionepaolocresci.it\/wp-content\/uploads\/2023\/03\/06_passaporto-400x283-1.jpg\"\n\t\t\t\t\t\tdata-fancybox=\"images\" \n\t\t\ttitle=\"06_passaporto-400x283\" \n\t\t\t\t\t\tdata-caption=\"Passaporto, anni Venti\"\n\t\t\t\t\t\tdata-description=\"\" \n\t\t\titemprop=\"contentUrl\">\n\t\t\t<img decoding=\"async\" src=\"https:\/\/www.fondazionepaolocresci.it\/wp-content\/uploads\/2023\/03\/06_passaporto-400x283-1.jpg\" alt=\"\" data-no-lazy=\"1\" itemprop=\"thumbnail\" width=\"455\" height=\"322\" \/>\n\t\t\t<!-- Overlay Wrapper -->\n\t\t\t <!-- Overlay Wrapper Closed -->\n\t\t\t\t<\/a>\n\t\t\t\t\t\t\t<meta itemprop=\"width\" content=\"455\" \/>\n\t\t\t<meta itemprop=\"height\" content=\"322\" \/>\n\t\t\u62a4\u7167\uff0c1920\u5e74\u4ee3\n\t\t\t\t<a\n\t\t\thref=\"https:\/\/www.fondazionepaolocresci.it\/wp-content\/uploads\/2023\/03\/03_pag-7-8-ok-240x400-1.jpg\"\n\t\t\t\t\t\tdata-fancybox=\"images\" \n\t\t\ttitle=\"03_pag-7-8-ok-240x400\" \n\t\t\t\t\t\tdata-caption=\"Gallicano, Lucca, 1900. Agenzia di viaggi\"\n\t\t\t\t\t\tdata-description=\"\" \n\t\t\titemprop=\"contentUrl\">\n\t\t\t<img decoding=\"async\" src=\"https:\/\/www.fondazionepaolocresci.it\/wp-content\/uploads\/2023\/03\/03_pag-7-8-ok-240x400-1.jpg\" alt=\"\" data-no-lazy=\"1\" itemprop=\"thumbnail\" width=\"273\" height=\"455\" \/>\n\t\t\t<!-- Overlay Wrapper -->\n\t\t\t <!-- Overlay Wrapper Closed -->\n\t\t\t\t<\/a>\n\t\t\t\t\t\t\t<meta itemprop=\"width\" content=\"273\" \/>\n\t\t\t<meta itemprop=\"height\" content=\"455\" \/>\n\t\tGallicano, Lucca, 1900.\u65c5\u884c\u793e\n\t\t\t\t<a\n\t\t\thref=\"https:\/\/www.fondazionepaolocresci.it\/wp-content\/uploads\/2023\/03\/04_pag-9-10-400x355-1.jpg\"\n\t\t\t\t\t\tdata-fancybox=\"images\" \n\t\t\ttitle=\"04_pages-9-10-400x355\" \n\t\t\t\t\t\tdata-caption=\"Passaporto rosso per l'estero\"\n\t\t\t\t\t\tdata-description=\"\" \n\t\t\titemprop=\"contentUrl\">\n\t\t\t<img decoding=\"async\" src=\"https:\/\/www.fondazionepaolocresci.it\/wp-content\/uploads\/2023\/03\/04_pag-9-10-400x355-1.jpg\" alt=\"\" data-no-lazy=\"1\" itemprop=\"thumbnail\" width=\"455\" height=\"404\" \/>\n\t\t\t<!-- Overlay Wrapper -->\n\t\t\t <!-- Overlay Wrapper Closed -->\n\t\t\t\t<\/a>\n\t\t\t\t\t\t\t<meta itemprop=\"width\" content=\"455\" \/>\n\t\t\t<meta itemprop=\"height\" content=\"404\" \/>\n\t\tPassaporto rosso per l&#8217;estero\n\t\t\t\t<a\n\t\t\thref=\"https:\/\/www.fondazionepaolocresci.it\/wp-content\/uploads\/2023\/03\/05_pag10-284x400-1.jpg\"\n\t\t\t\t\t\tdata-fancybox=\"images\" \n\t\t\ttitle=\"05_pag10-284x400\" \n\t\t\t\t\t\tdata-caption=\"Copertina di una guida per gli emigranti edita a San Paolo, 1886\"\n\t\t\t\t\t\tdata-description=\"\" \n\t\t\titemprop=\"contentUrl\">\n\t\t\t<img decoding=\"async\" src=\"https:\/\/www.fondazionepaolocresci.it\/wp-content\/uploads\/2023\/03\/05_pag10-284x400-1.jpg\" alt=\"\" data-no-lazy=\"1\" itemprop=\"thumbnail\" width=\"323\" height=\"455\" \/>\n\t\t\t<!-- Overlay Wrapper -->\n\t\t\t <!-- Overlay Wrapper Closed -->\n\t\t\t\t<\/a>\n\t\t\t\t\t\t\t<meta itemprop=\"width\" content=\"323\" \/>\n\t\t\t<meta itemprop=\"height\" content=\"455\" \/>\n\t\t1886\u5e74\u5728\u5723\u4fdd\u7f57\u51fa\u7248\u7684\u79fb\u6c11\u6307\u5bfc\u624b\u518c\u7684\u5c01\u9762\n\t<h2>\n\t\tSi va&#8230; dove?\n\t<\/h2>\n\t<p>Il flusso migratorio si diresse, con inizio negli ultimi decenni dell&#8217;Ottocento, dapprima verso i paesi europei e in seguito per le mete oltreoceano.<\/p>\n<p>La disponibilit\u00e0 di denaro condizion\u00f2 la scelta della meta dell&#8217;espatrio. Costava di pi\u00f9 raggiungere l&#8217;America Latina dove le prospettive economiche erano migliori e le differenze linguistiche e culturali minori. Il biglietto per gli Stati Uniti costava meno; qui era facile trovare lavoro, sebbene poco qualificato, in agricoltura o nell&#8217;industria.<\/p>\n<p>I porti d&#8217;imbarco erano Genova, Napoli, Palermo. Il numero delle partenze crebbe sino alla prima guerra mondiale: era il periodo della&#8221; grande emigrazione&#8221;. Al termine del conflitto  chiusi gli sbocchi americani riprese, in maniera ridotta, l&#8217;esodo verso l&#8217;Europa. Nel secondo dopoguerra le partenze verso le destinazioni, continentali o intercontinentali, ricominciarono.<\/p>\n\t\t\t\t<a\n\t\t\thref=\"https:\/\/www.fondazionepaolocresci.it\/wp-content\/uploads\/2023\/03\/08_481.jpg\"\n\t\t\t\t\t\tdata-fancybox=\"images\" \n\t\t\ttitle=\"08_481\" \n\t\t\t\t\t\tdata-caption=\" Trieste. In attesa dell'imbarco 1900 circa \"\n\t\t\t\t\t\tdata-description=\"\" \n\t\t\titemprop=\"contentUrl\">\n\t\t\t<img decoding=\"async\" src=\"https:\/\/www.fondazionepaolocresci.it\/wp-content\/uploads\/2023\/03\/08_481-768x520.jpg\" alt=\"\" data-no-lazy=\"1\" itemprop=\"thumbnail\" width=\"768\" height=\"520\" \/>\n\t\t\t<!-- Overlay Wrapper -->\n\t\t\t <!-- Overlay Wrapper Closed -->\n\t\t\t\t<\/a>\n\t\t\t\t\t\t\t<meta itemprop=\"width\" content=\"768\" \/>\n\t\t\t<meta itemprop=\"height\" content=\"520\" \/>\n\t\t Trieste. In attesa dell&#8217;imbarco 1900 circa \n\t\t\t\t<a\n\t\t\thref=\"https:\/\/www.fondazionepaolocresci.it\/wp-content\/uploads\/2023\/03\/09_fondo-pagina2c-400x315-1.jpg\"\n\t\t\t\t\t\tdata-fancybox=\"images\" \n\t\t\ttitle=\"09_fondo-pagina2c-400x315\" \n\t\t\t\t\t\tdata-caption=\"Palermo 1910. Una chiatta con emigranti si avvicina alla nave \"\n\t\t\t\t\t\tdata-description=\"\" \n\t\t\titemprop=\"contentUrl\">\n\t\t\t<img decoding=\"async\" src=\"https:\/\/www.fondazionepaolocresci.it\/wp-content\/uploads\/2023\/03\/09_fondo-pagina2c-400x315-1.jpg\" alt=\"\" data-no-lazy=\"1\" itemprop=\"thumbnail\" width=\"455\" height=\"358\" \/>\n\t\t\t<!-- Overlay Wrapper -->\n\t\t\t <!-- Overlay Wrapper Closed -->\n\t\t\t\t<\/a>\n\t\t\t\t\t\t\t<meta itemprop=\"width\" content=\"455\" \/>\n\t\t\t<meta itemprop=\"height\" content=\"358\" \/>\n\t\t1910\u5e74\u7684\u5df4\u52d2\u83ab\u3002\u4e00\u8258\u8f7d\u7740\u79fb\u6c11\u7684\u9a73\u8239\u9a76\u5165\u8239\u5185 \n\t\t\t\t<a\n\t\t\thref=\"https:\/\/www.fondazionepaolocresci.it\/wp-content\/uploads\/2023\/03\/010_Limbarco-dei-bagagli-degli-emigranti-sul-piroscafo-Tomaso-di-Savoia-del-Lloyd-Sabaudo.-1919-scaled.jpg\"\n\t\t\t\t\t\tdata-fancybox=\"images\" \n\t\t\ttitle=\"010_Limbarco-dei-bagagli-degli-emigranti-sul-piroscafo-\"tomaso-di-savoia\"-del-lloyd-sabaudo.-1919\"\tdata-caption=\"Genova, 1919. L'imbarco dei bagagli degli emigranti sul piroscafo \"tomaso di savoia\" del lloyd sabaudo\"\n\t\t\t\t\t\tdata-description=\"\" \n\t\t\titemprop=\"contentUrl\">\n\t\t\t<img decoding=\"async\" src=\"https:\/\/www.fondazionepaolocresci.it\/wp-content\/uploads\/2023\/03\/010_Limbarco-dei-bagagli-degli-emigranti-sul-piroscafo-Tomaso-di-Savoia-del-Lloyd-Sabaudo.-1919-768x563.jpg\" alt=\"\" data-no-lazy=\"1\" itemprop=\"thumbnail\" width=\"768\" height=\"563\" \/>\n\t\t\t<!-- Overlay Wrapper -->\n\t\t\t <!-- Overlay Wrapper Closed -->\n\t\t\t\t<\/a>\n\t\t\t\t\t\t\t<meta itemprop=\"width\" content=\"768\" \/>\n\t\t\t<meta itemprop=\"height\" content=\"563\" \/>\n\t\tGenova, 1919. L&#8217;imbarco dei bagagli degli emigranti sul piroscafo &#8220;Tomaso di Savoia&#8221; del Lloyd Sabaudo\n\t<nav aria-label=\"\u535a\u7269\u9986\" itemscope=\"itemscope\" itemtype=\"https:\/\/schema.org\/SiteNavigationElement\">\n\t\t<ul id=\"menu-museo\"><li id=\"menu-item-33836\"><a href=\"https:\/\/www.fondazionepaolocresci.it\/zh\/%e5%8d%9a%e7%89%a9%e9%a6%86\/\" tabindex=\"0\" role=\"link\">\u6f14\u793a\u6587\u7a3f<\/a><\/li><li id=\"menu-item-33833\"><a href=\"https:\/\/www.fondazionepaolocresci.it\/zh\/%e5%8d%9a%e7%89%a9%e9%a6%86\/%e6%9c%b4%e8%8c%a8%e8%8c%85%e6%96%afla-partenza\/\" aria-current=\"page\" tabindex=\"0\" role=\"link\">\u542f\u7a0b<\/a><\/li><li id=\"menu-item-33832\"><a href=\"https:\/\/www.fondazionepaolocresci.it\/zh\/%e5%8d%9a%e7%89%a9%e9%a6%86\/%e6%97%85%e8%a1%8c%e5%92%8c%e6%8a%b5%e8%be%be\/\" tabindex=\"0\" role=\"link\">Il viaggio e l&#8217;arrivo<\/a><\/li><li id=\"menu-item-33831\"><a href=\"https:\/\/www.fondazionepaolocresci.it\/zh\/%e5%8d%9a%e7%89%a9%e9%a6%86\/%e5%b7%a5%e4%bd%9c\/\" tabindex=\"0\" role=\"link\">\u5de5\u4f5c<\/a><\/li><li id=\"menu-item-33830\"><a href=\"https:\/\/www.fondazionepaolocresci.it\/zh\/%e5%8d%9a%e7%89%a9%e9%a6%86\/%e6%96%b0%e7%9a%84%e5%b8%95%e7%89%b9%e9%87%8c%e6%96%af\/\" tabindex=\"0\" role=\"link\">\u65b0\u5bb6\u56ed<\/a><\/li><li id=\"menu-item-33829\"><a href=\"https:\/\/www.fondazionepaolocresci.it\/zh\/%e5%8d%9a%e7%89%a9%e9%a6%86\/%e6%82%bc%e5%bf%b5%e4%b9%8b%e7%ba%bf\/\" tabindex=\"0\" role=\"link\">\u8bb0\u5fc6\u4e4b\u7ebf<\/a><\/li><li id=\"menu-item-33828\"><a href=\"https:\/\/www.fondazionepaolocresci.it\/zh\/%e5%8d%9a%e7%89%a9%e9%a6%86\/%e6%96%b0%e4%b8%8a%e4%bb%bb%e7%9a%84%e6%8c%87%e6%8c%a5%e5%ae%98\/\" tabindex=\"0\" role=\"link\">\u518d\u6b21\u4e0a\u8def<\/a><\/li><\/ul>\n\t\t\t<\/nav>","protected":false},"excerpt":{"rendered":"<p>&#8211; Perch\u00e9 emigrare? L&#8217;emigrazione italiana si \u00e8 protratta dagli ultimi decenni dell&#8217;Ottocento sino agli anni Settanta del Novecento ed \u00e8 stata caratterizzata dalla dispersione in tutto il mondo. I &#8220;fattori di espulsione&#8221; riguardavano l&#8217;agricoltura, minacciata dalle importazioni a basso prezzo, dalla concorrenza di alcuni paesi europei nel commercio dell&#8217;olio e del vino e, specialmente nelle [&hellip;]<\/p>\n","protected":false},"author":1,"featured_media":0,"parent":24,"menu_order":0,"comment_status":"closed","ping_status":"open","template":"","meta":{"_acf_changed":false,"_relevanssi_hide_post":"","_relevanssi_hide_content":"","_relevanssi_pin_for_all":"","_relevanssi_pin_keywords":"","_relevanssi_unpin_keywords":"","_relevanssi_related_keywords":"","_relevanssi_related_include_ids":"","_relevanssi_related_exclude_ids":"","_relevanssi_related_no_append":"","_relevanssi_related_not_related":"","_relevanssi_related_posts":"","_relevanssi_noindex_reason":"","site-sidebar-layout":"default","site-content-layout":"","ast-site-content-layout":"default","site-content-style":"default","site-sidebar-style":"default","ast-global-header-display":"","ast-banner-title-visibility":"","ast-main-header-display":"","ast-hfb-above-header-display":"","ast-hfb-below-header-display":"","ast-hfb-mobile-header-display":"","site-post-title":"","ast-breadcrumbs-content":"","ast-featured-img":"","footer-sml-layout":"","ast-disable-related-posts":"","theme-transparent-header-meta":"","adv-header-id-meta":"","stick-header-meta":"","header-above-stick-meta":"","header-main-stick-meta":"","header-below-stick-meta":"","astra-migrate-meta-layouts":"default","ast-page-background-enabled":"default","ast-page-background-meta":{"desktop":{"background-color":"var(--ast-global-color-4)","background-image":"","background-repeat":"repeat","background-position":"center center","background-size":"auto","background-attachment":"scroll","background-type":"","background-media":"","overlay-type":"","overlay-color":"","overlay-opacity":"","overlay-gradient":""},"tablet":{"background-color":"","background-image":"","background-repeat":"repeat","background-position":"center center","background-size":"auto","background-attachment":"scroll","background-type":"","background-media":"","overlay-type":"","overlay-color":"","overlay-opacity":"","overlay-gradient":""},"mobile":{"background-color":"","background-image":"","background-repeat":"repeat","background-position":"center center","background-size":"auto","background-attachment":"scroll","background-type":"","background-media":"","overlay-type":"","overlay-color":"","overlay-opacity":"","overlay-gradient":""}},"ast-content-background-meta":{"desktop":{"background-color":"var(--ast-global-color-5)","background-image":"","background-repeat":"repeat","background-position":"center center","background-size":"auto","background-attachment":"scroll","background-type":"","background-media":"","overlay-type":"","overlay-color":"","overlay-opacity":"","overlay-gradient":""},"tablet":{"background-color":"var(--ast-global-color-5)","background-image":"","background-repeat":"repeat","background-position":"center center","background-size":"auto","background-attachment":"scroll","background-type":"","background-media":"","overlay-type":"","overlay-color":"","overlay-opacity":"","overlay-gradient":""},"mobile":{"background-color":"var(--ast-global-color-5)","background-image":"","background-repeat":"repeat","background-position":"center center","background-size":"auto","background-attachment":"scroll","background-type":"","background-media":"","overlay-type":"","overlay-color":"","overlay-opacity":"","overlay-gradient":""}},"footnotes":""},"class_list":["post-33810","page","type-page","status-publish","hentry"],"acf":[],"_links":{"self":[{"href":"https:\/\/www.fondazionepaolocresci.it\/zh\/wp-json\/wp\/v2\/pages\/33810","targetHints":{"allow":["GET"]}}],"collection":[{"href":"https:\/\/www.fondazionepaolocresci.it\/zh\/wp-json\/wp\/v2\/pages"}],"about":[{"href":"https:\/\/www.fondazionepaolocresci.it\/zh\/wp-json\/wp\/v2\/types\/page"}],"author":[{"embeddable":true,"href":"https:\/\/www.fondazionepaolocresci.it\/zh\/wp-json\/wp\/v2\/users\/1"}],"replies":[{"embeddable":true,"href":"https:\/\/www.fondazionepaolocresci.it\/zh\/wp-json\/wp\/v2\/comments?post=33810"}],"version-history":[{"count":4,"href":"https:\/\/www.fondazionepaolocresci.it\/zh\/wp-json\/wp\/v2\/pages\/33810\/revisions"}],"predecessor-version":[{"id":33986,"href":"https:\/\/www.fondazionepaolocresci.it\/zh\/wp-json\/wp\/v2\/pages\/33810\/revisions\/33986"}],"up":[{"embeddable":true,"href":"https:\/\/www.fondazionepaolocresci.it\/zh\/wp-json\/wp\/v2\/pages\/24"}],"wp:attachment":[{"href":"https:\/\/www.fondazionepaolocresci.it\/zh\/wp-json\/wp\/v2\/media?parent=33810"}],"curies":[{"name":"wp","href":"https:\/\/api.w.org\/{rel}","templated":true}]}}