{"id":2,"date":"2022-11-14T17:16:24","date_gmt":"2022-11-14T16:16:24","guid":{"rendered":"https:\/\/fpc.ms-dev.it\/?page_id=2"},"modified":"2026-04-15T13:22:36","modified_gmt":"2026-04-15T11:22:36","slug":"home-page","status":"publish","type":"page","link":"https:\/\/www.fondazionepaolocresci.it\/zh\/","title":{"rendered":"Home Page"},"content":{"rendered":"<img decoding=\"async\" loading='false' src=\"https:\/\/www.fondazionepaolocresci.it\/wp-content\/uploads\/2022\/11\/Header_5.jpg\" alt=\"\" \/>\t\t\t\n\t\t\t\t<h3>\u5728\u5e02\u573a\u4e0a<\/h3><p>\u79fb\u6c11\u4eec\u5728\u6c34\u679c\u548c\u852c\u83dc\u5e02\u573a\u4e0a\u51fa\u552e\u4ed6\u4eec\u7684\u52b3\u52a8\u6210\u679c\uff0c\u4eca\u5929\u548c\u5f53\u5e74\u4e00\u6837\u3002<\/p>\n\t\t\t<img decoding=\"async\" loading='false' src=\"https:\/\/www.fondazionepaolocresci.it\/wp-content\/uploads\/2022\/11\/Header_7.jpg\" alt=\"\" \/>\t\t\t\n\t\t\t\t<h3>\u7167\u6599\u8005<\/h3><p>\u4e00\u4e2a\u53e4\u8001\u7684\u4f5c\u54c1\u5f80\u5f80\u7559\u7ed9\u5176\u4ed6\u56fd\u5bb6\u7684\u5987\u5973\u3002\u6628\u5929\u548c\u4eca\u5929\u7684\u8868\u73b0\u529b\u5dee\u5f02\u662f\u663e\u8457\u7684\u3002<\/p>\n\t\t\t<img decoding=\"async\" loading='false' src=\"https:\/\/www.fondazionepaolocresci.it\/wp-content\/uploads\/2022\/11\/Header_2.jpg\" alt=\"\" \/>\t\t\t\n\t\t\t\t<h3>\u79bb\u5bb6\u5de5\u4f5c<\/h3><p>\u5982\u6b64\u591a\u7684\u5dee\u5f02\u548c\u76f8\u4f3c\u4e4b\u5904\uff0c\u76f8\u9694\u4e94\u5341\u5e74\uff1a\u79fb\u6c11\u4eec\u751a\u81f3\u63a5\u53d7\u6700\u5351\u5fae\u7684\u5de5\u4f5c\u3002<\/p>\n\t\t\t<img decoding=\"async\" loading='false' src=\"https:\/\/www.fondazionepaolocresci.it\/wp-content\/uploads\/2022\/11\/header_1.jpg\" alt=\"\" \/>\t\t\t\n\t\t\t\t<h3>\u79fb\u6c11\uff1a\u6628\u5929\u548c\u4eca\u5929<\/h3><p>\u79bb\u5f00\u7f8e\u56fd\uff0c\u5230\u8fbe\u610f\u5927\u5229\u6d77\u5cb8\uff1a\u5730\u70b9\u548c\u4e3b\u89d2\u90fd\u53d8\u4e86\uff0c\u4f46\u5386\u53f2\u5374\u5728\u91cd\u6f14\u3002<\/p>\n\t\t\t<img decoding=\"async\" loading='false' src=\"https:\/\/www.fondazionepaolocresci.it\/wp-content\/uploads\/2022\/11\/Header_3.jpg\" alt=\"\" \/>\t\t\t\n\t\t\t\t<h3>\u5de5\u5382\u5de5\u4f5c<\/h3><p>\u5728\u7535\u6c60\u91cc\uff0c\u5728\u7f1d\u7eab\u673a\u540e\u9762\uff0c\u4eca\u5929\u548c\u5f53\u65f6\u4e00\u6837\u3002<\/p>\n<h2>\n\t\t\tJean Michel Folon\t<\/h2>\n\t\t\t\t<img decoding=\"async\" src=\"https:\/\/www.fondazionepaolocresci.it\/wp-content\/uploads\/2022\/11\/valigia-folon.png\" alt=\"\u624b\u63d0\u7bb1-\u6298\u53e0\u5f0f\" itemprop=\"image\" height=\"191\" width=\"234\" title=\"\u624b\u63d0\u7bb1-\u6298\u53e0\u5f0f\" onerror=\"this.style.display='none'\" loading='lazy' \/>\n\t<p><strong>&#8220;Sogno una valigia, una valigia immaginaria che in realt\u00e0 \u00e8 una finestra le cui sbarre sono state tagliate per permettere che uno possa scappare via&#8230;perch\u00e9 emigrare vuol dire liberarsi e scappare per cercare un mondo migliore, pi\u00f9 felice&#8230; Se in pi\u00f9 nel logo ho trasmesso anche un p\u00f2 di poesia sarei molto felice&#8230;&#8221;<\/strong><\/p>\n\u4fdd\u7f57-\u514b\u96f7\u897f\u57fa\u91d1\u4f1a\u6536\u96c6\u4e86\u5173\u4e8e\u610f\u5927\u5229\u79fb\u6c11\u7684\u91cd\u8981\u548c\u591a\u6837\u7684\u6587\u4ef6\u3002<br \/>\n\u6d4f\u89c8\u6211\u4eec\u7684\u7f51\u7ad9\uff0c\u4f60\u53ef\u4ee5\u5728\u4e00\u8239\u8239\u524d\u5f80\u8fdc\u65b9\u7684\u79fb\u6c11\u4e2d\u8fdb\u884c\u4e00\u6b21\u65f6\u95f4\u65c5\u884c\uff0c\u4f53\u9a8c\u4ed6\u4eec\u5728\u65b0\u5bb6\u56ed\u7684\u5192\u9669\uff0c\u5206\u4eab\u4ed6\u4eec\u5bf9\u51fa\u751f\u5730\u7684\u6e34\u671b\u3002\n<h2>\n\t\t\tARANDORA STAR. La tragedia dimenticata\t<\/h2>\n\t\t<meta itemprop=\"url\" content=\"https:\/\/www.fondazionepaolocresci.it\/wp-content\/uploads\/2025\/06\/arandora-star.mp4\" \/><div style=\"width: 640px;\" class=\"wp-video\"><video class=\"wp-video-shortcode\" id=\"video-2-1\" width=\"640\" height=\"360\" poster=\"https:\/\/www.fondazionepaolocresci.it\/wp-content\/uploads\/2025\/06\/Arandora-star-opt-00-12-52-110.jpg\" preload=\"none\" controls=\"controls\"><source type=\"video\/mp4\" src=\"https:\/\/www.fondazionepaolocresci.it\/wp-content\/uploads\/2025\/06\/arandora-star.mp4?_=1\" \/><source type=\"video\/mp4\" src=\"https:\/\/www.fondazionepaolocresci.it\/wp-content\/uploads\/2025\/06\/arandora-star.mp4?_=1\" \/><a href=\"https:\/\/www.fondazionepaolocresci.it\/wp-content\/uploads\/2025\/06\/arandora-star.mp4\">https:\/\/www.fondazionepaolocresci.it\/wp-content\/uploads\/2025\/06\/arandora-star.mp4<\/a><\/video><\/div>\t\n<h2>\n\t\t\t\u7279\u8272\u65b0\u95fb\t<\/h2>\n\t<meta itemscope itemprop=\"mainEntityOfPage\" itemtype=\"https:\/\/schema.org\/WebPage\" itemid=\"http:\/\/34719\" content=\"Presentazione del libro di Chira Clini, &#8220;L'ultima crociera&#8221;\" \/><meta itemprop=\"datePublished\" content=\"2025-06-27\" \/><meta itemprop=\"dateModified\" content=\"2025-06-27\" \/><meta itemprop=\"name\" content=\"Fondazione Paolo Cresci\"\/><meta itemprop=\"url\" content=\"https:\/\/www.fondazionepaolocresci.it\/wp-content\/uploads\/2022\/11\/fondazione-paolo-cresci.png\"\/><meta itemprop=\"url\" content=\"https:\/\/www.fondazionepaolocresci.it\/author\/fondazione\/\" \/><meta itemprop=\"name\" content=\"fondazione\" \/><meta itemprop=\"url\" content=\"https:\/\/www.fondazionepaolocresci.it\/wp-content\/uploads\/2025\/06\/Lultima-crociera-Incontri-nel-giardino.jpg\" \/><meta itemprop=\"width\" content=\"1414\" \/><meta itemprop=\"height\" content=\"2000\" \/><meta itemprop=\"interactionType\" content=\"https:\/\/schema.org\/CommentAction\" \/><meta itemprop=\"userInteractionCount\" content=\"0\" \/>\n\t\t\t\t\t<a href=\"https:\/\/www.fondazionepaolocresci.it\/zh\/%e6%96%b0%e9%97%bb\/presentazione-del-libro-di-chira-clini-lultima-crociera\/\" title=\"Presentazione del libro di Chira Clini, &#8220;L'ultima crociera&#8221;\"><\/a>\n\t\t\t\t<img decoding=\"async\" src=\"https:\/\/www.fondazionepaolocresci.it\/wp-content\/uploads\/2025\/06\/Lultima-crociera-Incontri-nel-giardino.jpg\" alt=\"L&#039;ultima crociera - Incontri nel giardino\" itemprop=\"image\" data-no-lazy=\"1\" height=\"2000\" width=\"1414\" title=\"L&#039;ultima crociera - Incontri nel giardino\" onerror=\"this.style.display='none'\" loading='lazy' \/>\n\t\t\t\t\t\t\t\t\t<h2 itemprop=\"headline\">\n\t\t\t\t\t\t\t\t\t\t\t\t\t\tPresentazione del libro di Chira Clini, &#8220;L&#8217;ultima crociera&#8221;\t\t\t\t\t\t\t\t\t\t\t<\/h2>\n    In occasione del 45\u00b0 Anniversario\u00a0 dell&#8217;affondamento dell&#8217;Arandora Star Ispirato alla storia vera di Uberto Limentani, al centro del romanzo la triste vicenda della nave da&#8230;\n\t<meta itemscope itemprop=\"mainEntityOfPage\" itemtype=\"https:\/\/schema.org\/WebPage\" itemid=\"http:\/\/34691\" content=\"S. PASQUA 2025\" \/><meta itemprop=\"datePublished\" content=\"2025-04-18\" \/><meta itemprop=\"dateModified\" content=\"2025-04-18\" \/><meta itemprop=\"name\" content=\"Fondazione Paolo Cresci\"\/><meta itemprop=\"url\" content=\"https:\/\/www.fondazionepaolocresci.it\/wp-content\/uploads\/2022\/11\/fondazione-paolo-cresci.png\"\/><meta itemprop=\"url\" content=\"https:\/\/www.fondazionepaolocresci.it\/author\/fondazione\/\" \/><meta itemprop=\"name\" content=\"fondazione\" \/><meta itemprop=\"url\" content=\"https:\/\/www.fondazionepaolocresci.it\/wp-content\/uploads\/2025\/04\/Pasqua-2025.jpg\" \/><meta itemprop=\"width\" content=\"1748\" \/><meta itemprop=\"height\" content=\"1240\" \/><meta itemprop=\"interactionType\" content=\"https:\/\/schema.org\/CommentAction\" \/><meta itemprop=\"userInteractionCount\" content=\"0\" \/>\n\t\t\t\t\t<a href=\"https:\/\/www.fondazionepaolocresci.it\/zh\/%e6%96%b0%e9%97%bb\/s-pasqua-2025\/\" title=\"S. PASQUA 2025\"><\/a>\n\t\t\t\t<img decoding=\"async\" src=\"https:\/\/www.fondazionepaolocresci.it\/wp-content\/uploads\/2025\/04\/Pasqua-2025.jpg\" alt=\"Pasqua 2025\" itemprop=\"image\" data-no-lazy=\"1\" height=\"1240\" width=\"1748\" title=\"Pasqua 2025\" onerror=\"this.style.display='none'\" loading='lazy' \/>\n\t\t\t\t\t\t\t\t\t<h2 itemprop=\"headline\">\n\t\t\t\t\t\t\t\t\t\t\t\t\t\tS. PASQUA 2025\t\t\t\t\t\t\t\t\t\t\t<\/h2>\n    BUONA PASQUA da tutti noi, con un&#8217;immagine conservata nel nostro Archivio, una miniera di ricordi, anche delle festivit\u00e0!\n\t<meta itemscope itemprop=\"mainEntityOfPage\" itemtype=\"https:\/\/schema.org\/WebPage\" itemid=\"http:\/\/34676\" content=\"Giacomo Puccini: da Lucca al mondo. Pagine di emigrazione\" \/><meta itemprop=\"datePublished\" content=\"2024-12-11\" \/><meta itemprop=\"dateModified\" content=\"2024-12-11\" \/><meta itemprop=\"name\" content=\"Fondazione Paolo Cresci\"\/><meta itemprop=\"url\" content=\"https:\/\/www.fondazionepaolocresci.it\/wp-content\/uploads\/2022\/11\/fondazione-paolo-cresci.png\"\/><meta itemprop=\"url\" content=\"https:\/\/www.fondazionepaolocresci.it\/author\/fondazione\/\" \/><meta itemprop=\"name\" content=\"fondazione\" \/><meta itemprop=\"url\" content=\"https:\/\/www.fondazionepaolocresci.it\/wp-content\/uploads\/2024\/12\/Presentazione-Libro-e-spettacolo-Puccini-2.png\" \/><meta itemprop=\"width\" content=\"1414\" \/><meta itemprop=\"height\" content=\"2000\" \/><meta itemprop=\"interactionType\" content=\"https:\/\/schema.org\/CommentAction\" \/><meta itemprop=\"userInteractionCount\" content=\"0\" \/>\n\t\t\t\t\t<a href=\"https:\/\/www.fondazionepaolocresci.it\/zh\/%e6%96%b0%e9%97%bb\/giacomo-puccini-da-lucca-al-mondo-pagine-di-emigrazione\/\" title=\"Giacomo Puccini: da Lucca al mondo. Pagine di emigrazione\"><\/a>\n\t\t\t\t<img decoding=\"async\" src=\"https:\/\/www.fondazionepaolocresci.it\/wp-content\/uploads\/2024\/12\/Presentazione-Libro-e-spettacolo-Puccini-2.png\" alt=\"Presentazione Libro e spettacolo Puccini\" itemprop=\"image\" data-no-lazy=\"1\" height=\"2000\" width=\"1414\" title=\"Presentazione Libro e spettacolo Puccini\" onerror=\"this.style.display='none'\" loading='lazy' \/>\n\t\t\t\t\t\t\t\t\t<h2 itemprop=\"headline\">\n\t\t\t\t\t\t\t\t\t\t\t\t\t\tGiacomo Puccini: da Lucca al mondo. Pagine di emigrazione\t\t\t\t\t\t\t\t\t\t\t<\/h2>\n    Nel centenario della scomparsa di Giacomo Puccini, la Fondazione Paolo Cresci ricorda come anche Giacomo Puccini abbia vissuto come &#8220;un emigrante&#8221; e come la sua&#8230;\n\t<meta itemscope itemprop=\"mainEntityOfPage\" itemtype=\"https:\/\/schema.org\/WebPage\" itemid=\"http:\/\/34663\" content=\"Per un Mar Mediterraneo di Pace, un Mare di Storie\" \/><meta itemprop=\"datePublished\" content=\"2024-11-12\" \/><meta itemprop=\"dateModified\" content=\"2024-11-12\" \/><meta itemprop=\"name\" content=\"Fondazione Paolo Cresci\"\/><meta itemprop=\"url\" content=\"https:\/\/www.fondazionepaolocresci.it\/wp-content\/uploads\/2022\/11\/fondazione-paolo-cresci.png\"\/><meta itemprop=\"url\" content=\"https:\/\/www.fondazionepaolocresci.it\/author\/fondazione\/\" \/><meta itemprop=\"name\" content=\"fondazione\" \/><meta itemprop=\"url\" content=\"https:\/\/www.fondazionepaolocresci.it\/wp-content\/uploads\/2024\/11\/IMG-20241111-WA0019.jpg\" \/><meta itemprop=\"width\" content=\"1131\" \/><meta itemprop=\"height\" content=\"1600\" \/><meta itemprop=\"interactionType\" content=\"https:\/\/schema.org\/CommentAction\" \/><meta itemprop=\"userInteractionCount\" content=\"0\" \/>\n\t\t\t\t\t<a href=\"https:\/\/www.fondazionepaolocresci.it\/zh\/%e6%96%b0%e9%97%bb\/per-un-mar-mediterraneo-di-pace-un-mare-di-storie-2\/\" title=\"\u4e3a\u4e86\u5730\u4e2d\u6d77\u7684\u548c\u5e73\uff0c\u6545\u4e8b\u7684\u6d77\u6d0b\"><\/a>\n\t\t\t\t<img decoding=\"async\" src=\"https:\/\/www.fondazionepaolocresci.it\/wp-content\/uploads\/2024\/11\/IMG-20241111-WA0019.jpg\" alt=\"IMG-20241111-WA0019\" itemprop=\"image\" data-no-lazy=\"1\" height=\"1600\" width=\"1131\" title=\"IMG-20241111-WA0019\" onerror=\"this.style.display='none'\" loading='lazy' \/>\n\t\t\t\t\t\t\t\t\t<h2 itemprop=\"headline\">\n\t\t\t\t\t\t\t\t\t\t\t\t\t\t\u4e3a\u4e86\u5730\u4e2d\u6d77\u7684\u548c\u5e73\uff0c\u6545\u4e8b\u7684\u6d77\u6d0b\t\t\t\t\t\t\t\t\t\t\t<\/h2>\n    Nell&#8217;ambito del Festival &#8220;I Musei del Sorriso&#8221;, venerd\u00ec 22 novembre ore 10.30, presso l&#8217;Antica Armeria di Palazzo Ducale a Lucca si terr\u00e0 lo spettacolo: Per&#8230;\n\t<meta itemscope itemprop=\"mainEntityOfPage\" itemtype=\"https:\/\/schema.org\/WebPage\" itemid=\"http:\/\/34655\" content=\"\ud835\udddf'\ud835\uddf2\ud835\uddff\ud835\uddf2\ud835\uddf1\ud835\uddf6\ud835\ude01\ud835\uddee\u0300 \ud835\uddf1\ud835\uddf2\ud835\uddf9\ud835\uddf9\ud835\uddf2 \ud835\uddfa\ud835\uddf6\ud835\uddf4\ud835\uddff\ud835\uddee\ud835\ude07\ud835\uddf6\ud835\uddfc\ud835\uddfb\ud835\uddf6 \ud835\uddf6\ud835\ude01\ud835\uddee\ud835\uddf9\ud835\uddf6\ud835\uddee\ud835\uddfb\ud835\uddf2. \ud835\uddd6\ud835\uddfc\ud835\uddfb\ud835\ude00\ud835\uddf2\ud835\uddff\ud835\ude03\ud835\uddee\ud835\uddff\ud835\uddf2 \ud835\uddf9\ud835\uddee \ud835\uddfa\ud835\uddf2\ud835\uddfa\ud835\uddfc\ud835\uddff\ud835\uddf6\ud835\uddee \ud835\uddf1\ud835\uddf2\ud835\uddf9\ud835\uddf9\ud835\uddee \ud835\ude00\ud835\ude01\ud835\uddfc\ud835\uddff\ud835\uddf6\ud835\uddee \ud835\uddf2 \ud835\uddf1\ud835\uddf2\ud835\uddf9 \ud835\uddfd\ud835\uddff\ud835\uddf2\ud835\ude00\ud835\uddf2\ud835\uddfb\ud835\ude01\ud835\uddf2\" \/><meta itemprop=\"datePublished\" content=\"2024-10-08\" \/><meta itemprop=\"dateModified\" content=\"2024-10-08\" \/><meta itemprop=\"name\" content=\"Fondazione Paolo Cresci\"\/><meta itemprop=\"url\" content=\"https:\/\/www.fondazionepaolocresci.it\/wp-content\/uploads\/2022\/11\/fondazione-paolo-cresci.png\"\/><meta itemprop=\"url\" content=\"https:\/\/www.fondazionepaolocresci.it\/author\/fondazione\/\" \/><meta itemprop=\"name\" content=\"fondazione\" \/><meta itemprop=\"url\" content=\"https:\/\/www.fondazionepaolocresci.it\/wp-content\/uploads\/2024\/10\/leredita-delle-migrazioni-italiane-2-scaled.jpg\" \/><meta itemprop=\"width\" content=\"1811\" \/><meta itemprop=\"height\" content=\"2560\" \/><meta itemprop=\"interactionType\" content=\"https:\/\/schema.org\/CommentAction\" \/><meta itemprop=\"userInteractionCount\" content=\"0\" \/>\n\t\t\t\t\t<a href=\"https:\/\/www.fondazionepaolocresci.it\/zh\/%e6%96%b0%e9%97%bb\/%f0%9d%97%9f%f0%9d%97%b2%f0%9d%97%bf%f0%9d%97%b2%f0%9d%97%b1%f0%9d%97%b6%f0%9d%98%81%f0%9d%97%ae-%f0%9d%97%b1%f0%9d%97%b2%f0%9d%97%b9%f0%9d%97%b9%f0%9d%97%b2-%f0%9d%97%ba%f0%9d%97%b6\/\" title=\"\ud835\udddf'\ud835\uddf2\ud835\uddff\ud835\uddf2\ud835\uddf1\ud835\uddf6\ud835\ude01\ud835\uddee\u0300 \ud835\uddf1\ud835\uddf2\ud835\uddf9\ud835\uddf9\ud835\uddf2 \ud835\uddfa\ud835\uddf6\ud835\uddf4\ud835\uddff\ud835\uddee\ud835\ude07\ud835\uddf6\ud835\uddfc\ud835\uddfb\ud835\uddf6 \ud835\uddf6\ud835\ude01\ud835\uddee\ud835\uddf9\ud835\uddf6\ud835\uddee\ud835\uddfb\ud835\uddf2. \ud835\uddd6\ud835\uddfc\ud835\uddfb\ud835\ude00\ud835\uddf2\ud835\uddff\ud835\ude03\ud835\uddee\ud835\uddff\ud835\uddf2 \ud835\uddf9\ud835\uddee \ud835\uddfa\ud835\uddf2\ud835\uddfa\ud835\uddfc\ud835\uddff\ud835\uddf6\ud835\uddee \ud835\uddf1\ud835\uddf2\ud835\uddf9\ud835\uddf9\ud835\uddee \ud835\ude00\ud835\ude01\ud835\uddfc\ud835\uddff\ud835\uddf6\ud835\uddee \ud835\uddf2 \ud835\uddf1\ud835\uddf2\ud835\uddf9 \ud835\uddfd\ud835\uddff\ud835\uddf2\ud835\ude00\ud835\uddf2\ud835\uddfb\ud835\ude01\ud835\uddf2\"><\/a>\n\t\t\t\t<img decoding=\"async\" src=\"https:\/\/www.fondazionepaolocresci.it\/wp-content\/uploads\/2024\/10\/leredita-delle-migrazioni-italiane-2-scaled.jpg\" alt=\"\u610f\u5927\u5229\u79fb\u6c11\u7684\u9057\u4ea7 2\" itemprop=\"image\" data-no-lazy=\"1\" height=\"2560\" width=\"1811\" title=\"\u610f\u5927\u5229\u79fb\u6c11\u7684\u9057\u4ea7 2\" onerror=\"this.style.display='none'\" loading='lazy' \/>\n\t\t\t\t\t\t\t\t\t<h2 itemprop=\"headline\">\n\t\t\t\t\t\t\t\t\t\t\t\t\t\t\ud835\udddf&#8217;\ud835\uddf2\ud835\uddff\ud835\uddf2\ud835\uddf1\ud835\uddf6\ud835\ude01\ud835\uddee\u0300 \ud835\uddf1\ud835\uddf2\ud835\uddf9\ud835\uddf9\ud835\uddf2 \ud835\uddfa\ud835\uddf6\ud835\uddf4\ud835\uddff\ud835\uddee\ud835\ude07\ud835\uddf6\ud835\uddfc\ud835\uddfb\ud835\uddf6 \ud835\uddf6\ud835\ude01\ud835\uddee\ud835\uddf9\ud835\uddf6\ud835\uddee\ud835\uddfb\ud835\uddf2. \ud835\uddd6\ud835\uddfc\ud835\uddfb\ud835\ude00\ud835\uddf2\ud835\uddff\ud835\ude03\ud835\uddee\ud835\uddff\ud835\uddf2 \ud835\uddf9\ud835\uddee \ud835\uddfa\ud835\uddf2\ud835\uddfa\ud835\uddfc\ud835\uddff\ud835\uddf6\ud835\uddee \ud835\uddf1\ud835\uddf2\ud835\uddf9\ud835\uddf9\ud835\uddee \ud835\ude00\ud835\ude01\ud835\uddfc\ud835\uddff\ud835\uddf6\ud835\uddee \ud835\uddf2 \ud835\uddf1\ud835\uddf2\ud835\uddf9 \ud835\uddfd\ud835\uddff\ud835\uddf2\ud835\ude00\ud835\uddf2\ud835\uddfb\ud835\ude01\ud835\uddf2\t\t\t\t\t\t\t\t\t\t\t<\/h2>\n    Organizzato \ud835\uddf6\ud835\uddfb \ud835\uddf0\ud835\uddfc\ud835\uddf9\ud835\uddf9\ud835\uddee\ud835\uddef\ud835\uddfc\ud835\uddff\ud835\uddee\ud835\ude07\ud835\uddf6\ud835\uddfc\ud835\uddfb\ud835\uddf2 \ud835\uddf0\ud835\uddfc\ud835\uddfb \ud835\uddd6\ud835\uddf2\ud835\uddfb\ud835\ude01\ud835\uddff\ud835\uddfc \ud835\uddd4\ud835\uddf9\ud835\ude01\ud835\uddff\ud835\uddf2\ud835\uddf6\ud835\ude01\ud835\uddee\ud835\uddf9\ud835\uddf6\ud835\uddf2 \ud835\ude00\ud835\ude02\ud835\uddf9\ud835\uddf9\ud835\uddf2 \ud835\udde0\ud835\uddf6\ud835\uddf4\ud835\uddff\ud835\uddee\ud835\ude07\ud835\uddf6\ud835\uddfc\ud835\uddfb\ud835\uddf6 \ud835\udddc\ud835\ude01\ud835\uddee\ud835\uddf9\ud835\uddf6\ud835\uddee\ud835\uddfb\ud835\uddf2, istituito nell&#8217;autunno 2005 presso la Fondazione Giovanni Agnelli a Torino, sar\u00e0 il primo convegno sul tema&#8230;\n\t<meta itemscope itemprop=\"mainEntityOfPage\" itemtype=\"https:\/\/schema.org\/WebPage\" itemid=\"http:\/\/34650\" content=\"Lucca Notte Bianca 2024 \ud83c\udf19\" \/><meta itemprop=\"datePublished\" content=\"2024-08-28\" \/><meta itemprop=\"dateModified\" content=\"2024-08-28\" \/><meta itemprop=\"name\" content=\"Fondazione Paolo Cresci\"\/><meta itemprop=\"url\" content=\"https:\/\/www.fondazionepaolocresci.it\/wp-content\/uploads\/2022\/11\/fondazione-paolo-cresci.png\"\/><meta itemprop=\"url\" content=\"https:\/\/www.fondazionepaolocresci.it\/author\/fondazione\/\" \/><meta itemprop=\"name\" content=\"fondazione\" \/><meta itemprop=\"url\" content=\"https:\/\/www.fondazionepaolocresci.it\/wp-content\/uploads\/2024\/08\/Notte-Bianca-Programma.jpg\" \/><meta itemprop=\"width\" content=\"1587\" \/><meta itemprop=\"height\" content=\"2245\" \/><meta itemprop=\"interactionType\" content=\"https:\/\/schema.org\/CommentAction\" \/><meta itemprop=\"userInteractionCount\" content=\"0\" \/>\n\t\t\t\t\t<a href=\"https:\/\/www.fondazionepaolocresci.it\/zh\/%e6%96%b0%e9%97%bb\/lucca-notte-bianca-2024-%f0%9f%8c%99\/\" title=\"\u5362\u5361\u767d\u591c 2024 \ud83c\udf19\"><\/a>\n\t\t\t\t<img decoding=\"async\" src=\"https:\/\/www.fondazionepaolocresci.it\/wp-content\/uploads\/2024\/08\/Notte-Bianca-Programma.jpg\" alt=\"\u767d\u591c\u8ba1\u5212\" itemprop=\"image\" data-no-lazy=\"1\" height=\"2245\" width=\"1587\" title=\"\u767d\u591c\u8ba1\u5212\" onerror=\"this.style.display='none'\" loading='lazy' \/>\n\t\t\t\t\t\t\t\t\t<h2 itemprop=\"headline\">\n\t\t\t\t\t\t\t\t\t\t\t\t\t\t\u5362\u5361\u767d\u591c 2024 \ud83c\udf19\t\t\t\t\t\t\t\t\t\t\t<\/h2>\n    Tra gli aventi, Mostra \u00a0OMAGGIO DELLA GARFAGNANA AD ASTOR PIAZZOLLA nel Cortile degli Svizzeri dalle ore 19,45. Inoltre dalle ore 21,00 alle ore 23,00 il\u00a0MUSEO&#8230;\n\t\t<!-- .pp-content-posts -->\n\t\t\t\t\t\t<h2>\u6ce8\u518c\u8ba2\u9605\u6211\u4eec\u7684\u65b0\u95fb\u7b80\u62a5<\/h2>\t\t\t\t\t\n\t\t\t<p>\u60a8\u5c06\u5728\u60a8\u7684\u7535\u5b50\u90ae\u4ef6\u4e2d\u6536\u5230\u6211\u4eec\u6d3b\u52a8\u7684\u6700\u65b0\u4fe1\u606f<br \/>\u00a0<\/p>\t\t\n\t\t\t\t<a href=\"https:\/\/443218b4.sibforms.com\/serve\/MUIEAEFaelco-Bb8_yzyQNLT5qjTY5MF-7wglQZClWpHG4mVJhy96aESqJtf9scyqJBW8LO6Ioo6DrNYYI47G5X5eSCK9JI2AQd78xmKPaytlfx_SH2gt1J8LlWwq1Q5kpcJ6MNVgv1AJJjWzqxV9FhFi47ZohrelE3KJ2LynVTE_SxKSuDpqrpmcrkONHnd-7-ItdoL4Wda3hTH\" role=\"button\" target=\"_blank\">\n\t\t\t\t\t\t\t\t\t\t\u62a5\u540d\u5427!\n\t\t\t\t\t\t\t\t\t<\/a>","protected":false},"excerpt":{"rendered":"<p>Al mercato Emigranti vendono i frutti del proprio lavoro al mercato ortofrutticolo, oggi come allora. La badante Un lavoro antico e spesso lasciato alle donne provenienti da altri Paesi. Notevole la differenza espressiva tra ieri e oggi. Il lavoro lontano da casa Quante differenze e quante somiglianze, a distanza di cinquant\u02c8anni l\u02c8una dall\u02c8altra: gli emigranti [&hellip;]<\/p>\n","protected":false},"author":1,"featured_media":0,"parent":0,"menu_order":0,"comment_status":"closed","ping_status":"open","template":"","meta":{"_acf_changed":false,"_relevanssi_hide_post":"","_relevanssi_hide_content":"","_relevanssi_pin_for_all":"","_relevanssi_pin_keywords":"","_relevanssi_unpin_keywords":"","_relevanssi_related_keywords":"","_relevanssi_related_include_ids":"","_relevanssi_related_exclude_ids":"","_relevanssi_related_no_append":"","_relevanssi_related_not_related":"","_relevanssi_related_posts":"","_relevanssi_noindex_reason":"","site-sidebar-layout":"default","site-content-layout":"","ast-site-content-layout":"default","site-content-style":"default","site-sidebar-style":"default","ast-global-header-display":"","ast-banner-title-visibility":"","ast-main-header-display":"","ast-hfb-above-header-display":"","ast-hfb-below-header-display":"","ast-hfb-mobile-header-display":"","site-post-title":"","ast-breadcrumbs-content":"","ast-featured-img":"","footer-sml-layout":"","ast-disable-related-posts":"","theme-transparent-header-meta":"","adv-header-id-meta":"","stick-header-meta":"","header-above-stick-meta":"","header-main-stick-meta":"","header-below-stick-meta":"","astra-migrate-meta-layouts":"set","ast-page-background-enabled":"default","ast-page-background-meta":{"desktop":{"background-color":"var(--ast-global-color-4)","background-image":"","background-repeat":"repeat","background-position":"center center","background-size":"auto","background-attachment":"scroll","background-type":"","background-media":"","overlay-type":"","overlay-color":"","overlay-opacity":"","overlay-gradient":""},"tablet":{"background-color":"","background-image":"","background-repeat":"repeat","background-position":"center center","background-size":"auto","background-attachment":"scroll","background-type":"","background-media":"","overlay-type":"","overlay-color":"","overlay-opacity":"","overlay-gradient":""},"mobile":{"background-color":"","background-image":"","background-repeat":"repeat","background-position":"center center","background-size":"auto","background-attachment":"scroll","background-type":"","background-media":"","overlay-type":"","overlay-color":"","overlay-opacity":"","overlay-gradient":""}},"ast-content-background-meta":{"desktop":{"background-color":"var(--ast-global-color-5)","background-image":"","background-repeat":"repeat","background-position":"center center","background-size":"auto","background-attachment":"scroll","background-type":"","background-media":"","overlay-type":"","overlay-color":"","overlay-opacity":"","overlay-gradient":""},"tablet":{"background-color":"var(--ast-global-color-5)","background-image":"","background-repeat":"repeat","background-position":"center center","background-size":"auto","background-attachment":"scroll","background-type":"","background-media":"","overlay-type":"","overlay-color":"","overlay-opacity":"","overlay-gradient":""},"mobile":{"background-color":"var(--ast-global-color-5)","background-image":"","background-repeat":"repeat","background-position":"center center","background-size":"auto","background-attachment":"scroll","background-type":"","background-media":"","overlay-type":"","overlay-color":"","overlay-opacity":"","overlay-gradient":""}},"footnotes":""},"class_list":["post-2","page","type-page","status-publish","hentry"],"acf":[],"_links":{"self":[{"href":"https:\/\/www.fondazionepaolocresci.it\/zh\/wp-json\/wp\/v2\/pages\/2","targetHints":{"allow":["GET"]}}],"collection":[{"href":"https:\/\/www.fondazionepaolocresci.it\/zh\/wp-json\/wp\/v2\/pages"}],"about":[{"href":"https:\/\/www.fondazionepaolocresci.it\/zh\/wp-json\/wp\/v2\/types\/page"}],"author":[{"embeddable":true,"href":"https:\/\/www.fondazionepaolocresci.it\/zh\/wp-json\/wp\/v2\/users\/1"}],"replies":[{"embeddable":true,"href":"https:\/\/www.fondazionepaolocresci.it\/zh\/wp-json\/wp\/v2\/comments?post=2"}],"version-history":[{"count":6,"href":"https:\/\/www.fondazionepaolocresci.it\/zh\/wp-json\/wp\/v2\/pages\/2\/revisions"}],"predecessor-version":[{"id":34724,"href":"https:\/\/www.fondazionepaolocresci.it\/zh\/wp-json\/wp\/v2\/pages\/2\/revisions\/34724"}],"wp:attachment":[{"href":"https:\/\/www.fondazionepaolocresci.it\/zh\/wp-json\/wp\/v2\/media?parent=2"}],"curies":[{"name":"wp","href":"https:\/\/api.w.org\/{rel}","templated":true}]}}