{"id":2,"date":"2022-11-14T17:16:24","date_gmt":"2022-11-14T16:16:24","guid":{"rendered":"https:\/\/fpc.ms-dev.it\/?page_id=2"},"modified":"2026-04-15T13:22:36","modified_gmt":"2026-04-15T11:22:36","slug":"pagina-de-start","status":"publish","type":"page","link":"https:\/\/www.fondazionepaolocresci.it\/ro\/","title":{"rendered":"Pagina de start"},"content":{"rendered":"<img decoding=\"async\" loading='false' src=\"https:\/\/www.fondazionepaolocresci.it\/wp-content\/uploads\/2022\/11\/Header_5.jpg\" alt=\"\" \/>\t\t\t\n\t\t\t\t<h3>La pia\u021b\u0103<\/h3><p>Emigran\u021bii \u00ee\u0219i v\u00e2nd roadele muncii lor la pia\u021ba de fructe \u0219i legume, ast\u0103zi ca \u0219i atunci.<\/p>\n\t\t\t<img decoding=\"async\" loading='false' src=\"https:\/\/www.fondazionepaolocresci.it\/wp-content\/uploads\/2022\/11\/Header_7.jpg\" alt=\"\" \/>\t\t\t\n\t\t\t\t<h3>\u00cengrijitorul<\/h3><p>O lucrare str\u0103veche l\u0103sat\u0103 adesea \u00een seama femeilor din alte \u021b\u0103ri. Diferen\u021ba expresiv\u0103 dintre ieri \u0219i azi este remarcabil\u0103.<\/p>\n\t\t\t<img decoding=\"async\" loading='false' src=\"https:\/\/www.fondazionepaolocresci.it\/wp-content\/uploads\/2022\/11\/Header_2.jpg\" alt=\"\" \/>\t\t\t\n\t\t\t\t<h3>Lucrul departe de cas\u0103<\/h3><p>At\u00e2t de multe diferen\u021be \u0219i asem\u0103n\u0103ri, la o distan\u021b\u0103 de cincizeci de ani: emigran\u021bii accept\u0103 chiar \u0219i cele mai umile slujbe.<\/p>\n\t\t\t<img decoding=\"async\" loading='false' src=\"https:\/\/www.fondazionepaolocresci.it\/wp-content\/uploads\/2022\/11\/header_1.jpg\" alt=\"\" \/>\t\t\t\n\t\t\t\t<h3>Emigran\u021bii: ieri \u0219i azi<\/h3><p>Plecarea \u00een America \u0219i sosirea pe \u021b\u0103rmurile italiene: locurile \u0219i protagoni\u0219tii se schimb\u0103, dar istoria se repet\u0103.<\/p>\n\t\t\t<img decoding=\"async\" loading='false' src=\"https:\/\/www.fondazionepaolocresci.it\/wp-content\/uploads\/2022\/11\/Header_3.jpg\" alt=\"\" \/>\t\t\t\n\t\t\t\t<h3>Munca \u00een fabric\u0103<\/h3><p>\u00cen baterie, \u00een spatele ma\u0219inilor de cusut, ast\u0103zi ca \u0219i atunci.<\/p>\n<h2>\n\t\t\tJean Michel Folon\t<\/h2>\n\t\t\t\t<img decoding=\"async\" src=\"https:\/\/www.fondazionepaolocresci.it\/wp-content\/uploads\/2022\/11\/valigia-folon.png\" alt=\"valiz\u0103-folon\" itemprop=\"image\" height=\"191\" width=\"234\" title=\"valiz\u0103-folon\" onerror=\"this.style.display='none'\" loading='lazy' \/>\n\t<p><strong>\"Visez la o valiz\u0103, o valiz\u0103 imaginar\u0103 care este de fapt o fereastr\u0103 ale c\u0103rei gratii au fost t\u0103iate pentru a permite fuga... pentru c\u0103 a emigra \u00eenseamn\u0103 s\u0103 te eliberezi \u0219i s\u0103 fugi \u00een c\u0103utarea unei lumi mai bune, mai fericite... Dac\u0103 \u00een plus \u00een logo a\u0219 transmite \u0219i pu\u021bin\u0103 poezie a\u0219 fi foarte fericit...\"<\/strong><\/p>\nFunda\u021bia Paolo Cresci colec\u021bioneaz\u0103 documente importante \u0219i variate despre emigran\u021bii italieni.<br \/>\nNavig\u00e2nd pe site-ul nostru, pute\u021bi face o c\u0103l\u0103torie \u00een timp la bordul unor cor\u0103bii de emigran\u021bi care au plecat spre locuri \u00eendep\u0103rtate, pute\u021bi tr\u0103i aventurile lor \u00een noile lor \u021b\u0103ri de origine \u0219i pute\u021bi \u00eemp\u0103rt\u0103\u0219i nostalgia lor sf\u00e2\u0219ietoare pentru locul \u00een care s-au n\u0103scut.\n<h2>\n\t\t\tARANDORA STAR. La tragedia dimenticata\t<\/h2>\n\t\t<meta itemprop=\"url\" content=\"https:\/\/www.fondazionepaolocresci.it\/wp-content\/uploads\/2025\/06\/arandora-star.mp4\" \/><div style=\"width: 640px;\" class=\"wp-video\"><video class=\"wp-video-shortcode\" id=\"video-2-1\" width=\"640\" height=\"360\" poster=\"https:\/\/www.fondazionepaolocresci.it\/wp-content\/uploads\/2025\/06\/Arandora-star-opt-00-12-52-110.jpg\" preload=\"none\" controls=\"controls\"><source type=\"video\/mp4\" src=\"https:\/\/www.fondazionepaolocresci.it\/wp-content\/uploads\/2025\/06\/arandora-star.mp4?_=1\" \/><source type=\"video\/mp4\" src=\"https:\/\/www.fondazionepaolocresci.it\/wp-content\/uploads\/2025\/06\/arandora-star.mp4?_=1\" \/><a href=\"https:\/\/www.fondazionepaolocresci.it\/wp-content\/uploads\/2025\/06\/arandora-star.mp4\">https:\/\/www.fondazionepaolocresci.it\/wp-content\/uploads\/2025\/06\/arandora-star.mp4<\/a><\/video><\/div>\t\n<h2>\n\t\t\t\u0218tiri recomandate\t<\/h2>\n\t<meta itemscope itemprop=\"mainEntityOfPage\" itemtype=\"https:\/\/schema.org\/WebPage\" itemid=\"http:\/\/34719\" content=\"Presentazione del libro di Chira Clini, &#8220;L'ultima crociera&#8221;\" \/><meta itemprop=\"datePublished\" content=\"2025-06-27\" \/><meta itemprop=\"dateModified\" content=\"2025-06-27\" \/><meta itemprop=\"name\" content=\"Fondazione Paolo Cresci\"\/><meta itemprop=\"url\" content=\"https:\/\/www.fondazionepaolocresci.it\/wp-content\/uploads\/2022\/11\/fondazione-paolo-cresci.png\"\/><meta itemprop=\"url\" content=\"https:\/\/www.fondazionepaolocresci.it\/author\/fondazione\/\" \/><meta itemprop=\"name\" content=\"fondazione\" \/><meta itemprop=\"url\" content=\"https:\/\/www.fondazionepaolocresci.it\/wp-content\/uploads\/2025\/06\/Lultima-crociera-Incontri-nel-giardino.jpg\" \/><meta itemprop=\"width\" content=\"1414\" \/><meta itemprop=\"height\" content=\"2000\" \/><meta itemprop=\"interactionType\" content=\"https:\/\/schema.org\/CommentAction\" \/><meta itemprop=\"userInteractionCount\" content=\"0\" \/>\n\t\t\t\t\t<a href=\"https:\/\/www.fondazionepaolocresci.it\/ro\/stiri\/presentazione-del-libro-di-chira-clini-lultima-crociera\/\" title=\"Presentazione del libro di Chira Clini, &#8220;L'ultima crociera&#8221;\"><\/a>\n\t\t\t\t<img decoding=\"async\" src=\"https:\/\/www.fondazionepaolocresci.it\/wp-content\/uploads\/2025\/06\/Lultima-crociera-Incontri-nel-giardino.jpg\" alt=\"L&#039;ultima crociera - Incontri nel giardino\" itemprop=\"image\" data-no-lazy=\"1\" height=\"2000\" width=\"1414\" title=\"L&#039;ultima crociera - Incontri nel giardino\" onerror=\"this.style.display='none'\" loading='lazy' \/>\n\t\t\t\t\t\t\t\t\t<h2 itemprop=\"headline\">\n\t\t\t\t\t\t\t\t\t\t\t\t\t\tPresentazione del libro di Chira Clini, &#8220;L&#8217;ultima crociera&#8221;\t\t\t\t\t\t\t\t\t\t\t<\/h2>\n    In occasione del 45\u00b0 Anniversario\u00a0 dell&#8217;affondamento dell&#8217;Arandora Star Ispirato alla storia vera di Uberto Limentani, al centro del romanzo la triste vicenda della nave da&#8230;\n\t<meta itemscope itemprop=\"mainEntityOfPage\" itemtype=\"https:\/\/schema.org\/WebPage\" itemid=\"http:\/\/34691\" content=\"S. PASQUA 2025\" \/><meta itemprop=\"datePublished\" content=\"2025-04-18\" \/><meta itemprop=\"dateModified\" content=\"2025-04-18\" \/><meta itemprop=\"name\" content=\"Fondazione Paolo Cresci\"\/><meta itemprop=\"url\" content=\"https:\/\/www.fondazionepaolocresci.it\/wp-content\/uploads\/2022\/11\/fondazione-paolo-cresci.png\"\/><meta itemprop=\"url\" content=\"https:\/\/www.fondazionepaolocresci.it\/author\/fondazione\/\" \/><meta itemprop=\"name\" content=\"fondazione\" \/><meta itemprop=\"url\" content=\"https:\/\/www.fondazionepaolocresci.it\/wp-content\/uploads\/2025\/04\/Pasqua-2025.jpg\" \/><meta itemprop=\"width\" content=\"1748\" \/><meta itemprop=\"height\" content=\"1240\" \/><meta itemprop=\"interactionType\" content=\"https:\/\/schema.org\/CommentAction\" \/><meta itemprop=\"userInteractionCount\" content=\"0\" \/>\n\t\t\t\t\t<a href=\"https:\/\/www.fondazionepaolocresci.it\/ro\/stiri\/s-pasqua-2025\/\" title=\"S. PASQUA 2025\"><\/a>\n\t\t\t\t<img decoding=\"async\" src=\"https:\/\/www.fondazionepaolocresci.it\/wp-content\/uploads\/2025\/04\/Pasqua-2025.jpg\" alt=\"Pasqua 2025\" itemprop=\"image\" data-no-lazy=\"1\" height=\"1240\" width=\"1748\" title=\"Pasqua 2025\" onerror=\"this.style.display='none'\" loading='lazy' \/>\n\t\t\t\t\t\t\t\t\t<h2 itemprop=\"headline\">\n\t\t\t\t\t\t\t\t\t\t\t\t\t\tS. PASQUA 2025\t\t\t\t\t\t\t\t\t\t\t<\/h2>\n    BUONA PASQUA da tutti noi, con un&#8217;immagine conservata nel nostro Archivio, una miniera di ricordi, anche delle festivit\u00e0!\n\t<meta itemscope itemprop=\"mainEntityOfPage\" itemtype=\"https:\/\/schema.org\/WebPage\" itemid=\"http:\/\/34676\" content=\"Giacomo Puccini: da Lucca al mondo. Pagine di emigrazione\" \/><meta itemprop=\"datePublished\" content=\"2024-12-11\" \/><meta itemprop=\"dateModified\" content=\"2024-12-11\" \/><meta itemprop=\"name\" content=\"Fondazione Paolo Cresci\"\/><meta itemprop=\"url\" content=\"https:\/\/www.fondazionepaolocresci.it\/wp-content\/uploads\/2022\/11\/fondazione-paolo-cresci.png\"\/><meta itemprop=\"url\" content=\"https:\/\/www.fondazionepaolocresci.it\/author\/fondazione\/\" \/><meta itemprop=\"name\" content=\"fondazione\" \/><meta itemprop=\"url\" content=\"https:\/\/www.fondazionepaolocresci.it\/wp-content\/uploads\/2024\/12\/Presentazione-Libro-e-spettacolo-Puccini-2.png\" \/><meta itemprop=\"width\" content=\"1414\" \/><meta itemprop=\"height\" content=\"2000\" \/><meta itemprop=\"interactionType\" content=\"https:\/\/schema.org\/CommentAction\" \/><meta itemprop=\"userInteractionCount\" content=\"0\" \/>\n\t\t\t\t\t<a href=\"https:\/\/www.fondazionepaolocresci.it\/ro\/stiri\/giacomo-puccini-da-lucca-al-mondo-pagine-di-emigrazione\/\" title=\"Giacomo Puccini: da Lucca al mondo. Pagine di emigrazione\"><\/a>\n\t\t\t\t<img decoding=\"async\" src=\"https:\/\/www.fondazionepaolocresci.it\/wp-content\/uploads\/2024\/12\/Presentazione-Libro-e-spettacolo-Puccini-2.png\" alt=\"Presentazione Libro e spettacolo Puccini\" itemprop=\"image\" data-no-lazy=\"1\" height=\"2000\" width=\"1414\" title=\"Presentazione Libro e spettacolo Puccini\" onerror=\"this.style.display='none'\" loading='lazy' \/>\n\t\t\t\t\t\t\t\t\t<h2 itemprop=\"headline\">\n\t\t\t\t\t\t\t\t\t\t\t\t\t\tGiacomo Puccini: da Lucca al mondo. Pagine di emigrazione\t\t\t\t\t\t\t\t\t\t\t<\/h2>\n    Nel centenario della scomparsa di Giacomo Puccini, la Fondazione Paolo Cresci ricorda come anche Giacomo Puccini abbia vissuto come &#8220;un emigrante&#8221; e come la sua&#8230;\n\t<meta itemscope itemprop=\"mainEntityOfPage\" itemtype=\"https:\/\/schema.org\/WebPage\" itemid=\"http:\/\/34663\" content=\"Per un Mar Mediterraneo di Pace, un Mare di Storie\" \/><meta itemprop=\"datePublished\" content=\"2024-11-12\" \/><meta itemprop=\"dateModified\" content=\"2024-11-12\" \/><meta itemprop=\"name\" content=\"Fondazione Paolo Cresci\"\/><meta itemprop=\"url\" content=\"https:\/\/www.fondazionepaolocresci.it\/wp-content\/uploads\/2022\/11\/fondazione-paolo-cresci.png\"\/><meta itemprop=\"url\" content=\"https:\/\/www.fondazionepaolocresci.it\/author\/fondazione\/\" \/><meta itemprop=\"name\" content=\"fondazione\" \/><meta itemprop=\"url\" content=\"https:\/\/www.fondazionepaolocresci.it\/wp-content\/uploads\/2024\/11\/IMG-20241111-WA0019.jpg\" \/><meta itemprop=\"width\" content=\"1131\" \/><meta itemprop=\"height\" content=\"1600\" \/><meta itemprop=\"interactionType\" content=\"https:\/\/schema.org\/CommentAction\" \/><meta itemprop=\"userInteractionCount\" content=\"0\" \/>\n\t\t\t\t\t<a href=\"https:\/\/www.fondazionepaolocresci.it\/ro\/stiri\/per-un-mar-mediterraneo-di-pace-un-mare-di-storie-2\/\" title=\"Pentru o Mediteran\u0103 a p\u0103cii, o mare de pove\u0219ti\"><\/a>\n\t\t\t\t<img decoding=\"async\" src=\"https:\/\/www.fondazionepaolocresci.it\/wp-content\/uploads\/2024\/11\/IMG-20241111-WA0019.jpg\" alt=\"IMG-20241111-WA0019\" itemprop=\"image\" data-no-lazy=\"1\" height=\"1600\" width=\"1131\" title=\"IMG-20241111-WA0019\" onerror=\"this.style.display='none'\" loading='lazy' \/>\n\t\t\t\t\t\t\t\t\t<h2 itemprop=\"headline\">\n\t\t\t\t\t\t\t\t\t\t\t\t\t\tPentru o Mediteran\u0103 a p\u0103cii, o mare de pove\u0219ti\t\t\t\t\t\t\t\t\t\t\t<\/h2>\n    Nell&#8217;ambito del Festival &#8220;I Musei del Sorriso&#8221;, venerd\u00ec 22 novembre ore 10.30, presso l&#8217;Antica Armeria di Palazzo Ducale a Lucca si terr\u00e0 lo spettacolo: Per&#8230;\n\t<meta itemscope itemprop=\"mainEntityOfPage\" itemtype=\"https:\/\/schema.org\/WebPage\" itemid=\"http:\/\/34655\" content=\"\ud835\udddf'\ud835\uddf2\ud835\uddff\ud835\uddf2\ud835\uddf1\ud835\uddf6\ud835\ude01\ud835\uddee\u0300 \ud835\uddf1\ud835\uddf2\ud835\uddf9\ud835\uddf9\ud835\uddf2 \ud835\uddfa\ud835\uddf6\ud835\uddf4\ud835\uddff\ud835\uddee\ud835\ude07\ud835\uddf6\ud835\uddfc\ud835\uddfb\ud835\uddf6 \ud835\uddf6\ud835\ude01\ud835\uddee\ud835\uddf9\ud835\uddf6\ud835\uddee\ud835\uddfb\ud835\uddf2. \ud835\uddd6\ud835\uddfc\ud835\uddfb\ud835\ude00\ud835\uddf2\ud835\uddff\ud835\ude03\ud835\uddee\ud835\uddff\ud835\uddf2 \ud835\uddf9\ud835\uddee \ud835\uddfa\ud835\uddf2\ud835\uddfa\ud835\uddfc\ud835\uddff\ud835\uddf6\ud835\uddee \ud835\uddf1\ud835\uddf2\ud835\uddf9\ud835\uddf9\ud835\uddee \ud835\ude00\ud835\ude01\ud835\uddfc\ud835\uddff\ud835\uddf6\ud835\uddee \ud835\uddf2 \ud835\uddf1\ud835\uddf2\ud835\uddf9 \ud835\uddfd\ud835\uddff\ud835\uddf2\ud835\ude00\ud835\uddf2\ud835\uddfb\ud835\ude01\ud835\uddf2\" \/><meta itemprop=\"datePublished\" content=\"2024-10-08\" \/><meta itemprop=\"dateModified\" content=\"2024-10-08\" \/><meta itemprop=\"name\" content=\"Fondazione Paolo Cresci\"\/><meta itemprop=\"url\" content=\"https:\/\/www.fondazionepaolocresci.it\/wp-content\/uploads\/2022\/11\/fondazione-paolo-cresci.png\"\/><meta itemprop=\"url\" content=\"https:\/\/www.fondazionepaolocresci.it\/author\/fondazione\/\" \/><meta itemprop=\"name\" content=\"fondazione\" \/><meta itemprop=\"url\" content=\"https:\/\/www.fondazionepaolocresci.it\/wp-content\/uploads\/2024\/10\/leredita-delle-migrazioni-italiane-2-scaled.jpg\" \/><meta itemprop=\"width\" content=\"1811\" \/><meta itemprop=\"height\" content=\"2560\" \/><meta itemprop=\"interactionType\" content=\"https:\/\/schema.org\/CommentAction\" \/><meta itemprop=\"userInteractionCount\" content=\"0\" \/>\n\t\t\t\t\t<a href=\"https:\/\/www.fondazionepaolocresci.it\/ro\/stiri\/%f0%9d%97%9f%f0%9d%97%b2%f0%9d%97%bf%f0%9d%97%b2%f0%9d%97%b1%f0%9d%97%b6%f0%9d%98%81%f0%9d%97%ae-%f0%9d%97%b1%f0%9d%97%b2%f0%9d%97%b9%f0%9d%97%b9%f0%9d%97%b2-%f0%9d%97%ba%f0%9d%97%b6\/\" title=\"\ud835\udddf'\ud835\uddf2\ud835\uddff\ud835\uddf2\ud835\uddf1\ud835\uddf6\ud835\ude01\ud835\uddee\u0300 \ud835\uddf1\ud835\uddf2\ud835\uddf9\ud835\uddf9\ud835\uddf2 \ud835\uddfa\ud835\uddf6\ud835\uddf4\ud835\uddff\ud835\uddee\ud835\ude07\ud835\uddf6\ud835\uddfc\ud835\uddfb\ud835\uddf6 \ud835\uddf6\ud835\ude01\ud835\uddee\ud835\uddf9\ud835\uddf6\ud835\uddee\ud835\uddfb\ud835\uddf2. \ud835\uddd6\ud835\uddfc\ud835\uddfb\ud835\ude00\ud835\uddf2\ud835\uddff\ud835\ude03\ud835\uddee\ud835\uddff\ud835\uddf2 \ud835\uddf9\ud835\uddee \ud835\uddfa\ud835\uddf2\ud835\uddfa\ud835\uddfc\ud835\uddff\ud835\uddf6\ud835\uddee \ud835\uddf1\ud835\uddf2\ud835\uddf9\ud835\uddf9\ud835\uddee \ud835\ude00\ud835\ude01\ud835\uddfc\ud835\uddff\ud835\uddf6\ud835\uddee \ud835\uddf2 \ud835\uddf1\ud835\uddf2\ud835\uddf9 \ud835\uddfd\ud835\uddff\ud835\uddf2\ud835\ude00\ud835\uddf2\ud835\uddfb\ud835\ude01\ud835\uddf2\"><\/a>\n\t\t\t\t<img decoding=\"async\" src=\"https:\/\/www.fondazionepaolocresci.it\/wp-content\/uploads\/2024\/10\/leredita-delle-migrazioni-italiane-2-scaled.jpg\" alt=\"mo\u0219tenirea migra\u021biei italiene 2\" itemprop=\"image\" data-no-lazy=\"1\" height=\"2560\" width=\"1811\" title=\"mo\u0219tenirea migra\u021biei italiene 2\" onerror=\"this.style.display='none'\" loading='lazy' \/>\n\t\t\t\t\t\t\t\t\t<h2 itemprop=\"headline\">\n\t\t\t\t\t\t\t\t\t\t\t\t\t\t\ud835\udddf&#8217;\ud835\uddf2\ud835\uddff\ud835\uddf2\ud835\uddf1\ud835\uddf6\ud835\ude01\ud835\uddee\u0300 \ud835\uddf1\ud835\uddf2\ud835\uddf9\ud835\uddf9\ud835\uddf2 \ud835\uddfa\ud835\uddf6\ud835\uddf4\ud835\uddff\ud835\uddee\ud835\ude07\ud835\uddf6\ud835\uddfc\ud835\uddfb\ud835\uddf6 \ud835\uddf6\ud835\ude01\ud835\uddee\ud835\uddf9\ud835\uddf6\ud835\uddee\ud835\uddfb\ud835\uddf2. \ud835\uddd6\ud835\uddfc\ud835\uddfb\ud835\ude00\ud835\uddf2\ud835\uddff\ud835\ude03\ud835\uddee\ud835\uddff\ud835\uddf2 \ud835\uddf9\ud835\uddee \ud835\uddfa\ud835\uddf2\ud835\uddfa\ud835\uddfc\ud835\uddff\ud835\uddf6\ud835\uddee \ud835\uddf1\ud835\uddf2\ud835\uddf9\ud835\uddf9\ud835\uddee \ud835\ude00\ud835\ude01\ud835\uddfc\ud835\uddff\ud835\uddf6\ud835\uddee \ud835\uddf2 \ud835\uddf1\ud835\uddf2\ud835\uddf9 \ud835\uddfd\ud835\uddff\ud835\uddf2\ud835\ude00\ud835\uddf2\ud835\uddfb\ud835\ude01\ud835\uddf2\t\t\t\t\t\t\t\t\t\t\t<\/h2>\n    Organizzato \ud835\uddf6\ud835\uddfb \ud835\uddf0\ud835\uddfc\ud835\uddf9\ud835\uddf9\ud835\uddee\ud835\uddef\ud835\uddfc\ud835\uddff\ud835\uddee\ud835\ude07\ud835\uddf6\ud835\uddfc\ud835\uddfb\ud835\uddf2 \ud835\uddf0\ud835\uddfc\ud835\uddfb \ud835\uddd6\ud835\uddf2\ud835\uddfb\ud835\ude01\ud835\uddff\ud835\uddfc \ud835\uddd4\ud835\uddf9\ud835\ude01\ud835\uddff\ud835\uddf2\ud835\uddf6\ud835\ude01\ud835\uddee\ud835\uddf9\ud835\uddf6\ud835\uddf2 \ud835\ude00\ud835\ude02\ud835\uddf9\ud835\uddf9\ud835\uddf2 \ud835\udde0\ud835\uddf6\ud835\uddf4\ud835\uddff\ud835\uddee\ud835\ude07\ud835\uddf6\ud835\uddfc\ud835\uddfb\ud835\uddf6 \ud835\udddc\ud835\ude01\ud835\uddee\ud835\uddf9\ud835\uddf6\ud835\uddee\ud835\uddfb\ud835\uddf2, istituito nell&#8217;autunno 2005 presso la Fondazione Giovanni Agnelli a Torino, sar\u00e0 il primo convegno sul tema&#8230;\n\t<meta itemscope itemprop=\"mainEntityOfPage\" itemtype=\"https:\/\/schema.org\/WebPage\" itemid=\"http:\/\/34650\" content=\"Lucca Notte Bianca 2024 \ud83c\udf19\" \/><meta itemprop=\"datePublished\" content=\"2024-08-28\" \/><meta itemprop=\"dateModified\" content=\"2024-08-28\" \/><meta itemprop=\"name\" content=\"Fondazione Paolo Cresci\"\/><meta itemprop=\"url\" content=\"https:\/\/www.fondazionepaolocresci.it\/wp-content\/uploads\/2022\/11\/fondazione-paolo-cresci.png\"\/><meta itemprop=\"url\" content=\"https:\/\/www.fondazionepaolocresci.it\/author\/fondazione\/\" \/><meta itemprop=\"name\" content=\"fondazione\" \/><meta itemprop=\"url\" content=\"https:\/\/www.fondazionepaolocresci.it\/wp-content\/uploads\/2024\/08\/Notte-Bianca-Programma.jpg\" \/><meta itemprop=\"width\" content=\"1587\" \/><meta itemprop=\"height\" content=\"2245\" \/><meta itemprop=\"interactionType\" content=\"https:\/\/schema.org\/CommentAction\" \/><meta itemprop=\"userInteractionCount\" content=\"0\" \/>\n\t\t\t\t\t<a href=\"https:\/\/www.fondazionepaolocresci.it\/ro\/stiri\/lucca-notte-bianca-2024-%f0%9f%8c%99\/\" title=\"Lucca Notte Bianca 2024 \ud83c\udf19\"><\/a>\n\t\t\t\t<img decoding=\"async\" src=\"https:\/\/www.fondazionepaolocresci.it\/wp-content\/uploads\/2024\/08\/Notte-Bianca-Programma.jpg\" alt=\"Programul Noaptea alb\u0103\" itemprop=\"image\" data-no-lazy=\"1\" height=\"2245\" width=\"1587\" title=\"Programul Noaptea alb\u0103\" onerror=\"this.style.display='none'\" loading='lazy' \/>\n\t\t\t\t\t\t\t\t\t<h2 itemprop=\"headline\">\n\t\t\t\t\t\t\t\t\t\t\t\t\t\tLucca Notte Bianca 2024 \ud83c\udf19\t\t\t\t\t\t\t\t\t\t\t<\/h2>\n    Tra gli aventi, Mostra \u00a0OMAGGIO DELLA GARFAGNANA AD ASTOR PIAZZOLLA nel Cortile degli Svizzeri dalle ore 19,45. Inoltre dalle ore 21,00 alle ore 23,00 il\u00a0MUSEO&#8230;\n\t\t<!-- .pp-content-posts -->\n\t\t\t\t\t\t<h2>\u00censcrie\u021bi-v\u0103 la newsletter-ul nostru<\/h2>\t\t\t\t\t\n\t\t\t<p>Ve\u021bi primi pe e-mail actualiz\u0103ri despre activit\u0103\u021bile noastre<br \/>\u00a0<\/p>\t\t\n\t\t\t\t<a href=\"https:\/\/443218b4.sibforms.com\/serve\/MUIEAEFaelco-Bb8_yzyQNLT5qjTY5MF-7wglQZClWpHG4mVJhy96aESqJtf9scyqJBW8LO6Ioo6DrNYYI47G5X5eSCK9JI2AQd78xmKPaytlfx_SH2gt1J8LlWwq1Q5kpcJ6MNVgv1AJJjWzqxV9FhFi47ZohrelE3KJ2LynVTE_SxKSuDpqrpmcrkONHnd-7-ItdoL4Wda3hTH\" role=\"button\" target=\"_blank\">\n\t\t\t\t\t\t\t\t\t\t\u00censcrie\u021bi-v\u0103!\n\t\t\t\t\t\t\t\t\t<\/a>","protected":false},"excerpt":{"rendered":"<p>Al mercato Emigranti vendono i frutti del proprio lavoro al mercato ortofrutticolo, oggi come allora. La badante Un lavoro antico e spesso lasciato alle donne provenienti da altri Paesi. Notevole la differenza espressiva tra ieri e oggi. Il lavoro lontano da casa Quante differenze e quante somiglianze, a distanza di cinquant\u02c8anni l\u02c8una dall\u02c8altra: gli emigranti [&hellip;]<\/p>\n","protected":false},"author":1,"featured_media":0,"parent":0,"menu_order":0,"comment_status":"closed","ping_status":"open","template":"","meta":{"_acf_changed":false,"_relevanssi_hide_post":"","_relevanssi_hide_content":"","_relevanssi_pin_for_all":"","_relevanssi_pin_keywords":"","_relevanssi_unpin_keywords":"","_relevanssi_related_keywords":"","_relevanssi_related_include_ids":"","_relevanssi_related_exclude_ids":"","_relevanssi_related_no_append":"","_relevanssi_related_not_related":"","_relevanssi_related_posts":"","_relevanssi_noindex_reason":"","site-sidebar-layout":"default","site-content-layout":"","ast-site-content-layout":"default","site-content-style":"default","site-sidebar-style":"default","ast-global-header-display":"","ast-banner-title-visibility":"","ast-main-header-display":"","ast-hfb-above-header-display":"","ast-hfb-below-header-display":"","ast-hfb-mobile-header-display":"","site-post-title":"","ast-breadcrumbs-content":"","ast-featured-img":"","footer-sml-layout":"","ast-disable-related-posts":"","theme-transparent-header-meta":"","adv-header-id-meta":"","stick-header-meta":"","header-above-stick-meta":"","header-main-stick-meta":"","header-below-stick-meta":"","astra-migrate-meta-layouts":"set","ast-page-background-enabled":"default","ast-page-background-meta":{"desktop":{"background-color":"var(--ast-global-color-4)","background-image":"","background-repeat":"repeat","background-position":"center center","background-size":"auto","background-attachment":"scroll","background-type":"","background-media":"","overlay-type":"","overlay-color":"","overlay-opacity":"","overlay-gradient":""},"tablet":{"background-color":"","background-image":"","background-repeat":"repeat","background-position":"center center","background-size":"auto","background-attachment":"scroll","background-type":"","background-media":"","overlay-type":"","overlay-color":"","overlay-opacity":"","overlay-gradient":""},"mobile":{"background-color":"","background-image":"","background-repeat":"repeat","background-position":"center center","background-size":"auto","background-attachment":"scroll","background-type":"","background-media":"","overlay-type":"","overlay-color":"","overlay-opacity":"","overlay-gradient":""}},"ast-content-background-meta":{"desktop":{"background-color":"var(--ast-global-color-5)","background-image":"","background-repeat":"repeat","background-position":"center center","background-size":"auto","background-attachment":"scroll","background-type":"","background-media":"","overlay-type":"","overlay-color":"","overlay-opacity":"","overlay-gradient":""},"tablet":{"background-color":"var(--ast-global-color-5)","background-image":"","background-repeat":"repeat","background-position":"center center","background-size":"auto","background-attachment":"scroll","background-type":"","background-media":"","overlay-type":"","overlay-color":"","overlay-opacity":"","overlay-gradient":""},"mobile":{"background-color":"var(--ast-global-color-5)","background-image":"","background-repeat":"repeat","background-position":"center center","background-size":"auto","background-attachment":"scroll","background-type":"","background-media":"","overlay-type":"","overlay-color":"","overlay-opacity":"","overlay-gradient":""}},"footnotes":""},"class_list":["post-2","page","type-page","status-publish","hentry"],"acf":[],"_links":{"self":[{"href":"https:\/\/www.fondazionepaolocresci.it\/ro\/wp-json\/wp\/v2\/pages\/2","targetHints":{"allow":["GET"]}}],"collection":[{"href":"https:\/\/www.fondazionepaolocresci.it\/ro\/wp-json\/wp\/v2\/pages"}],"about":[{"href":"https:\/\/www.fondazionepaolocresci.it\/ro\/wp-json\/wp\/v2\/types\/page"}],"author":[{"embeddable":true,"href":"https:\/\/www.fondazionepaolocresci.it\/ro\/wp-json\/wp\/v2\/users\/1"}],"replies":[{"embeddable":true,"href":"https:\/\/www.fondazionepaolocresci.it\/ro\/wp-json\/wp\/v2\/comments?post=2"}],"version-history":[{"count":6,"href":"https:\/\/www.fondazionepaolocresci.it\/ro\/wp-json\/wp\/v2\/pages\/2\/revisions"}],"predecessor-version":[{"id":34724,"href":"https:\/\/www.fondazionepaolocresci.it\/ro\/wp-json\/wp\/v2\/pages\/2\/revisions\/34724"}],"wp:attachment":[{"href":"https:\/\/www.fondazionepaolocresci.it\/ro\/wp-json\/wp\/v2\/media?parent=2"}],"curies":[{"name":"wp","href":"https:\/\/api.w.org\/{rel}","templated":true}]}}