{"id":33818,"date":"2023-03-22T11:42:52","date_gmt":"2023-03-22T10:42:52","guid":{"rendered":"https:\/\/fpc.ms-dev.it\/?page_id=33818"},"modified":"2023-03-25T11:24:13","modified_gmt":"2023-03-25T10:24:13","slug":"el-hilo-del-recuerdo","status":"publish","type":"page","link":"https:\/\/www.fondazionepaolocresci.it\/es\/museo\/il-filo-del-ricordo\/","title":{"rendered":"El hilo de la memoria"},"content":{"rendered":"<h1>\n\t\t &#8211; \n\t<\/h1>\n<h2>\n\t\tPor la patria\n\t<\/h2>\n\t<p>Le rimesse attestavano a chi rimaneva a casa che  lavoro e salute non mancavano e il successo si stava conseguendo. Quei sudati risparmi, che sollevarono le sorti di tante famiglie, furono una colonna portante dello sviluppo industriale del nostro paese. Nei primi anni del Novecento, l&#8217;ammontare delle rimesse dall&#8217;estero super\u00f2 annualmente il gettito delle imposte dirette riscosse dallo Stato italiano.<\/p>\n<p>Il rapporto con l&#8217;Italia non si esauriva nelle rimesse alle famiglie. Anche in occasione di calamit\u00e0 naturali, come terremoti e alluvioni, le comunit\u00e0 all&#8217;estero inviarono denaro in patria. Una risposta altrettanto generosa si ebbe durante la prima e la seconda guerra mondiale quando non solo arriv\u00f2 denaro ma anche uomini per arruolarsi.<\/p>\n\t\t\t\t<a\n\t\t\thref=\"https:\/\/www.fondazionepaolocresci.it\/wp-content\/uploads\/2023\/03\/01_48a-400x336-1.jpg\"\n\t\t\t\t\t\tdata-fancybox=\"images\" \n\t\t\ttitle=\"01_48a-400x336\" \n\t\t\t\t\t\tdata-caption=\"Rimesse da parte di emigrati nel 1903\"\n\t\t\t\t\t\tdata-description=\"\" \n\t\t\titemprop=\"contentUrl\">\n\t\t\t<img decoding=\"async\" src=\"https:\/\/www.fondazionepaolocresci.it\/wp-content\/uploads\/2023\/03\/01_48a-400x336-1.jpg\" alt=\"\" data-no-lazy=\"1\" itemprop=\"thumbnail\" width=\"455\" height=\"382\" \/>\n\t\t\t<!-- Overlay Wrapper -->\n\t\t\t <!-- Overlay Wrapper Closed -->\n\t\t\t\t<\/a>\n\t\t\t\t\t\t\t<meta itemprop=\"width\" content=\"455\" \/>\n\t\t\t<meta itemprop=\"height\" content=\"382\" \/>\n\t\tRemesas de emigrantes en 1903\n\t\t\t\t<a\n\t\t\thref=\"https:\/\/www.fondazionepaolocresci.it\/wp-content\/uploads\/2023\/03\/02_48-400x243-1.jpg\"\n\t\t\t\t\t\tdata-fancybox=\"images\" \n\t\t\ttitle=\"02_48-400x243\" \n\t\t\t\t\t\tdata-caption=\"Il \"ponte d'argento\", organizzato dagli italiani degli stati uniti d'america, prevedeva l'invio in italia di cartoline su cui si incollavano delle sbarrette d'argento offerte al governo fascista per contribuire alla creazione un istituto credito e dare sussidi alle famiglie ex-combattenti che intendevano recarsi come coloni etiopia \"\n\t\t\t\t\t\tdata-description =\"\" itemprop =\"contentUrl\">\n\t\t\t<img decoding=\"async\" src=\"https:\/\/www.fondazionepaolocresci.it\/wp-content\/uploads\/2023\/03\/02_48-400x243-1.jpg\" alt=\"\" data-no-lazy=\"1\" itemprop=\"thumbnail\" width=\"455\" height=\"276\" \/>\n\t\t\t<!-- Overlay Wrapper -->\n\t\t\t <!-- Overlay Wrapper Closed -->\n\t\t\t\t<\/a>\n\t\t\t\t\t\t\t<meta itemprop=\"width\" content=\"455\" \/>\n\t\t\t<meta itemprop=\"height\" content=\"276\" \/>\n\t\tIl &#8220;Ponte d&#8217;argento&#8221;, organizzato dagli italiani degli Stati Uniti d&#8217;America, prevedeva l&#8217;invio in Italia di cartoline su cui si incollavano delle sbarrette d&#8217;argento offerte al governo fascista per contribuire alla creazione di un istituto di credito e per dare sussidi alle famiglie di ex-combattenti che intendevano recarsi come coloni in Etiopia \n\t\t\t\t<a\n\t\t\thref=\"https:\/\/www.fondazionepaolocresci.it\/wp-content\/uploads\/2023\/03\/03_48b-400x269-1.jpg\"\n\t\t\t\t\t\tdata-fancybox=\"images\" \n\t\t\ttitle=\"03_48b-400x269\" \n\t\t\t\t\t\tdata-caption=\"Nel 1936, e negli anni seguenti, per contribuire ad alleviare il peso delle sanzioni imposte all'Italia dalla comunit\u00e0 internazionale dopo la guerra con l'Etiopia, dagli italiani degli Stati Uniti venivano spedite cartoline di rame che dovevano ovviare, anche se in piccola parte, alla carenza di materie prime \"\n\t\t\t\t\t\tdata-description=\"\" \n\t\t\titemprop=\"contentUrl\">\n\t\t\t<img decoding=\"async\" src=\"https:\/\/www.fondazionepaolocresci.it\/wp-content\/uploads\/2023\/03\/03_48b-400x269-1.jpg\" alt=\"\" data-no-lazy=\"1\" itemprop=\"thumbnail\" width=\"455\" height=\"306\" \/>\n\t\t\t<!-- Overlay Wrapper -->\n\t\t\t <!-- Overlay Wrapper Closed -->\n\t\t\t\t<\/a>\n\t\t\t\t\t\t\t<meta itemprop=\"width\" content=\"455\" \/>\n\t\t\t<meta itemprop=\"height\" content=\"306\" \/>\n\t\tNel 1936, e negli anni seguenti, per contribuire ad alleviare il peso delle sanzioni imposte all&#8217;Italia dalla comunit\u00e0 internazionale dopo la guerra con l&#8217;Etiopia, dagli italiani degli Stati Uniti venivano spedite cartoline di rame che dovevano ovviare, anche se in piccola parte, alla carenza di materie prime \n\t<h2>\n\t\tToda mi vida\n\t<\/h2>\n\t<p>Negli archivi delle famiglie emigrate, sia in Italia che in ogni paese del mondo, una parte preponderante \u00e8 riservata alle fotografie che raccontano le tappe fondamentali di ogni vita: nascita, cerimonie, matrimonio e, in misura minore, morte. Talvolta chi \u00e8 partito vuole mostrare a chi \u00e8 lontano quant&#8217;\u00e8 grande, e forte, il legame che li unisce e si fa fotografare con la foto dei propri cari fra le mani.<\/p>\n\t\t\t\t<a\n\t\t\thref=\"https:\/\/www.fondazionepaolocresci.it\/wp-content\/uploads\/2023\/03\/04_50-273x400-1.jpg\"\n\t\t\t\t\t\tdata-fancybox=\"images\" \n\t\t\ttitle=\"04_50-273x400\" \n\t\t\t\t\t\tdata-caption=\"Giuseppe Piagentini si fa ritrarre con la foto della fidanzata lontana tra le mani\"\n\t\t\t\t\t\tdata-description=\"\" \n\t\t\titemprop=\"contentUrl\">\n\t\t\t<img decoding=\"async\" src=\"https:\/\/www.fondazionepaolocresci.it\/wp-content\/uploads\/2023\/03\/04_50-273x400-1.jpg\" alt=\"\" data-no-lazy=\"1\" itemprop=\"thumbnail\" width=\"311\" height=\"455\" \/>\n\t\t\t<!-- Overlay Wrapper -->\n\t\t\t <!-- Overlay Wrapper Closed -->\n\t\t\t\t<\/a>\n\t\t\t\t\t\t\t<meta itemprop=\"width\" content=\"311\" \/>\n\t\t\t<meta itemprop=\"height\" content=\"455\" \/>\n\t\tGiuseppe Piagentini se retrata con una foto de su novia lejana en las manos\n\t\t\t\t<a\n\t\t\thref=\"https:\/\/www.fondazionepaolocresci.it\/wp-content\/uploads\/2023\/03\/05_50a-400x229-1.jpg\"\n\t\t\t\t\t\tdata-fancybox=\"images\" \n\t\t\ttitle=\"05_50a-400x229\" \n\t\t\t\t\t\tdata-caption=\"USA, New York, 1945. Damigelle e cavalieri\"\n\t\t\t\t\t\tdata-description=\"\" \n\t\t\titemprop=\"contentUrl\">\n\t\t\t<img decoding=\"async\" src=\"https:\/\/www.fondazionepaolocresci.it\/wp-content\/uploads\/2023\/03\/05_50a-400x229-1.jpg\" alt=\"\" data-no-lazy=\"1\" itemprop=\"thumbnail\" width=\"455\" height=\"260\" \/>\n\t\t\t<!-- Overlay Wrapper -->\n\t\t\t <!-- Overlay Wrapper Closed -->\n\t\t\t\t<\/a>\n\t\t\t\t\t\t\t<meta itemprop=\"width\" content=\"455\" \/>\n\t\t\t<meta itemprop=\"height\" content=\"260\" \/>\n\t\tEE.UU., Nueva York, 1945. Damas de honor y caballeros\n\t\t\t\t<a\n\t\t\thref=\"https:\/\/www.fondazionepaolocresci.it\/wp-content\/uploads\/2023\/03\/06_50b-400x285-1.jpg\"\n\t\t\t\t\t\tdata-fancybox=\"images\" \n\t\t\ttitle=\"06_50b-400x285\" \n\t\t\t\t\t\tdata-caption=\"Brasile, San Paolo, Villa Caracol, 1907. Battesimo di Luigi Puliti\"\n\t\t\t\t\t\tdata-description=\"\" \n\t\t\titemprop=\"contentUrl\">\n\t\t\t<img decoding=\"async\" src=\"https:\/\/www.fondazionepaolocresci.it\/wp-content\/uploads\/2023\/03\/06_50b-400x285-1.jpg\" alt=\"\" data-no-lazy=\"1\" itemprop=\"thumbnail\" width=\"455\" height=\"324\" \/>\n\t\t\t<!-- Overlay Wrapper -->\n\t\t\t <!-- Overlay Wrapper Closed -->\n\t\t\t\t<\/a>\n\t\t\t\t\t\t\t<meta itemprop=\"width\" content=\"455\" \/>\n\t\t\t<meta itemprop=\"height\" content=\"324\" \/>\n\t\tBrasil, S\u00e3o Paulo, Villa Caracol, 1907. Bautismo de Luigi Puliti\n\t\t\t\t<a\n\t\t\thref=\"https:\/\/www.fondazionepaolocresci.it\/wp-content\/uploads\/2023\/03\/07_50c-276x400-1.jpg\"\n\t\t\t\t\t\tdata-fancybox=\"images\" \n\t\t\ttitle=\"07_50c-276x400\" \n\t\t\t\t\t\tdata-caption=\"Argentina, Buenos Aires. Sposi della famiglia Piagentini Bechelli\"\n\t\t\t\t\t\tdata-description=\"\" \n\t\t\titemprop=\"contentUrl\">\n\t\t\t<img decoding=\"async\" src=\"https:\/\/www.fondazionepaolocresci.it\/wp-content\/uploads\/2023\/03\/07_50c-276x400-1.jpg\" alt=\"\" data-no-lazy=\"1\" itemprop=\"thumbnail\" width=\"314\" height=\"455\" \/>\n\t\t\t<!-- Overlay Wrapper -->\n\t\t\t <!-- Overlay Wrapper Closed -->\n\t\t\t\t<\/a>\n\t\t\t\t\t\t\t<meta itemprop=\"width\" content=\"314\" \/>\n\t\t\t<meta itemprop=\"height\" content=\"455\" \/>\n\t\tArgentina, Buenos Aires. C\u00f3nyuges de la familia Piagentini Bechelli\n\t<nav aria-label=\"Museo\" itemscope=\"itemscope\" itemtype=\"https:\/\/schema.org\/SiteNavigationElement\">\n\t\t<ul id=\"menu-museo\"><li id=\"menu-item-33836\"><a href=\"https:\/\/www.fondazionepaolocresci.it\/es\/museo\/\" tabindex=\"0\" role=\"link\">Presentaci\u00f3n<\/a><\/li><li id=\"menu-item-33833\"><a href=\"https:\/\/www.fondazionepaolocresci.it\/es\/museo\/la-partenza\/\" tabindex=\"0\" role=\"link\">La salida<\/a><\/li><li id=\"menu-item-33832\"><a href=\"https:\/\/www.fondazionepaolocresci.it\/es\/museo\/el-viaje-y-la-llegada\/\" tabindex=\"0\" role=\"link\">El viaje y la llegada<\/a><\/li><li id=\"menu-item-33831\"><a href=\"https:\/\/www.fondazionepaolocresci.it\/es\/museo\/el-trabajo\/\" tabindex=\"0\" role=\"link\">El trabajo<\/a><\/li><li id=\"menu-item-33830\"><a href=\"https:\/\/www.fondazionepaolocresci.it\/es\/museo\/the-new-patries\/\" tabindex=\"0\" role=\"link\">Nuevas patrias<\/a><\/li><li id=\"menu-item-33829\"><a href=\"https:\/\/www.fondazionepaolocresci.it\/es\/museo\/el-hilo-del-recuerdo\/\" aria-current=\"page\" tabindex=\"0\" role=\"link\">El hilo de la memoria<\/a><\/li><li id=\"menu-item-33828\"><a href=\"https:\/\/www.fondazionepaolocresci.it\/es\/museo\/di-nuovo-in-cammino-oggi\/\" tabindex=\"0\" role=\"link\">De nuevo en la carretera: hoy<\/a><\/li><\/ul>\n\t\t\t<\/nav>","protected":false},"excerpt":{"rendered":"<p>&#8211; Per la patria Le rimesse attestavano a chi rimaneva a casa che lavoro e salute non mancavano e il successo si stava conseguendo. Quei sudati risparmi, che sollevarono le sorti di tante famiglie, furono una colonna portante dello sviluppo industriale del nostro paese. Nei primi anni del Novecento, l&#8217;ammontare delle rimesse dall&#8217;estero super\u00f2 annualmente [&hellip;]<\/p>\n","protected":false},"author":1,"featured_media":0,"parent":24,"menu_order":0,"comment_status":"closed","ping_status":"open","template":"","meta":{"_acf_changed":false,"_relevanssi_hide_post":"","_relevanssi_hide_content":"","_relevanssi_pin_for_all":"","_relevanssi_pin_keywords":"","_relevanssi_unpin_keywords":"","_relevanssi_related_keywords":"","_relevanssi_related_include_ids":"","_relevanssi_related_exclude_ids":"","_relevanssi_related_no_append":"","_relevanssi_related_not_related":"","_relevanssi_related_posts":"","_relevanssi_noindex_reason":"","site-sidebar-layout":"default","site-content-layout":"","ast-site-content-layout":"default","site-content-style":"default","site-sidebar-style":"default","ast-global-header-display":"","ast-banner-title-visibility":"","ast-main-header-display":"","ast-hfb-above-header-display":"","ast-hfb-below-header-display":"","ast-hfb-mobile-header-display":"","site-post-title":"","ast-breadcrumbs-content":"","ast-featured-img":"","footer-sml-layout":"","ast-disable-related-posts":"","theme-transparent-header-meta":"","adv-header-id-meta":"","stick-header-meta":"","header-above-stick-meta":"","header-main-stick-meta":"","header-below-stick-meta":"","astra-migrate-meta-layouts":"default","ast-page-background-enabled":"default","ast-page-background-meta":{"desktop":{"background-color":"var(--ast-global-color-4)","background-image":"","background-repeat":"repeat","background-position":"center center","background-size":"auto","background-attachment":"scroll","background-type":"","background-media":"","overlay-type":"","overlay-color":"","overlay-opacity":"","overlay-gradient":""},"tablet":{"background-color":"","background-image":"","background-repeat":"repeat","background-position":"center center","background-size":"auto","background-attachment":"scroll","background-type":"","background-media":"","overlay-type":"","overlay-color":"","overlay-opacity":"","overlay-gradient":""},"mobile":{"background-color":"","background-image":"","background-repeat":"repeat","background-position":"center center","background-size":"auto","background-attachment":"scroll","background-type":"","background-media":"","overlay-type":"","overlay-color":"","overlay-opacity":"","overlay-gradient":""}},"ast-content-background-meta":{"desktop":{"background-color":"var(--ast-global-color-5)","background-image":"","background-repeat":"repeat","background-position":"center center","background-size":"auto","background-attachment":"scroll","background-type":"","background-media":"","overlay-type":"","overlay-color":"","overlay-opacity":"","overlay-gradient":""},"tablet":{"background-color":"var(--ast-global-color-5)","background-image":"","background-repeat":"repeat","background-position":"center center","background-size":"auto","background-attachment":"scroll","background-type":"","background-media":"","overlay-type":"","overlay-color":"","overlay-opacity":"","overlay-gradient":""},"mobile":{"background-color":"var(--ast-global-color-5)","background-image":"","background-repeat":"repeat","background-position":"center center","background-size":"auto","background-attachment":"scroll","background-type":"","background-media":"","overlay-type":"","overlay-color":"","overlay-opacity":"","overlay-gradient":""}},"footnotes":""},"class_list":["post-33818","page","type-page","status-publish","hentry"],"acf":[],"_links":{"self":[{"href":"https:\/\/www.fondazionepaolocresci.it\/es\/wp-json\/wp\/v2\/pages\/33818","targetHints":{"allow":["GET"]}}],"collection":[{"href":"https:\/\/www.fondazionepaolocresci.it\/es\/wp-json\/wp\/v2\/pages"}],"about":[{"href":"https:\/\/www.fondazionepaolocresci.it\/es\/wp-json\/wp\/v2\/types\/page"}],"author":[{"embeddable":true,"href":"https:\/\/www.fondazionepaolocresci.it\/es\/wp-json\/wp\/v2\/users\/1"}],"replies":[{"embeddable":true,"href":"https:\/\/www.fondazionepaolocresci.it\/es\/wp-json\/wp\/v2\/comments?post=33818"}],"version-history":[{"count":2,"href":"https:\/\/www.fondazionepaolocresci.it\/es\/wp-json\/wp\/v2\/pages\/33818\/revisions"}],"predecessor-version":[{"id":33935,"href":"https:\/\/www.fondazionepaolocresci.it\/es\/wp-json\/wp\/v2\/pages\/33818\/revisions\/33935"}],"up":[{"embeddable":true,"href":"https:\/\/www.fondazionepaolocresci.it\/es\/wp-json\/wp\/v2\/pages\/24"}],"wp:attachment":[{"href":"https:\/\/www.fondazionepaolocresci.it\/es\/wp-json\/wp\/v2\/media?parent=33818"}],"curies":[{"name":"wp","href":"https:\/\/api.w.org\/{rel}","templated":true}]}}