{"id":259,"date":"2022-11-24T21:39:38","date_gmt":"2022-11-24T20:39:38","guid":{"rendered":"https:\/\/fpc.ms-dev.it\/?page_id=259"},"modified":"2022-12-01T16:39:35","modified_gmt":"2022-12-01T15:39:35","slug":"toscani-in-argentina","status":"publish","type":"page","link":"https:\/\/www.fondazionepaolocresci.it\/es\/toscani-in-argentina\/","title":{"rendered":"Toscanos en Argentina"},"content":{"rendered":"Desde 1810, a\u00f1o de su independencia, Argentina ha aplicado una pol\u00edtica de incentivos a la inmigraci\u00f3n, aunque no fue hasta 1876 cuando se aprob\u00f3 la primera legislaci\u00f3n org\u00e1nica en la materia.<br \/>\nLa Ley n\u00fam. 817 sobre Inmigraci\u00f3n y Asentamiento cre\u00f3, con algunos art\u00edculos en su cap\u00edtulo primero, la Direcci\u00f3n General de Inmigraci\u00f3n que, entre sus cometidos, ten\u00eda el de \"exigir a los capitanes de los buques que transporten emigrantes las listas de \u00e9stos, sus pasaportes documentos y dem\u00e1s informaci\u00f3n que pueda ser necesaria\" y, por tanto, llevar un registro num\u00e9rico en el que anotar, por orden cronol\u00f3gico, la llegada de cada emigrante, su nombre, apellidos, edad, sexo, nacionalidad, estado civil, religi\u00f3n, profesi\u00f3n, si sabe leer y escribir, lugar de origen y lugar de destino\".<br \/>\nDesde entonces, aunque ha habido algunas variaciones en los criterios de recogida de datos sobre cada inmigrante, las estad\u00edsticas del fen\u00f3meno han tenido continuidad en el tiempo. Incluso la definici\u00f3n de inmigrante se ha mantenido sustancialmente estable: \"a los efectos de esta ley, debe ser considerado inmigrante todo extranjero, jornalero, artesano, industrial, agricultor profesional, que, siendo menor de 60 a\u00f1os y acreditando buena conducta y capacidad, llegue a la Argentina para radicarse en ella, en vapor o velero -y, con el correr de las d\u00e9cadas, tambi\u00e9n en avi\u00f3n-, abonando pasaje de segunda o tercera clase, o con pasaje pagado por el Estado o las provincias o empresas privadas de inmigraci\u00f3n y colonizaci\u00f3n\".<br \/>\nEl CEMLA-Centro de estudios migratorios latinoamericanos de Buenos Aires est\u00e1 utilizando esta fuente excepcional para crear una base de datos sobre todos los inmigrantes italianos en Argentina.\n<p>La Fundaci\u00f3n Cresci ha adquirido del CEMLA la lista de toscanos que desembarcaron en Argentina entre 1906 y 1952, en la que a veces puede haber errores de registro (consecuentemente se\u00f1alados en la transcripci\u00f3n actual) sobre todo de apellidos extranjeros.<\/p>\n\t<fieldset>\n\t\t<legend>Apellido<\/legend>\n\t\t<label>\n\t\t\t\tBuscar contenido\n\t\t\t\t<input type=\"search\" name=\"cognome\" placeholder=\"Apellido\" value=\"\" autocomplete=\"off\"\/>\n\t\t\t<\/label>\t<\/fieldset>\n\t\t<fieldset>\n\t\t<legend>Nombre<\/legend>\n\t\t<label>\n\t\t\t\tBuscar contenido\n\t\t\t\t<input type=\"search\" name=\"nome\" placeholder=\"Nombre\" value=\"\" autocomplete=\"off\"\/>\n\t\t\t<\/label>\t<\/fieldset>\n\t\t<fieldset>\n\t\t<legend>Sexo<\/legend>\n\t\t<label>\n\t\t\t\tBuscar contenido\n\t\t\t\t<input type=\"search\" name=\"sesso\" placeholder=\"Sexo\" value=\"\" autocomplete=\"off\"\/>\n\t\t\t<\/label>\t<\/fieldset>\n\t\t<fieldset>\n\t\t<legend>Edad<\/legend>\n\t\t<label>\n\t\t\t\tBuscar contenido\n\t\t\t\t<input type=\"search\" name=\"eta\" placeholder=\"Edad\" value=\"\" autocomplete=\"off\"\/>\n\t\t\t<\/label>\t<\/fieldset>\n\t\t<fieldset>\n\t\t<legend>Profesi\u00f3n<\/legend>\n\t\t<label>\n\t\t\t\tBuscar contenido\n\t\t\t\t<input type=\"search\" name=\"professione\" placeholder=\"Profesi\u00f3n\" value=\"\" autocomplete=\"off\"\/>\n\t\t\t<\/label>\t<\/fieldset>\n\t\t<fieldset>\n\t\t<legend>Embarque<\/legend>\n\t\t<label>\n\t\t\t\tBuscar contenido\n\t\t\t\t<input type=\"search\" name=\"imbarco\" placeholder=\"Embarque\" value=\"\" autocomplete=\"off\"\/>\n\t\t\t<\/label>\t<\/fieldset>\n\t\t<fieldset>\n\t\t<legend>Fecha de embarque<\/legend>\n\t\t<label>\n\t\t\t\tBuscar contenido\n\t\t\t\t<input type=\"search\" name=\"data_imbarco\" placeholder=\"Fecha de embarque\" value=\"\" autocomplete=\"off\"\/>\n\t\t\t<\/label>\t<\/fieldset>\n\t\t<fieldset>\n\t\t<legend>Aterrizaje<\/legend>\n\t\t<label>\n\t\t\t\tBuscar contenido\n\t\t\t\t<input type=\"search\" name=\"sbarco\" placeholder=\"Aterrizaje\" value=\"\" autocomplete=\"off\"\/>\n\t\t\t<\/label>\t<\/fieldset>\n\t\t<fieldset>\n\t\t<legend>Lugar de nacimiento<\/legend>\n\t\t<label>\n\t\t\t\tBuscar contenido\n\t\t\t\t<input type=\"search\" name=\"luogo_di_nascita\" placeholder=\"Lugar de nacimiento\" value=\"\" autocomplete=\"off\"\/>\n\t\t\t<\/label>\t<\/fieldset>","protected":false},"excerpt":{"rendered":"<p>Dal 1810, anno della sua indipendenza, l&#8217;Argentina ha attuato una politica di incentivi all&#8217;immigrazione anche se, soltanto nel 1876, venne approvato il primo, organico, provvedimento legislativo in materia. La legge n. 817 sull&#8217;immigrazione e la colonizzazione cre\u00f2, con alcuni articoli del primo capitolo, il Dipartimento generale dell&#8217;immigrazione che, fra i suoi compiti, ebbe quello di [&hellip;]<\/p>\n","protected":false},"author":1,"featured_media":0,"parent":0,"menu_order":0,"comment_status":"closed","ping_status":"open","template":"","meta":{"_acf_changed":false,"_relevanssi_hide_post":"","_relevanssi_hide_content":"","_relevanssi_pin_for_all":"","_relevanssi_pin_keywords":"","_relevanssi_unpin_keywords":"","_relevanssi_related_keywords":"","_relevanssi_related_include_ids":"","_relevanssi_related_exclude_ids":"","_relevanssi_related_no_append":"","_relevanssi_related_not_related":"","_relevanssi_related_posts":"","_relevanssi_noindex_reason":"","site-sidebar-layout":"default","site-content-layout":"","ast-site-content-layout":"default","site-content-style":"default","site-sidebar-style":"default","ast-global-header-display":"","ast-banner-title-visibility":"","ast-main-header-display":"","ast-hfb-above-header-display":"","ast-hfb-below-header-display":"","ast-hfb-mobile-header-display":"","site-post-title":"","ast-breadcrumbs-content":"","ast-featured-img":"","footer-sml-layout":"","ast-disable-related-posts":"","theme-transparent-header-meta":"","adv-header-id-meta":"","stick-header-meta":"","header-above-stick-meta":"","header-main-stick-meta":"","header-below-stick-meta":"","astra-migrate-meta-layouts":"default","ast-page-background-enabled":"default","ast-page-background-meta":{"desktop":{"background-color":"var(--ast-global-color-4)","background-image":"","background-repeat":"repeat","background-position":"center center","background-size":"auto","background-attachment":"scroll","background-type":"","background-media":"","overlay-type":"","overlay-color":"","overlay-opacity":"","overlay-gradient":""},"tablet":{"background-color":"","background-image":"","background-repeat":"repeat","background-position":"center center","background-size":"auto","background-attachment":"scroll","background-type":"","background-media":"","overlay-type":"","overlay-color":"","overlay-opacity":"","overlay-gradient":""},"mobile":{"background-color":"","background-image":"","background-repeat":"repeat","background-position":"center center","background-size":"auto","background-attachment":"scroll","background-type":"","background-media":"","overlay-type":"","overlay-color":"","overlay-opacity":"","overlay-gradient":""}},"ast-content-background-meta":{"desktop":{"background-color":"var(--ast-global-color-5)","background-image":"","background-repeat":"repeat","background-position":"center center","background-size":"auto","background-attachment":"scroll","background-type":"","background-media":"","overlay-type":"","overlay-color":"","overlay-opacity":"","overlay-gradient":""},"tablet":{"background-color":"var(--ast-global-color-5)","background-image":"","background-repeat":"repeat","background-position":"center center","background-size":"auto","background-attachment":"scroll","background-type":"","background-media":"","overlay-type":"","overlay-color":"","overlay-opacity":"","overlay-gradient":""},"mobile":{"background-color":"var(--ast-global-color-5)","background-image":"","background-repeat":"repeat","background-position":"center center","background-size":"auto","background-attachment":"scroll","background-type":"","background-media":"","overlay-type":"","overlay-color":"","overlay-opacity":"","overlay-gradient":""}},"footnotes":""},"class_list":["post-259","page","type-page","status-publish","hentry"],"acf":[],"_links":{"self":[{"href":"https:\/\/www.fondazionepaolocresci.it\/es\/wp-json\/wp\/v2\/pages\/259","targetHints":{"allow":["GET"]}}],"collection":[{"href":"https:\/\/www.fondazionepaolocresci.it\/es\/wp-json\/wp\/v2\/pages"}],"about":[{"href":"https:\/\/www.fondazionepaolocresci.it\/es\/wp-json\/wp\/v2\/types\/page"}],"author":[{"embeddable":true,"href":"https:\/\/www.fondazionepaolocresci.it\/es\/wp-json\/wp\/v2\/users\/1"}],"replies":[{"embeddable":true,"href":"https:\/\/www.fondazionepaolocresci.it\/es\/wp-json\/wp\/v2\/comments?post=259"}],"version-history":[{"count":3,"href":"https:\/\/www.fondazionepaolocresci.it\/es\/wp-json\/wp\/v2\/pages\/259\/revisions"}],"predecessor-version":[{"id":33581,"href":"https:\/\/www.fondazionepaolocresci.it\/es\/wp-json\/wp\/v2\/pages\/259\/revisions\/33581"}],"wp:attachment":[{"href":"https:\/\/www.fondazionepaolocresci.it\/es\/wp-json\/wp\/v2\/media?parent=259"}],"curies":[{"name":"wp","href":"https:\/\/api.w.org\/{rel}","templated":true}]}}