{"id":22,"date":"2022-11-24T11:06:33","date_gmt":"2022-11-24T10:06:33","guid":{"rendered":"https:\/\/fpc.ms-dev.it\/?page_id=22"},"modified":"2022-12-13T18:31:47","modified_gmt":"2022-12-13T17:31:47","slug":"paolo-cresci","status":"publish","type":"page","link":"https:\/\/www.fondazionepaolocresci.it\/es\/paolo-cresci\/","title":{"rendered":"Paolo Cresci"},"content":{"rendered":"<p><strong>Appassionato ricercatore e collezionista di documenti storici, ha realizzato diverse mostre personali di fotografia e sull&#8217;emigrazione.<\/strong><\/p>\n<strong>Paolo Cresci (Scandicci 1943 &#8211; Signa 1997)<\/strong> ha svolto la sua attivit\u00e0 professionale come fotografo scientifico presso l&#8217;Universit\u00e0 di Firenze. Era un appassionato ricercatore e collezionista di documentazione sulla storia dell&#8217;emigrazione. Ha realizzato diverse mostre personali di fotografia e sull&#8217;emigrazione, partecipando alle pi\u00f9 importanti rassegne di umorismo italiane ed estere e ottenendo vari riconoscimenti.<br \/>\n<strong>En los a\u00f1os setenta<\/strong>con el ilustrador Giuliano Rossetti, concibi\u00f3 la obra fotogr\u00e1fica <em>Intervenciones en la ciudad<\/em> y con la ilustradora Marilena Magnani,\u00a0<em>Folclore y medio ambiente<\/em>.<br \/>\nEn 1973, el folleto fotogr\u00e1fico <em>Humoristas en Bordighera<\/em>; dal 1974 si interess\u00f2 di ricerche di antropologia culturale legate al mondo dell&#8217;immagine. Diede alle stampe nello stesso anno l&#8217;<em>Indagine sull&#8217;emigrazion<\/em><em>e\u00a0<\/em><em>en Garfagnana<\/em> en forma de exposici\u00f3n itinerante por varias ciudades italianas.<br \/>\n<strong>En 1980<\/strong>en colaboraci\u00f3n con Luciano Guidobaldi public\u00f3 el volumen <em>Los Bastiones parten<\/em>Mondadori Editore, Mil\u00e1n<br \/>\n<strong>En 1983<\/strong> ottenne il Dattero d&#8217;Argento nel tema fisso al Salone Internazionale dell&#8217;Umorismo a Bordighera ed il premio Consiglio d&#8217;Europa.<br \/>\n<strong>En 1986<\/strong> publicado <em>Il pane dalle sette croste &#8211; cento anni di emigrazione<\/em>, Maria Pacini Fazzi Editore, volume che comprendeva il materiale del suo ricchissimo archivio. Si interess\u00f2 per anni ad una ricerca documentaristico &#8211; fotografica sulla terra, il mulino, il pane e l&#8217;amore, con documenti iconografici ed epistolari popolari dal titolo <em>Il giocattolo d&#8217;amore<\/em>. La exposici\u00f3n <em>Io, l&#8217;albero<\/em> naci\u00f3 de una foto inicial tomada en 1972 y completada en los a\u00f1os siguientes sobre los aspectos antropom\u00f3rficos de las plantas; en noviembre de 1986 y abril de 1987 se expuso en Citt\u00e0 di Castello.<br \/>\n<strong>En julio de 1991<\/strong>para el C\u00edrculo Cultural Garfagnana, mont\u00f3 la exposici\u00f3n <em>Viva l&#8217;America dove si mangia se si vanga &#8211; la Garfagnana e l&#8217;emigrazione<\/em>acompa\u00f1ado de un peque\u00f1o cat\u00e1logo.<br \/>\n<strong>En 1997<\/strong> fue uno de los comisarios de la exposici\u00f3n <em>The World in my hand , sull&#8217;emigrazione italiana nel mondo tra il 1860 e il 1960<\/em>, allestita a New York,\u00a0sull&#8217;isola di Ellis Island,\u00a0usando i documenti pi\u00f9 significativi della sua raccolta.\n\t\t\t\t\t\t\t\t\t<img decoding=\"async\" src=\"https:\/\/www.fondazionepaolocresci.it\/wp-content\/uploads\/2022\/11\/paolocresci.jpg\" alt=\"paolocresci\" itemprop=\"image\" height=\"400\" width=\"261\" title=\"paolocresci\" onerror=\"this.style.display='none'\"  \/>","protected":false},"excerpt":{"rendered":"<p>Appassionato ricercatore e collezionista di documenti storici, ha realizzato diverse mostre personali di fotografia e sull&#8217;emigrazione. Paolo Cresci (Scandicci 1943 &#8211; Signa 1997) ha svolto la sua attivit\u00e0 professionale come fotografo scientifico presso l&#8217;Universit\u00e0 di Firenze. Era un appassionato ricercatore e collezionista di documentazione sulla storia dell&#8217;emigrazione. Ha realizzato diverse mostre personali di fotografia e [&hellip;]<\/p>\n","protected":false},"author":1,"featured_media":0,"parent":0,"menu_order":0,"comment_status":"closed","ping_status":"open","template":"","meta":{"_acf_changed":false,"_relevanssi_hide_post":"","_relevanssi_hide_content":"","_relevanssi_pin_for_all":"","_relevanssi_pin_keywords":"","_relevanssi_unpin_keywords":"","_relevanssi_related_keywords":"","_relevanssi_related_include_ids":"","_relevanssi_related_exclude_ids":"","_relevanssi_related_no_append":"","_relevanssi_related_not_related":"","_relevanssi_related_posts":"","_relevanssi_noindex_reason":"","site-sidebar-layout":"default","site-content-layout":"","ast-site-content-layout":"default","site-content-style":"default","site-sidebar-style":"default","ast-global-header-display":"","ast-banner-title-visibility":"","ast-main-header-display":"","ast-hfb-above-header-display":"","ast-hfb-below-header-display":"","ast-hfb-mobile-header-display":"","site-post-title":"","ast-breadcrumbs-content":"","ast-featured-img":"","footer-sml-layout":"","ast-disable-related-posts":"","theme-transparent-header-meta":"","adv-header-id-meta":"","stick-header-meta":"","header-above-stick-meta":"","header-main-stick-meta":"","header-below-stick-meta":"","astra-migrate-meta-layouts":"default","ast-page-background-enabled":"default","ast-page-background-meta":{"desktop":{"background-color":"var(--ast-global-color-4)","background-image":"","background-repeat":"repeat","background-position":"center center","background-size":"auto","background-attachment":"scroll","background-type":"","background-media":"","overlay-type":"","overlay-color":"","overlay-opacity":"","overlay-gradient":""},"tablet":{"background-color":"","background-image":"","background-repeat":"repeat","background-position":"center center","background-size":"auto","background-attachment":"scroll","background-type":"","background-media":"","overlay-type":"","overlay-color":"","overlay-opacity":"","overlay-gradient":""},"mobile":{"background-color":"","background-image":"","background-repeat":"repeat","background-position":"center center","background-size":"auto","background-attachment":"scroll","background-type":"","background-media":"","overlay-type":"","overlay-color":"","overlay-opacity":"","overlay-gradient":""}},"ast-content-background-meta":{"desktop":{"background-color":"var(--ast-global-color-5)","background-image":"","background-repeat":"repeat","background-position":"center center","background-size":"auto","background-attachment":"scroll","background-type":"","background-media":"","overlay-type":"","overlay-color":"","overlay-opacity":"","overlay-gradient":""},"tablet":{"background-color":"var(--ast-global-color-5)","background-image":"","background-repeat":"repeat","background-position":"center center","background-size":"auto","background-attachment":"scroll","background-type":"","background-media":"","overlay-type":"","overlay-color":"","overlay-opacity":"","overlay-gradient":""},"mobile":{"background-color":"var(--ast-global-color-5)","background-image":"","background-repeat":"repeat","background-position":"center center","background-size":"auto","background-attachment":"scroll","background-type":"","background-media":"","overlay-type":"","overlay-color":"","overlay-opacity":"","overlay-gradient":""}},"footnotes":""},"class_list":["post-22","page","type-page","status-publish","hentry"],"acf":[],"_links":{"self":[{"href":"https:\/\/www.fondazionepaolocresci.it\/es\/wp-json\/wp\/v2\/pages\/22","targetHints":{"allow":["GET"]}}],"collection":[{"href":"https:\/\/www.fondazionepaolocresci.it\/es\/wp-json\/wp\/v2\/pages"}],"about":[{"href":"https:\/\/www.fondazionepaolocresci.it\/es\/wp-json\/wp\/v2\/types\/page"}],"author":[{"embeddable":true,"href":"https:\/\/www.fondazionepaolocresci.it\/es\/wp-json\/wp\/v2\/users\/1"}],"replies":[{"embeddable":true,"href":"https:\/\/www.fondazionepaolocresci.it\/es\/wp-json\/wp\/v2\/comments?post=22"}],"version-history":[{"count":3,"href":"https:\/\/www.fondazionepaolocresci.it\/es\/wp-json\/wp\/v2\/pages\/22\/revisions"}],"predecessor-version":[{"id":33734,"href":"https:\/\/www.fondazionepaolocresci.it\/es\/wp-json\/wp\/v2\/pages\/22\/revisions\/33734"}],"wp:attachment":[{"href":"https:\/\/www.fondazionepaolocresci.it\/es\/wp-json\/wp\/v2\/media?parent=22"}],"curies":[{"name":"wp","href":"https:\/\/api.w.org\/{rel}","templated":true}]}}