{"id":20,"date":"2022-11-24T11:06:18","date_gmt":"2022-11-24T10:06:18","guid":{"rendered":"https:\/\/fpc.ms-dev.it\/?page_id=20"},"modified":"2022-12-13T18:31:21","modified_gmt":"2022-12-13T17:31:21","slug":"sede","status":"publish","type":"page","link":"https:\/\/www.fondazionepaolocresci.it\/es\/sede\/","title":{"rendered":"Sede central"},"content":{"rendered":"<p><strong>Aunque mantiene sus funciones institucionales, el Palacio est\u00e1 abierto al p\u00fablico para visitas y actos especiales.<\/strong><\/p>\n<p>La Fundaci\u00f3n Paolo Cresci se encuentra en Lucca, en las salas contiguas al <em>Capilla de Santa Mar\u00eda de la Rotonda<\/em> (sede de la exposici\u00f3n permanente sobre la emigraci\u00f3n), dentro de <em>Palacio Ducal<\/em>en la Piazza Napoleone. El Palacio Ducal fue restaurado gracias a la financiaci\u00f3n ministerial del Jubileo 2000 y a la cofinanciaci\u00f3n de la Provincia, y hoy es la sede de la Administraci\u00f3n Provincial. Desde diciembre de 1998, el restaurado Palazzo Pubblico es <em>Patio abierto<\/em>promovido por la Fabbrica del Palazzo como teatro de eventos, con intervenciones art\u00edsticas, conferencias sobre restauraci\u00f3n y calidad urbana, encuentros, seminarios, visitas guiadas y un programa de formaci\u00f3n con la participaci\u00f3n de becarios de diversas disciplinas. Hoy el Palazzo, aun manteniendo sus funciones institucionales, se ha abierto al p\u00fablico, tanto para visitas como para eventos especiales: su nueva imagen es ya protagonista de la vida cultural de la ciudad y el territorio.<\/p>\n<p>&nbsp;<\/p>\n<p><strong>Fundaci\u00f3n Paolo Cresci<\/strong> <strong>para la historia de la emigraci\u00f3n italiana<\/strong><\/p>\nCortile Carrara, 1 - 55100 Lucca<br \/>\nTel. 0583 417483\/4; Fax 0583 417770<br \/>\n<a href=\"mailto:info@fondazionepaolocresci.it\">info@fondazionepaolocresci.it<\/a>\n<p><strong>Museo Paolo Cresci de Historia de la Emigraci\u00f3n Italiana<\/strong><\/p>\nVia Vittorio Emanuele, 3 - 55100 Lucca<br \/>\nTel. 0583 417483; Fax 0583 417770<br \/>\n<a href=\"mailto:info@fondazionepaolocresci.it\">info@fondazionepaolocresci.it<\/a>\n<p><strong>Horario<\/strong><\/p>\n<p>De martes a domingo<\/p>\n<p>10,00 &#8211; 13,00; 15,00 &#8211; 18,00<\/p>\n<p>Cerrado los lunes<\/p>\n<p>Acceso a los Archivos y a la Biblioteca con cita previa<\/p>\n<p>&nbsp;<\/p>\n<p><strong>Palacio Ducal<\/strong><\/p>\nOficina de Relaciones P\u00fablicas<br \/>\nTel. 0583 417486\/.7<br \/>\n<a href=\"mailto:urp@provincia.lucca.it\">urp@provincia.lucca.it<\/a>\n\t\t\t\t\t\t\t\t\t<img decoding=\"async\" src=\"https:\/\/www.fondazionepaolocresci.it\/wp-content\/uploads\/2022\/11\/mappa.jpg\" alt=\"mapa\" itemprop=\"image\" height=\"290\" width=\"400\" title=\"mapa\" onerror=\"this.style.display='none'\"  \/>","protected":false},"excerpt":{"rendered":"<p>Il Palazzo, pur mantenendo le sue funzioni istituzionali, \u00e8 aperto al pubblico per visite e in occasione di eventi speciali. La Fondazione Paolo Cresci \u00e8 situata a Lucca, nelle stanze adiacenti la Cappellina\u00a0di\u00a0S.\u00a0Maria\u00a0della\u00a0Rotonda (sede della mostra permanente sull&#8217;emigrazione), all&#8217;interno di Palazzo\u00a0Ducalein Piazza Napoleone. Palazzo Ducale\u00a0\u00e8 stato restaurato grazie al finanziamento ministeriale per il Giubileo 2000 [&hellip;]<\/p>\n","protected":false},"author":1,"featured_media":0,"parent":0,"menu_order":0,"comment_status":"closed","ping_status":"open","template":"","meta":{"_acf_changed":false,"_relevanssi_hide_post":"","_relevanssi_hide_content":"","_relevanssi_pin_for_all":"","_relevanssi_pin_keywords":"","_relevanssi_unpin_keywords":"","_relevanssi_related_keywords":"","_relevanssi_related_include_ids":"","_relevanssi_related_exclude_ids":"","_relevanssi_related_no_append":"","_relevanssi_related_not_related":"","_relevanssi_related_posts":"","_relevanssi_noindex_reason":"","site-sidebar-layout":"default","site-content-layout":"","ast-site-content-layout":"default","site-content-style":"default","site-sidebar-style":"default","ast-global-header-display":"","ast-banner-title-visibility":"","ast-main-header-display":"","ast-hfb-above-header-display":"","ast-hfb-below-header-display":"","ast-hfb-mobile-header-display":"","site-post-title":"","ast-breadcrumbs-content":"","ast-featured-img":"","footer-sml-layout":"","ast-disable-related-posts":"","theme-transparent-header-meta":"","adv-header-id-meta":"","stick-header-meta":"","header-above-stick-meta":"","header-main-stick-meta":"","header-below-stick-meta":"","astra-migrate-meta-layouts":"default","ast-page-background-enabled":"default","ast-page-background-meta":{"desktop":{"background-color":"var(--ast-global-color-4)","background-image":"","background-repeat":"repeat","background-position":"center center","background-size":"auto","background-attachment":"scroll","background-type":"","background-media":"","overlay-type":"","overlay-color":"","overlay-opacity":"","overlay-gradient":""},"tablet":{"background-color":"","background-image":"","background-repeat":"repeat","background-position":"center center","background-size":"auto","background-attachment":"scroll","background-type":"","background-media":"","overlay-type":"","overlay-color":"","overlay-opacity":"","overlay-gradient":""},"mobile":{"background-color":"","background-image":"","background-repeat":"repeat","background-position":"center center","background-size":"auto","background-attachment":"scroll","background-type":"","background-media":"","overlay-type":"","overlay-color":"","overlay-opacity":"","overlay-gradient":""}},"ast-content-background-meta":{"desktop":{"background-color":"var(--ast-global-color-5)","background-image":"","background-repeat":"repeat","background-position":"center center","background-size":"auto","background-attachment":"scroll","background-type":"","background-media":"","overlay-type":"","overlay-color":"","overlay-opacity":"","overlay-gradient":""},"tablet":{"background-color":"var(--ast-global-color-5)","background-image":"","background-repeat":"repeat","background-position":"center center","background-size":"auto","background-attachment":"scroll","background-type":"","background-media":"","overlay-type":"","overlay-color":"","overlay-opacity":"","overlay-gradient":""},"mobile":{"background-color":"var(--ast-global-color-5)","background-image":"","background-repeat":"repeat","background-position":"center center","background-size":"auto","background-attachment":"scroll","background-type":"","background-media":"","overlay-type":"","overlay-color":"","overlay-opacity":"","overlay-gradient":""}},"footnotes":""},"class_list":["post-20","page","type-page","status-publish","hentry"],"acf":[],"_links":{"self":[{"href":"https:\/\/www.fondazionepaolocresci.it\/es\/wp-json\/wp\/v2\/pages\/20","targetHints":{"allow":["GET"]}}],"collection":[{"href":"https:\/\/www.fondazionepaolocresci.it\/es\/wp-json\/wp\/v2\/pages"}],"about":[{"href":"https:\/\/www.fondazionepaolocresci.it\/es\/wp-json\/wp\/v2\/types\/page"}],"author":[{"embeddable":true,"href":"https:\/\/www.fondazionepaolocresci.it\/es\/wp-json\/wp\/v2\/users\/1"}],"replies":[{"embeddable":true,"href":"https:\/\/www.fondazionepaolocresci.it\/es\/wp-json\/wp\/v2\/comments?post=20"}],"version-history":[{"count":5,"href":"https:\/\/www.fondazionepaolocresci.it\/es\/wp-json\/wp\/v2\/pages\/20\/revisions"}],"predecessor-version":[{"id":33733,"href":"https:\/\/www.fondazionepaolocresci.it\/es\/wp-json\/wp\/v2\/pages\/20\/revisions\/33733"}],"wp:attachment":[{"href":"https:\/\/www.fondazionepaolocresci.it\/es\/wp-json\/wp\/v2\/media?parent=20"}],"curies":[{"name":"wp","href":"https:\/\/api.w.org\/{rel}","templated":true}]}}