{"id":33812,"date":"2023-03-22T11:41:57","date_gmt":"2023-03-22T10:41:57","guid":{"rendered":"https:\/\/fpc.ms-dev.it\/?page_id=33812"},"modified":"2023-03-25T10:53:54","modified_gmt":"2023-03-25T09:53:54","slug":"the-travel-and-arrival","status":"publish","type":"page","link":"https:\/\/www.fondazionepaolocresci.it\/en\/museo\/il-viaggio-e-larrivo\/","title":{"rendered":"The journey and the arrival"},"content":{"rendered":"<h1>\n\t\t &#8211; \n\t<\/h1>\n<h2>\n\t\tOn board \n\t<\/h2>\n\t<p>Sino alla fine dell&#8217;Ottocento il trasporto degli emigranti avveniva con vecchi velieri .Il viaggio, poteva durare anche un mese in condizioni di vita inimmaginabili. Le cuccette, nella parte bassa della nave, per lo pi\u00f9 ricevevano aria soltanto dai boccaporti. Di conseguenza, al mattino, qualunque fossero le condizioni atmosferiche, tutti erano costretti a trasferirsi sui ponti: le malattie &#8211; polmonari e intestinali specialmente &#8211; erano diffuse e la mortalit\u00e0 alta.<\/p>\n<p>La valigia \u00e8 stata a lungo il simbolo dell&#8217;emigrazione; prima c&#8217;era il &#8220;fagotto&#8221;: un pezzo di stoffa in cui avvolgere le cose da portare con s\u00e9. E nel fagotto, o nella valigia, c&#8217;era tutto un &#8220;mondo&#8221;: ricordi della famiglia, un biglietto per un parente o un compaesano, una lettera di presentazione che, si sperava, potesse essere utile.&#8230;. Con la costruzione negli anni Venti dei grandi piroscafi da crociera che trasportavano anche emigranti, la durata del viaggio e le condizioni di vita a bordo migliorarono.<\/p>\n\t\t\t\t<a\n\t\t\thref=\"https:\/\/www.fondazionepaolocresci.it\/wp-content\/uploads\/2023\/03\/01.jpg\"\n\t\t\t\t\t\tdata-fancybox=\"images\" \n\t\t\ttitle=\"01\" \n\t\t\t\t\t\tdata-caption=\"Emigranti sul ponte, inizi novecento\"\n\t\t\t\t\t\tdata-description=\"\" \n\t\t\titemprop=\"contentUrl\">\n\t\t\t<img decoding=\"async\" src=\"https:\/\/www.fondazionepaolocresci.it\/wp-content\/uploads\/2023\/03\/01.jpg\" alt=\"\" data-no-lazy=\"1\" itemprop=\"thumbnail\" width=\"343\" height=\"455\" \/>\n\t\t\t<!-- Overlay Wrapper -->\n\t\t\t <!-- Overlay Wrapper Closed -->\n\t\t\t\t<\/a>\n\t\t\t\t\t\t\t<meta itemprop=\"width\" content=\"343\" \/>\n\t\t\t<meta itemprop=\"height\" content=\"455\" \/>\n\t\tEmigrants on the bridge, early twentieth century\n\t\t\t\t<a\n\t\t\thref=\"https:\/\/www.fondazionepaolocresci.it\/wp-content\/uploads\/2023\/03\/02_50-new-400x304-1.jpg\"\n\t\t\t\t\t\tdata-fancybox=\"images\" \n\t\t\ttitle=\"02_50-new-400x304\" \n\t\t\t\t\t\tdata-caption=\"Donne emigranti in coperta. 1900\"\n\t\t\t\t\t\tdata-description=\"\" \n\t\t\titemprop=\"contentUrl\">\n\t\t\t<img decoding=\"async\" src=\"https:\/\/www.fondazionepaolocresci.it\/wp-content\/uploads\/2023\/03\/02_50-new-400x304-1.jpg\" alt=\"\" data-no-lazy=\"1\" itemprop=\"thumbnail\" width=\"455\" height=\"346\" \/>\n\t\t\t<!-- Overlay Wrapper -->\n\t\t\t <!-- Overlay Wrapper Closed -->\n\t\t\t\t<\/a>\n\t\t\t\t\t\t\t<meta itemprop=\"width\" content=\"455\" \/>\n\t\t\t<meta itemprop=\"height\" content=\"346\" \/>\n\t\tWomen emigrants on deck. 1900\n\t\t\t\t<a\n\t\t\thref=\"https:\/\/www.fondazionepaolocresci.it\/wp-content\/uploads\/2023\/03\/03_5364-354x400-1.jpg\"\n\t\t\t\t\t\tdata-fancybox=\"images\" \n\t\t\ttitle=\"03_5364-354x400\" \n\t\t\t\t\t\tdata-caption=\"Spaccato di un piroscafo\"\n\t\t\t\t\t\tdata-description=\"\" \n\t\t\titemprop=\"contentUrl\">\n\t\t\t<img decoding=\"async\" src=\"https:\/\/www.fondazionepaolocresci.it\/wp-content\/uploads\/2023\/03\/03_5364-354x400-1.jpg\" alt=\"\" data-no-lazy=\"1\" itemprop=\"thumbnail\" width=\"403\" height=\"455\" \/>\n\t\t\t<!-- Overlay Wrapper -->\n\t\t\t <!-- Overlay Wrapper Closed -->\n\t\t\t\t<\/a>\n\t\t\t\t\t\t\t<meta itemprop=\"width\" content=\"403\" \/>\n\t\t\t<meta itemprop=\"height\" content=\"455\" \/>\n\t\tCutaway of a steamship\n\t<h2>\n\t\tArrived at last!\n\t<\/h2>\n\t<p>Nel paradiso terrestre promesso dalle &#8220;Guide&#8221; le cose, in realt\u00e0, stavano diversamente. All&#8217;arrivo gli immigrati si rendevano conto di essere giunti nell&#8217;America com&#8217;era e non quella sognata. Alla dogana venivano sottoposti a pesanti formalit\u00e0 burocratiche, molti respinti perch\u00e9 affetti da malattie invalidanti. Gli ammessi erano trattati come al mercato degli schiavi. In Argentina e Brasile, una volta sulla terraferma venivano alloggiati in strutture simili a prigioni &#8211; l&#8217;Hotel e l&#8217;Hospedaria degli immigranti. Il punto di forza dell&#8217;emigrante era la &#8220;catena migratoria&#8221;, la rete di parenti, amici, compaesani che, avendo gi\u00e0 vissuto l&#8217;esperienza dell&#8217;emigrazione, cercava di facilitare il suo inserimento nel nuovo paese.<\/p>\n\t\t\t\t<a\n\t\t\thref=\"https:\/\/www.fondazionepaolocresci.it\/wp-content\/uploads\/2023\/03\/04_17-1-242x400-1.jpg\"\n\t\t\t\t\t\tdata-fancybox=\"images\" \n\t\t\ttitle=\"04_17-1-242x400\" \n\t\t\t\t\t\tdata-caption=\"New York, Appena arrivati\"\n\t\t\t\t\t\tdata-description=\"\" \n\t\t\titemprop=\"contentUrl\">\n\t\t\t<img decoding=\"async\" src=\"https:\/\/www.fondazionepaolocresci.it\/wp-content\/uploads\/2023\/03\/04_17-1-242x400-1.jpg\" alt=\"\" data-no-lazy=\"1\" itemprop=\"thumbnail\" width=\"275\" height=\"455\" \/>\n\t\t\t<!-- Overlay Wrapper -->\n\t\t\t <!-- Overlay Wrapper Closed -->\n\t\t\t\t<\/a>\n\t\t\t\t\t\t\t<meta itemprop=\"width\" content=\"275\" \/>\n\t\t\t<meta itemprop=\"height\" content=\"455\" \/>\n\t\tNew York, Just Arrived\n\t\t\t\t<a\n\t\t\thref=\"https:\/\/www.fondazionepaolocresci.it\/wp-content\/uploads\/2023\/03\/05_538.jpeg\"\n\t\t\t\t\t\tdata-fancybox=\"images\" \n\t\t\ttitle=\"05_538\" \n\t\t\t\t\t\tdata-caption=\"USA, New York, Banchina d'approdo della Navigazione Generale Italiana\"\n\t\t\t\t\t\tdata-description=\"\" \n\t\t\titemprop=\"contentUrl\">\n\t\t\t<img decoding=\"async\" src=\"https:\/\/www.fondazionepaolocresci.it\/wp-content\/uploads\/2023\/03\/05_538.jpeg\" alt=\"\" data-no-lazy=\"1\" itemprop=\"thumbnail\" width=\"455\" height=\"293\" \/>\n\t\t\t<!-- Overlay Wrapper -->\n\t\t\t <!-- Overlay Wrapper Closed -->\n\t\t\t\t<\/a>\n\t\t\t\t\t\t\t<meta itemprop=\"width\" content=\"455\" \/>\n\t\t\t<meta itemprop=\"height\" content=\"293\" \/>\n\t\tUSA, New York, Banchina d&#8217;approdo della Navigazione Generale Italiana\n\t\t\t\t<a\n\t\t\thref=\"https:\/\/www.fondazionepaolocresci.it\/wp-content\/uploads\/2023\/03\/06_3835.jpeg\"\n\t\t\t\t\t\tdata-fancybox=\"images\" \n\t\t\ttitle=\"06_3835\" \n\t\t\t\t\t\tdata-caption=\"Argentina, Buenos Aires, 1900 circa. Carretti che trasportano gli emigrati sulla terraferma\"\n\t\t\t\t\t\tdata-description=\"\" \n\t\t\titemprop=\"contentUrl\">\n\t\t\t<img decoding=\"async\" src=\"https:\/\/www.fondazionepaolocresci.it\/wp-content\/uploads\/2023\/03\/06_3835.jpeg\" alt=\"\" data-no-lazy=\"1\" itemprop=\"thumbnail\" width=\"455\" height=\"339\" \/>\n\t\t\t<!-- Overlay Wrapper -->\n\t\t\t <!-- Overlay Wrapper Closed -->\n\t\t\t\t<\/a>\n\t\t\t\t\t\t\t<meta itemprop=\"width\" content=\"455\" \/>\n\t\t\t<meta itemprop=\"height\" content=\"339\" \/>\n\t\tArgentina, Buenos Aires, circa 1900. Carriages transporting emigrants to the mainland.\n\t\t\t\t<a\n\t\t\thref=\"https:\/\/www.fondazionepaolocresci.it\/wp-content\/uploads\/2023\/03\/07_fondo-pagina4-a-cartolina-400x258-1.jpg\"\n\t\t\t\t\t\tdata-fancybox=\"images\" \n\t\t\ttitle=\"07_fondo-pagina4-a-cartolina-400x258\" \n\t\t\t\t\t\tdata-caption=\"L'arrivo al porto di New York \"\n\t\t\t\t\t\tdata-description=\"\" \n\t\t\titemprop=\"contentUrl\">\n\t\t\t<img decoding=\"async\" src=\"https:\/\/www.fondazionepaolocresci.it\/wp-content\/uploads\/2023\/03\/07_fondo-pagina4-a-cartolina-400x258-1.jpg\" alt=\"\" data-no-lazy=\"1\" itemprop=\"thumbnail\" width=\"455\" height=\"293\" \/>\n\t\t\t<!-- Overlay Wrapper -->\n\t\t\t <!-- Overlay Wrapper Closed -->\n\t\t\t\t<\/a>\n\t\t\t\t\t\t\t<meta itemprop=\"width\" content=\"455\" \/>\n\t\t\t<meta itemprop=\"height\" content=\"293\" \/>\n\t\tL&#8217;arrivo al porto di New York \n\t<h2>\n\t\tLa &#8220;Merica&#8221;\n\t<\/h2>\n\t<p>Negli Stati Uniti, all&#8217;arrivo a New York, gli emigranti venivano sbarcati a Ellis Island per i controlli Rigorose norme operavano una drastica selezione: si veniva respinti per malattia, per povert\u00e0 estrema, et\u00e0 giovanile o troppo avanzata, stato civile (donne e orfani privi di sostegno nel nuovo paese).<\/p>\n<p>Nel 1917 fu varato il Literacy Act,una legge sull&#8217;analfabetismo che impose una stretta all&#8217;immigrazione e colp\u00ec tantissimi italiani specie meridionali. Ulteriori restrizioni si ebbero, nel 1921 e nel 1924, con leggi che stabilirono annualmente il numero di immigrati.<\/p>\n\t\t\t\t<a\n\t\t\thref=\"https:\/\/www.fondazionepaolocresci.it\/wp-content\/uploads\/2023\/03\/08_pag-18-400x309-1.jpg\"\n\t\t\t\t\t\tdata-fancybox=\"images\" \n\t\t\ttitle=\"08_pag-18-400x309\" \n\t\t\t\t\t\tdata-caption=\"USA, New York. Appena sbarcati ad Ellis Island\"\n\t\t\t\t\t\tdata-description=\"\" \n\t\t\titemprop=\"contentUrl\">\n\t\t\t<img decoding=\"async\" src=\"https:\/\/www.fondazionepaolocresci.it\/wp-content\/uploads\/2023\/03\/08_pag-18-400x309-1.jpg\" alt=\"\" data-no-lazy=\"1\" itemprop=\"thumbnail\" width=\"455\" height=\"351\" \/>\n\t\t\t<!-- Overlay Wrapper -->\n\t\t\t <!-- Overlay Wrapper Closed -->\n\t\t\t\t<\/a>\n\t\t\t\t\t\t\t<meta itemprop=\"width\" content=\"455\" \/>\n\t\t\t<meta itemprop=\"height\" content=\"351\" \/>\n\t\tUSA, New York. As soon as they landed at Ellis Island.\n\t\t\t\t<a\n\t\t\thref=\"https:\/\/www.fondazionepaolocresci.it\/wp-content\/uploads\/2023\/03\/09_pag-18-19-400x282-1.jpg\"\n\t\t\t\t\t\tdata-fancybox=\"images\" \n\t\t\ttitle=\"09_pag-18-19-400x282\" \n\t\t\t\t\t\tdata-caption=\"USA, New York, Il salone di Ellis Island dove gli immigrati sostavano in attesa dell'espletamento delle pratiche di controllo e di accettazione\"\n\t\t\t\t\t\tdata-description=\"\" \n\t\t\titemprop=\"contentUrl\">\n\t\t\t<img decoding=\"async\" src=\"https:\/\/www.fondazionepaolocresci.it\/wp-content\/uploads\/2023\/03\/09_pag-18-19-400x282-1.jpg\" alt=\"\" data-no-lazy=\"1\" itemprop=\"thumbnail\" width=\"455\" height=\"321\" \/>\n\t\t\t<!-- Overlay Wrapper -->\n\t\t\t <!-- Overlay Wrapper Closed -->\n\t\t\t\t<\/a>\n\t\t\t\t\t\t\t<meta itemprop=\"width\" content=\"455\" \/>\n\t\t\t<meta itemprop=\"height\" content=\"321\" \/>\n\t\tUSA, New York, Il salone di Ellis Island dove gli immigrati sostavano in attesa dell&#8217;espletamento delle pratiche di controllo e di accettazione\n\t\t\t\t<a\n\t\t\thref=\"https:\/\/www.fondazionepaolocresci.it\/wp-content\/uploads\/2023\/03\/010_Veduta-di-Ellis-Island.-Fine-800-640x252-1.jpg\"\n\t\t\t\t\t\tdata-fancybox=\"images\" \n\t\t\ttitle=\"010_Veduta-di-Ellis-Island.-Fine-800-640x252\" \n\t\t\t\t\t\tdata-caption=\"USA New York. Veduta di Ellis Island\"\n\t\t\t\t\t\tdata-description=\"\" \n\t\t\titemprop=\"contentUrl\">\n\t\t\t<img decoding=\"async\" src=\"https:\/\/www.fondazionepaolocresci.it\/wp-content\/uploads\/2023\/03\/010_Veduta-di-Ellis-Island.-Fine-800-640x252-1.jpg\" alt=\"\" data-no-lazy=\"1\" itemprop=\"thumbnail\" width=\"455\" height=\"179\" \/>\n\t\t\t<!-- Overlay Wrapper -->\n\t\t\t <!-- Overlay Wrapper Closed -->\n\t\t\t\t<\/a>\n\t\t\t\t\t\t\t<meta itemprop=\"width\" content=\"455\" \/>\n\t\t\t<meta itemprop=\"height\" content=\"179\" \/>\n\t\tUSA New York. View of Ellis Island\n\t<h2>\n\t\tMiss Liberty\n\t<\/h2>\n\t<p>La Statua della libert\u00e0 fu donata dalla Francia agli Stati Uniti e si leg\u00f2 al fenomeno dell&#8217;emigrazione Quella bella signora sembrava essere grande come l&#8217;America e come i sogni degli emigranti di &#8220;fare la Merica&#8221;.Invece, all&#8217;arrivo nel porto di New York, gli emigranti venivano sbarcati a Ellis Island e sottoposti a controlli e spesso umiliazioni. Eppure, nell&#8217;immaginario di molti immigrati la Statua della libert\u00e0 \u00e8 diventata l&#8217;America; poi scoprirono che le strade non erano pavimentate di oro e che quelle strade sarebbe toccato a loro costruirle.<\/p>\n\t\t\t\t<a\n\t\t\thref=\"https:\/\/www.fondazionepaolocresci.it\/wp-content\/uploads\/2023\/03\/011_.jpg\"\n\t\t\t\t\t\tdata-fancybox=\"images\" \n\t\t\ttitle=\"011_\" \n\t\t\t\t\t\tdata-caption=\"L'immagine della Statua della libert\u00e0 \u00e8 quella che gli emigrati negli Stati Uniti hanno pi\u00f9 inviato a famiglia e amici rimasti in Italia \"\n\t\t\t\t\t\tdata-description=\"\" \n\t\t\titemprop=\"contentUrl\">\n\t\t\t<img decoding=\"async\" src=\"https:\/\/www.fondazionepaolocresci.it\/wp-content\/uploads\/2023\/03\/011_.jpg\" alt=\"\" data-no-lazy=\"1\" itemprop=\"thumbnail\" width=\"455\" height=\"296\" \/>\n\t\t\t<!-- Overlay Wrapper -->\n\t\t\t <!-- Overlay Wrapper Closed -->\n\t\t\t\t<\/a>\n\t\t\t\t\t\t\t<meta itemprop=\"width\" content=\"455\" \/>\n\t\t\t<meta itemprop=\"height\" content=\"296\" \/>\n\t\tL&#8217;immagine della Statua della libert\u00e0 \u00e8 quella che gli emigrati negli Stati Uniti hanno pi\u00f9 inviato a famiglia e amici rimasti in Italia \n\t\t\t\t<a\n\t\t\thref=\"https:\/\/www.fondazionepaolocresci.it\/wp-content\/uploads\/2023\/03\/012_c00006908-256x400-1.jpg\"\n\t\t\t\t\t\tdata-fancybox=\"images\" \n\t\t\ttitle=\"012_c00006908-256x400\" \n\t\t\t\t\t\tdata-caption=\"L'immagine della Statua della libert\u00e0 \u00e8 quella che gli emigrati negli Stati Uniti hanno pi\u00f9 inviato a famiglia e amici rimasti in Italia\"\n\t\t\t\t\t\tdata-description=\"\" \n\t\t\titemprop=\"contentUrl\">\n\t\t\t<img decoding=\"async\" src=\"https:\/\/www.fondazionepaolocresci.it\/wp-content\/uploads\/2023\/03\/012_c00006908-256x400-1.jpg\" alt=\"\" data-no-lazy=\"1\" itemprop=\"thumbnail\" width=\"291\" height=\"455\" \/>\n\t\t\t<!-- Overlay Wrapper -->\n\t\t\t <!-- Overlay Wrapper Closed -->\n\t\t\t\t<\/a>\n\t\t\t\t\t\t\t<meta itemprop=\"width\" content=\"291\" \/>\n\t\t\t<meta itemprop=\"height\" content=\"455\" \/>\n\t\tL&#8217;immagine della Statua della libert\u00e0 \u00e8 quella che gli emigrati negli Stati Uniti hanno pi\u00f9 inviato a famiglia e amici rimasti in Italia\n\t<nav aria-label=\"Museum\" itemscope=\"itemscope\" itemtype=\"https:\/\/schema.org\/SiteNavigationElement\">\n\t\t<ul id=\"menu-museo\"><li id=\"menu-item-33836\"><a href=\"https:\/\/www.fondazionepaolocresci.it\/en\/museum\/\" tabindex=\"0\" role=\"link\">Presentation<\/a><\/li><li id=\"menu-item-33833\"><a href=\"https:\/\/www.fondazionepaolocresci.it\/en\/museum\/the-departure\/\" tabindex=\"0\" role=\"link\">The departure<\/a><\/li><li id=\"menu-item-33832\"><a href=\"https:\/\/www.fondazionepaolocresci.it\/en\/museum\/the-travel-and-arrival\/\" aria-current=\"page\" tabindex=\"0\" role=\"link\">The journey and the arrival<\/a><\/li><li id=\"menu-item-33831\"><a href=\"https:\/\/www.fondazionepaolocresci.it\/en\/museum\/the-work\/\" tabindex=\"0\" role=\"link\">The work<\/a><\/li><li id=\"menu-item-33830\"><a href=\"https:\/\/www.fondazionepaolocresci.it\/en\/museum\/the-new-patries\/\" tabindex=\"0\" role=\"link\">The new homelands<\/a><\/li><li id=\"menu-item-33829\"><a href=\"https:\/\/www.fondazionepaolocresci.it\/en\/museum\/the-thread-of-remembrance\/\" tabindex=\"0\" role=\"link\">The thread of remembrance<\/a><\/li><li id=\"menu-item-33828\"><a href=\"https:\/\/www.fondazionepaolocresci.it\/en\/museum\/di-nuovo-in-cammino-oggi\/\" tabindex=\"0\" role=\"link\">On the road again: today<\/a><\/li><\/ul>\n\t\t\t<\/nav>","protected":false},"excerpt":{"rendered":"<p>&#8211; A bordo Sino alla fine dell&#8217;Ottocento il trasporto degli emigranti avveniva con vecchi velieri .Il viaggio, poteva durare anche un mese in condizioni di vita inimmaginabili. Le cuccette, nella parte bassa della nave, per lo pi\u00f9 ricevevano aria soltanto dai boccaporti. Di conseguenza, al mattino, qualunque fossero le condizioni atmosferiche, tutti erano costretti a [&hellip;]<\/p>\n","protected":false},"author":1,"featured_media":0,"parent":24,"menu_order":0,"comment_status":"closed","ping_status":"open","template":"","meta":{"_acf_changed":false,"_relevanssi_hide_post":"","_relevanssi_hide_content":"","_relevanssi_pin_for_all":"","_relevanssi_pin_keywords":"","_relevanssi_unpin_keywords":"","_relevanssi_related_keywords":"","_relevanssi_related_include_ids":"","_relevanssi_related_exclude_ids":"","_relevanssi_related_no_append":"","_relevanssi_related_not_related":"","_relevanssi_related_posts":"","_relevanssi_noindex_reason":"","site-sidebar-layout":"default","site-content-layout":"","ast-site-content-layout":"default","site-content-style":"default","site-sidebar-style":"default","ast-global-header-display":"","ast-banner-title-visibility":"","ast-main-header-display":"","ast-hfb-above-header-display":"","ast-hfb-below-header-display":"","ast-hfb-mobile-header-display":"","site-post-title":"","ast-breadcrumbs-content":"","ast-featured-img":"","footer-sml-layout":"","ast-disable-related-posts":"","theme-transparent-header-meta":"","adv-header-id-meta":"","stick-header-meta":"","header-above-stick-meta":"","header-main-stick-meta":"","header-below-stick-meta":"","astra-migrate-meta-layouts":"default","ast-page-background-enabled":"default","ast-page-background-meta":{"desktop":{"background-color":"var(--ast-global-color-4)","background-image":"","background-repeat":"repeat","background-position":"center center","background-size":"auto","background-attachment":"scroll","background-type":"","background-media":"","overlay-type":"","overlay-color":"","overlay-opacity":"","overlay-gradient":""},"tablet":{"background-color":"","background-image":"","background-repeat":"repeat","background-position":"center center","background-size":"auto","background-attachment":"scroll","background-type":"","background-media":"","overlay-type":"","overlay-color":"","overlay-opacity":"","overlay-gradient":""},"mobile":{"background-color":"","background-image":"","background-repeat":"repeat","background-position":"center center","background-size":"auto","background-attachment":"scroll","background-type":"","background-media":"","overlay-type":"","overlay-color":"","overlay-opacity":"","overlay-gradient":""}},"ast-content-background-meta":{"desktop":{"background-color":"var(--ast-global-color-5)","background-image":"","background-repeat":"repeat","background-position":"center center","background-size":"auto","background-attachment":"scroll","background-type":"","background-media":"","overlay-type":"","overlay-color":"","overlay-opacity":"","overlay-gradient":""},"tablet":{"background-color":"var(--ast-global-color-5)","background-image":"","background-repeat":"repeat","background-position":"center center","background-size":"auto","background-attachment":"scroll","background-type":"","background-media":"","overlay-type":"","overlay-color":"","overlay-opacity":"","overlay-gradient":""},"mobile":{"background-color":"var(--ast-global-color-5)","background-image":"","background-repeat":"repeat","background-position":"center center","background-size":"auto","background-attachment":"scroll","background-type":"","background-media":"","overlay-type":"","overlay-color":"","overlay-opacity":"","overlay-gradient":""}},"footnotes":""},"class_list":["post-33812","page","type-page","status-publish","hentry"],"acf":[],"_links":{"self":[{"href":"https:\/\/www.fondazionepaolocresci.it\/en\/wp-json\/wp\/v2\/pages\/33812","targetHints":{"allow":["GET"]}}],"collection":[{"href":"https:\/\/www.fondazionepaolocresci.it\/en\/wp-json\/wp\/v2\/pages"}],"about":[{"href":"https:\/\/www.fondazionepaolocresci.it\/en\/wp-json\/wp\/v2\/types\/page"}],"author":[{"embeddable":true,"href":"https:\/\/www.fondazionepaolocresci.it\/en\/wp-json\/wp\/v2\/users\/1"}],"replies":[{"embeddable":true,"href":"https:\/\/www.fondazionepaolocresci.it\/en\/wp-json\/wp\/v2\/comments?post=33812"}],"version-history":[{"count":2,"href":"https:\/\/www.fondazionepaolocresci.it\/en\/wp-json\/wp\/v2\/pages\/33812\/revisions"}],"predecessor-version":[{"id":33875,"href":"https:\/\/www.fondazionepaolocresci.it\/en\/wp-json\/wp\/v2\/pages\/33812\/revisions\/33875"}],"up":[{"embeddable":true,"href":"https:\/\/www.fondazionepaolocresci.it\/en\/wp-json\/wp\/v2\/pages\/24"}],"wp:attachment":[{"href":"https:\/\/www.fondazionepaolocresci.it\/en\/wp-json\/wp\/v2\/media?parent=33812"}],"curies":[{"name":"wp","href":"https:\/\/api.w.org\/{rel}","templated":true}]}}