{"id":20,"date":"2022-11-24T11:06:18","date_gmt":"2022-11-24T10:06:18","guid":{"rendered":"https:\/\/fpc.ms-dev.it\/?page_id=20"},"modified":"2022-12-13T18:31:21","modified_gmt":"2022-12-13T17:31:21","slug":"headquarters","status":"publish","type":"page","link":"https:\/\/www.fondazionepaolocresci.it\/en\/sede\/","title":{"rendered":"Headquarters"},"content":{"rendered":"<p><strong>The Palace, while maintaining its institutional functions, is open to the public for tours and during special events.<\/strong><\/p>\n<p>The Paolo Cresci Foundation is located in Lucca, in rooms adjacent to the <em>Little Chapel of St. Mary of the Rotunda<\/em> (sede della mostra permanente sull&#8217;emigrazione), all&#8217;interno di <em>Ducal Palace<\/em>in Piazza Napoleone. Palazzo Ducale\u00a0\u00e8 stato restaurato grazie al finanziamento ministeriale per il Giubileo 2000 ed al cofinanziamento della Provincia ed oggi \u00e8\u00a0sede dell&#8217;Amministrazione Provinciale. Sin dal dicembre 1998, il Palazzo Pubblico in restauro \u00e8 stato <em>Open Yard<\/em>, promosso dalla Fabbrica del Palazzo come teatro di eventi, con interventi d&#8217;arte, convegni sul restauro e sulla qualit\u00e0 urbana, incontri, seminari, visite guidate ed un programma formativo con la partecipazioni di stagisti di varie discipline. Oggi il Palazzo, pur mantenendo le sue funzioni istituzionali, \u00e8 stato aperto al pubblico, sia per visite, sia in occasione di eventi speciali: la sua nuova immagine \u00e8 gi\u00e0 protagonista della vita culturale della citt\u00e0 e del territorio.<\/p>\n<p>&nbsp;<\/p>\n<p><strong>Paolo Cresci Foundation<\/strong> <strong>per la storia dell&#8217;emigrazione italiana<\/strong><\/p>\nCortile Carrara, 1 &#8211; 55100 Lucca<br \/>\nTel 0583 417483\/4; Fax 0583 417770<br \/>\n<a href=\"mailto:info@fondazionepaolocresci.it\">info@fondazionepaolocresci.it<\/a>\n<p><strong>Museo Paolo Cresci per la storia dell&#8217;emigrazione italiana<\/strong><\/p>\nVia Vittorio Emanuele, 3 &#8211; 55100 Lucca<br \/>\nTel 0583 417483; Fax 0583 417770<br \/>\n<a href=\"mailto:info@fondazionepaolocresci.it\">info@fondazionepaolocresci.it<\/a>\n<p><strong>Schedules<\/strong><\/p>\n<p>Tuesday through Sunday<\/p>\n<p>10,00 &#8211; 13,00; 15,00 &#8211; 18,00<\/p>\n<p>Closed on Mondays<\/p>\n<p>Accesso all&#8217;Archivio ed alla Biblioteca su appuntamento<\/p>\n<p>&nbsp;<\/p>\n<p><strong>Ducal Palace<\/strong><\/p>\nPublic Relations Office<br \/>\nTel. 0583 417486\/.7<br \/>\n<a href=\"mailto:urp@provincia.lucca.it\">urp@provincia.lucca.it<\/a>\n\t\t\t\t\t\t\t\t\t<img decoding=\"async\" src=\"https:\/\/www.fondazionepaolocresci.it\/wp-content\/uploads\/2022\/11\/mappa.jpg\" alt=\"map\" itemprop=\"image\" height=\"290\" width=\"400\" title=\"map\" onerror=\"this.style.display='none'\"  \/>","protected":false},"excerpt":{"rendered":"<p>Il Palazzo, pur mantenendo le sue funzioni istituzionali, \u00e8 aperto al pubblico per visite e in occasione di eventi speciali. La Fondazione Paolo Cresci \u00e8 situata a Lucca, nelle stanze adiacenti la Cappellina\u00a0di\u00a0S.\u00a0Maria\u00a0della\u00a0Rotonda (sede della mostra permanente sull&#8217;emigrazione), all&#8217;interno di Palazzo\u00a0Ducalein Piazza Napoleone. Palazzo Ducale\u00a0\u00e8 stato restaurato grazie al finanziamento ministeriale per il Giubileo 2000 [&hellip;]<\/p>\n","protected":false},"author":1,"featured_media":0,"parent":0,"menu_order":0,"comment_status":"closed","ping_status":"open","template":"","meta":{"_acf_changed":false,"_relevanssi_hide_post":"","_relevanssi_hide_content":"","_relevanssi_pin_for_all":"","_relevanssi_pin_keywords":"","_relevanssi_unpin_keywords":"","_relevanssi_related_keywords":"","_relevanssi_related_include_ids":"","_relevanssi_related_exclude_ids":"","_relevanssi_related_no_append":"","_relevanssi_related_not_related":"","_relevanssi_related_posts":"","_relevanssi_noindex_reason":"","site-sidebar-layout":"default","site-content-layout":"","ast-site-content-layout":"default","site-content-style":"default","site-sidebar-style":"default","ast-global-header-display":"","ast-banner-title-visibility":"","ast-main-header-display":"","ast-hfb-above-header-display":"","ast-hfb-below-header-display":"","ast-hfb-mobile-header-display":"","site-post-title":"","ast-breadcrumbs-content":"","ast-featured-img":"","footer-sml-layout":"","ast-disable-related-posts":"","theme-transparent-header-meta":"","adv-header-id-meta":"","stick-header-meta":"","header-above-stick-meta":"","header-main-stick-meta":"","header-below-stick-meta":"","astra-migrate-meta-layouts":"default","ast-page-background-enabled":"default","ast-page-background-meta":{"desktop":{"background-color":"var(--ast-global-color-4)","background-image":"","background-repeat":"repeat","background-position":"center center","background-size":"auto","background-attachment":"scroll","background-type":"","background-media":"","overlay-type":"","overlay-color":"","overlay-opacity":"","overlay-gradient":""},"tablet":{"background-color":"","background-image":"","background-repeat":"repeat","background-position":"center center","background-size":"auto","background-attachment":"scroll","background-type":"","background-media":"","overlay-type":"","overlay-color":"","overlay-opacity":"","overlay-gradient":""},"mobile":{"background-color":"","background-image":"","background-repeat":"repeat","background-position":"center center","background-size":"auto","background-attachment":"scroll","background-type":"","background-media":"","overlay-type":"","overlay-color":"","overlay-opacity":"","overlay-gradient":""}},"ast-content-background-meta":{"desktop":{"background-color":"var(--ast-global-color-5)","background-image":"","background-repeat":"repeat","background-position":"center center","background-size":"auto","background-attachment":"scroll","background-type":"","background-media":"","overlay-type":"","overlay-color":"","overlay-opacity":"","overlay-gradient":""},"tablet":{"background-color":"var(--ast-global-color-5)","background-image":"","background-repeat":"repeat","background-position":"center center","background-size":"auto","background-attachment":"scroll","background-type":"","background-media":"","overlay-type":"","overlay-color":"","overlay-opacity":"","overlay-gradient":""},"mobile":{"background-color":"var(--ast-global-color-5)","background-image":"","background-repeat":"repeat","background-position":"center center","background-size":"auto","background-attachment":"scroll","background-type":"","background-media":"","overlay-type":"","overlay-color":"","overlay-opacity":"","overlay-gradient":""}},"footnotes":""},"class_list":["post-20","page","type-page","status-publish","hentry"],"acf":[],"_links":{"self":[{"href":"https:\/\/www.fondazionepaolocresci.it\/en\/wp-json\/wp\/v2\/pages\/20","targetHints":{"allow":["GET"]}}],"collection":[{"href":"https:\/\/www.fondazionepaolocresci.it\/en\/wp-json\/wp\/v2\/pages"}],"about":[{"href":"https:\/\/www.fondazionepaolocresci.it\/en\/wp-json\/wp\/v2\/types\/page"}],"author":[{"embeddable":true,"href":"https:\/\/www.fondazionepaolocresci.it\/en\/wp-json\/wp\/v2\/users\/1"}],"replies":[{"embeddable":true,"href":"https:\/\/www.fondazionepaolocresci.it\/en\/wp-json\/wp\/v2\/comments?post=20"}],"version-history":[{"count":5,"href":"https:\/\/www.fondazionepaolocresci.it\/en\/wp-json\/wp\/v2\/pages\/20\/revisions"}],"predecessor-version":[{"id":33733,"href":"https:\/\/www.fondazionepaolocresci.it\/en\/wp-json\/wp\/v2\/pages\/20\/revisions\/33733"}],"wp:attachment":[{"href":"https:\/\/www.fondazionepaolocresci.it\/en\/wp-json\/wp\/v2\/media?parent=20"}],"curies":[{"name":"wp","href":"https:\/\/api.w.org\/{rel}","templated":true}]}}