{"id":253,"date":"2022-11-24T21:38:43","date_gmt":"2022-11-24T20:38:43","guid":{"rendered":"https:\/\/fpc.ms-dev.it\/?page_id=253"},"modified":"2022-12-13T18:23:53","modified_gmt":"2022-12-13T17:23:53","slug":"archiv","status":"publish","type":"page","link":"https:\/\/www.fondazionepaolocresci.it\/de\/archivio\/","title":{"rendered":"Archiv"},"content":{"rendered":"<p>Die Sammlung von Dokumenten, Zeitschriften, Gegenst\u00e4nden und allem, was heute zu sehen ist, ist das Ergebnis der geduldigen und akribischen Forschungs- und Sammelt\u00e4tigkeit von Paolo Cresci, die bei den Verwandten seiner Frau Silvana, einer geb\u00fcrtigen Fosciandora (Lucca), begann.<\/p>\n<p>Sp\u00e4ter kn\u00fcpfte Paolo Cresci Beziehungen zu Antiquit\u00e4tenh\u00e4ndlern, besuchte Flohm\u00e4rkte, Antiquariate, verlassene H\u00e4user, Gemeindeverwaltungen der Garfagnana sowie die zur\u00fcckkehrenden Emigranten selbst oder deren Verwandte. Ein Gro\u00dfteil des Materials bezieht sich auf das Gebiet der Garfagnana und Lucca, aber es gibt auch Dokumente aus anderen Regionen. Die Sammlung zeichnet sich also durch ihre Heterogenit\u00e4t aus, denn sie besteht aus Briefen, Postkarten, Original- und Nicht-Originalfotografien, Zeitschriften, Zeitungen, B\u00fcchern und verschiedenen pers\u00f6nlichen Gegenst\u00e4nden, die von den vielen Menschen zeugen, die Italien auf der Suche nach Gl\u00fcck zwischen dem 19. und 20.<\/p>\n<p>Vorrangiges Ziel der Stiftung Paolo Cresci ist es, die Sammlung systematisch aufzuwerten, um das Archivmaterial f\u00fcr alle zug\u00e4nglich zu machen, sowohl f\u00fcr Fachleute als auch f\u00fcr Laien, mit besonderem Augenmerk auf Uneingeweihte; dies soll denjenigen, die das Archiv besuchen, ein unmittelbares und vollst\u00e4ndiges Verst\u00e4ndnis erm\u00f6glichen und sie zu Teilnehmern an einer Geschichte machen, die wahrscheinlich auch die ihrer Vorfahren und damit ihre eigene ist. Die Arbeit am Archiv setzte eine systematische Katalogisierung des dokumentarischen Materials voraus; die Neuordnung der Sammlung, die mit Hilfe eines Computers durchgef\u00fchrt wurde, ist nun abgeschlossen.<\/p>\n<p>Paolo Cresci hatte eine grobe Katalogisierung vorgenommen, aber nach Kriterien, die mehr den pers\u00f6nlichen Bed\u00fcrfnissen als den allgemein anerkannten Prinzipien der Systematik und Wissenschaftlichkeit entsprachen. Andererseits ist dies verst\u00e4ndlich f\u00fcr jemanden, der wie er einerseits von einer gl\u00fchenden Leidenschaft hin- und hergerissen war, die ihn dazu trieb, bisweilen fast manisch eine immense Vielfalt an inhomogenem Material anzuh\u00e4ufen, und andererseits auch das Bed\u00fcrfnis nach einer organischen Ordnung versp\u00fcrte, die gerade wegen der schieren Menge der gesammelten St\u00fccke schwer zu verwirklichen war.<\/p>\n<p>Um die von Cresci der Sammlung verliehene Pr\u00e4gung zu bewahren, wurde beschlossen, der von ihm selbst angenommenen Ordnung zu folgen, jedoch unter Anwendung einheitlicher und analytischer Grunds\u00e4tze im Hinblick auf die neuen Anforderungen, die sich hinsichtlich der Verbreitung und der unmittelbaren Zug\u00e4nglichkeit der gesamten Sammlung ergeben haben. Die Katalogisierungsarbeit erhebt keinen Anspruch auf Vollst\u00e4ndigkeit oder Endg\u00fcltigkeit, sondern soll lediglich einen \u00dcberblick \u00fcber den tats\u00e4chlichen qualitativen und quantitativen Wert der Sammlung geben.<\/p>\n<p>Zu diesem Zweck wurde eine Datenbank eingerichtet, in der jedes einzelne St\u00fcck nach genauen Kategorien abgelegt ist und \u00fcber spezielle Programmfunktionen st\u00e4ndig abgerufen und eingesehen werden kann.<\/p>\n\t<fieldset>\n\t\t<legend>Standort<\/legend>\n\t\t<label>\n\t\t\t\tInhalt suchen\n\t\t\t\t<input type=\"search\" name=\"collocazione\" placeholder=\"Standort\" value=\"\" autocomplete=\"off\"\/>\n\t\t\t<\/label>\t<\/fieldset>\n\t\t<fieldset>\n\t\t<legend>Art des Dokuments<\/legend>\n\t\t<label>\n\t\t\t\tInhalt suchen\n\t\t\t\t<input type=\"search\" name=\"tipo_di_documento\" placeholder=\"Art des Dokuments\" value=\"\" autocomplete=\"off\"\/>\n\t\t\t<\/label>\t<\/fieldset>\n\t\t<fieldset>\n\t\t<legend>Datei-Header<\/legend>\n\t\t<label>\n\t\t\t\tInhalt suchen\n\t\t\t\t<input type=\"search\" name=\"intestazione_fascicolo\" placeholder=\"Datei-Header\" value=\"\" autocomplete=\"off\"\/>\n\t\t\t<\/label>\t<\/fieldset>\n\t\t<fieldset>\n\t\t<legend>Region der Abreise<\/legend>\n\t\t<label>\n\t\t\t\tInhalt suchen\n\t\t\t\t<input type=\"search\" name=\"regione_di_partenza\" placeholder=\"Region der Abreise\" value=\"\" autocomplete=\"off\"\/>\n\t\t\t<\/label>\t<\/fieldset>\n\t\t<fieldset>\n\t\t<legend>Land der Ankunft<\/legend>\n\t\t<label>\n\t\t\t\tInhalt suchen\n\t\t\t\t<input type=\"search\" name=\"paese_di_arrivo\" placeholder=\"Land der Ankunft\" value=\"\" autocomplete=\"off\"\/>\n\t\t\t<\/label>\t<\/fieldset>","protected":false},"excerpt":{"rendered":"<p>La collezione di documenti, riviste, oggetti e quant&#8217;altro \u00e8 possibile vedere oggi, sono il frutto di un paziente e meticoloso lavoro di ricerca e d&#8217;accumulo di Paolo Cresci, iniziato a partire dalle vicende dei parenti della moglie Silvana, nativa di Fosciandora (Lucca). Paolo Cresci stabil\u00ec successivamente rapporti con antiquari, frequentando mercatini dell&#8217;usato, librerie antiche, case [&hellip;]<\/p>\n","protected":false},"author":1,"featured_media":0,"parent":0,"menu_order":0,"comment_status":"closed","ping_status":"open","template":"","meta":{"_acf_changed":false,"_relevanssi_hide_post":"","_relevanssi_hide_content":"","_relevanssi_pin_for_all":"","_relevanssi_pin_keywords":"","_relevanssi_unpin_keywords":"","_relevanssi_related_keywords":"","_relevanssi_related_include_ids":"","_relevanssi_related_exclude_ids":"","_relevanssi_related_no_append":"","_relevanssi_related_not_related":"","_relevanssi_related_posts":"","_relevanssi_noindex_reason":"","site-sidebar-layout":"default","site-content-layout":"","ast-site-content-layout":"default","site-content-style":"default","site-sidebar-style":"default","ast-global-header-display":"","ast-banner-title-visibility":"","ast-main-header-display":"","ast-hfb-above-header-display":"","ast-hfb-below-header-display":"","ast-hfb-mobile-header-display":"","site-post-title":"","ast-breadcrumbs-content":"","ast-featured-img":"","footer-sml-layout":"","ast-disable-related-posts":"","theme-transparent-header-meta":"","adv-header-id-meta":"","stick-header-meta":"","header-above-stick-meta":"","header-main-stick-meta":"","header-below-stick-meta":"","astra-migrate-meta-layouts":"default","ast-page-background-enabled":"default","ast-page-background-meta":{"desktop":{"background-color":"var(--ast-global-color-4)","background-image":"","background-repeat":"repeat","background-position":"center center","background-size":"auto","background-attachment":"scroll","background-type":"","background-media":"","overlay-type":"","overlay-color":"","overlay-opacity":"","overlay-gradient":""},"tablet":{"background-color":"","background-image":"","background-repeat":"repeat","background-position":"center center","background-size":"auto","background-attachment":"scroll","background-type":"","background-media":"","overlay-type":"","overlay-color":"","overlay-opacity":"","overlay-gradient":""},"mobile":{"background-color":"","background-image":"","background-repeat":"repeat","background-position":"center center","background-size":"auto","background-attachment":"scroll","background-type":"","background-media":"","overlay-type":"","overlay-color":"","overlay-opacity":"","overlay-gradient":""}},"ast-content-background-meta":{"desktop":{"background-color":"var(--ast-global-color-5)","background-image":"","background-repeat":"repeat","background-position":"center center","background-size":"auto","background-attachment":"scroll","background-type":"","background-media":"","overlay-type":"","overlay-color":"","overlay-opacity":"","overlay-gradient":""},"tablet":{"background-color":"var(--ast-global-color-5)","background-image":"","background-repeat":"repeat","background-position":"center center","background-size":"auto","background-attachment":"scroll","background-type":"","background-media":"","overlay-type":"","overlay-color":"","overlay-opacity":"","overlay-gradient":""},"mobile":{"background-color":"var(--ast-global-color-5)","background-image":"","background-repeat":"repeat","background-position":"center center","background-size":"auto","background-attachment":"scroll","background-type":"","background-media":"","overlay-type":"","overlay-color":"","overlay-opacity":"","overlay-gradient":""}},"footnotes":""},"class_list":["post-253","page","type-page","status-publish","hentry"],"acf":[],"_links":{"self":[{"href":"https:\/\/www.fondazionepaolocresci.it\/de\/wp-json\/wp\/v2\/pages\/253","targetHints":{"allow":["GET"]}}],"collection":[{"href":"https:\/\/www.fondazionepaolocresci.it\/de\/wp-json\/wp\/v2\/pages"}],"about":[{"href":"https:\/\/www.fondazionepaolocresci.it\/de\/wp-json\/wp\/v2\/types\/page"}],"author":[{"embeddable":true,"href":"https:\/\/www.fondazionepaolocresci.it\/de\/wp-json\/wp\/v2\/users\/1"}],"replies":[{"embeddable":true,"href":"https:\/\/www.fondazionepaolocresci.it\/de\/wp-json\/wp\/v2\/comments?post=253"}],"version-history":[{"count":6,"href":"https:\/\/www.fondazionepaolocresci.it\/de\/wp-json\/wp\/v2\/pages\/253\/revisions"}],"predecessor-version":[{"id":33578,"href":"https:\/\/www.fondazionepaolocresci.it\/de\/wp-json\/wp\/v2\/pages\/253\/revisions\/33578"}],"wp:attachment":[{"href":"https:\/\/www.fondazionepaolocresci.it\/de\/wp-json\/wp\/v2\/media?parent=253"}],"curies":[{"name":"wp","href":"https:\/\/api.w.org\/{rel}","templated":true}]}}