{"id":24,"date":"2022-11-24T11:07:02","date_gmt":"2022-11-24T10:07:02","guid":{"rendered":"https:\/\/fpc.ms-dev.it\/?page_id=24"},"modified":"2023-04-28T09:41:44","modified_gmt":"2023-04-28T07:41:44","slug":"museum","status":"publish","type":"page","link":"https:\/\/www.fondazionepaolocresci.it\/de\/museo\/","title":{"rendered":"Museum"},"content":{"rendered":"<a href=\"https:\/\/www.youtube.com\/watch?v=_9C1wmX6lyc\" target=\"_blank\" role=\"button\" rel=\"noopener\">\n\t\t\t\t\t\tSehen Sie sich das Einf\u00fchrungsvideo an\n\t\t\t\t\t<\/a>\n\t<p>Il &#8220;Museo Paolo Cresci per la storia dell&#8217;emigrazione italiana&#8221; ha sede nel Palazzo Ducale di Lucca e pi\u00f9 precisamente nella Cappellina di S. Maria della Misericordia e nei locali adiacenti.<\/p>\n<p>Il Museo raccoglie un contributo tangibile alla conoscenza di una pagina importante della storia d&#8217;Italia: lettere, diari, documenti e fotografie appartenenti alla vita di ogni giorno, la pi\u00f9 ricca raccolta di documenti esistente sull&#8217;emigrazione italiana.<\/p>\n<p>L&#8217;allestimento segue le tappe del percorso dell&#8217;emigrante, dalla partenza, al viaggio, alla ricerca di un lavoro una volta giunti a destinazione.<\/p>\n<p>L&#8217;obiettivo \u00e8 quello di dare al visitatore spunti di riflessione sui temi che riguardano l&#8217;emigrazione, analizzata in termini numerici &#8211; partenze, rientri, rimesse, ecc. &#8211; ma anche dal punto di vista delle vicende sociali, collettive ed individuali; presentare la complessit\u00e0 del fenomeno, non solo tenendo conto delle diversit\u00e0 geografiche e delle varie situazioni storiche e temporali, ma anche negli aspetti psicologici legati alla &#8220;diversit\u00e0&#8221; alla &#8220;identit\u00e0&#8221;, all'&#8221;omologazione&#8221; e al &#8220;rifiuto&#8221;, orientati alla formazione di un nuovo status di &#8220;italiano all&#8217;estero&#8221;, sintesi di memoria e di modernit\u00e0.<\/p>\n<p>Come ultima finalit\u00e0, ma certamente di non secondaria importanza, il Museo vuole mettere in risalto l&#8217;attualit\u00e0 del messaggio legato all&#8217;emigrazione come &#8220;lezione&#8221; storica per predisporre i visitatori alla mentalit\u00e0 dell&#8217;accoglienza e della tolleranza arricchendo, nel contempo, il proprio bagaglio di esperienze, attraverso il confronto con culture diverse.<\/p>\n<p>Il percorso espositivo oltre ai pannelli fotografici e alle bacheche che espongono documenti e oggetti originali, con immagini sia d&#8217;archivio che moderne, \u00e8 arricchito dalla proiezione di filmati storici e sequenze tratte da film recenti di larga diffusione, interviste ai protagonisti dell&#8217;emigrazione, situazioni interattive multimediali dove il visitatore \u00e8 invitato ad effettuare direttamente ricerche mediante un approccio informatico.<\/p>\n<p>Tutte le foto dei documenti riprodotti nella guida provengono dall&#8217;archivio della Fondazione.<\/p>\n\t\t\t\t<a\n\t\t\thref=\"https:\/\/www.fondazionepaolocresci.it\/wp-content\/uploads\/2022\/11\/Museo_Cresci_001_big.jpg\"\n\t\t\t\t\t\tdata-fancybox=\"images\" \n\t\t\ttitle=\"Museum_Cresci_001_gro\u00df\" \n\t\t\t\t\t\tdata-description=\"\" \n\t\t\titemprop=\"contentUrl\">\n\t\t\t<img decoding=\"async\" src=\"https:\/\/www.fondazionepaolocresci.it\/wp-content\/uploads\/2022\/11\/Museo_Cresci_001_big.jpg\" alt=\"\" data-no-lazy=\"1\" itemprop=\"thumbnail\" width=\"600\" height=\"450\" \/>\n\t\t\t<!-- Overlay Wrapper -->\n\t\t\t <!-- Overlay Wrapper Closed -->\n\t\t\t\t<\/a>\n\t\t\t\t\t\t\t<meta itemprop=\"width\" content=\"600\" \/>\n\t\t\t<meta itemprop=\"height\" content=\"450\" \/>\n\t\t\t\t<a\n\t\t\thref=\"https:\/\/www.fondazionepaolocresci.it\/wp-content\/uploads\/2022\/11\/Museo_Cresci_092_big.jpg\"\n\t\t\t\t\t\tdata-fancybox=\"images\" \n\t\t\ttitle=\"Museumo_Cresci_092_gro\u00df\" \n\t\t\t\t\t\tdata-description=\"\" \n\t\t\titemprop=\"contentUrl\">\n\t\t\t<img decoding=\"async\" src=\"https:\/\/www.fondazionepaolocresci.it\/wp-content\/uploads\/2022\/11\/Museo_Cresci_092_big.jpg\" alt=\"\" data-no-lazy=\"1\" itemprop=\"thumbnail\" width=\"450\" height=\"600\" \/>\n\t\t\t<!-- Overlay Wrapper -->\n\t\t\t <!-- Overlay Wrapper Closed -->\n\t\t\t\t<\/a>\n\t\t\t\t\t\t\t<meta itemprop=\"width\" content=\"450\" \/>\n\t\t\t<meta itemprop=\"height\" content=\"600\" \/>\n\t\t\t\t<img decoding=\"async\" src=\"https:\/\/www.fondazionepaolocresci.it\/wp-content\/uploads\/2023\/03\/PANNELLO-INIZIALE-104x60-640x369-1.jpg\" alt=\"PANNELLO-INIZIALE-104x60-640x369\" itemprop=\"image\" height=\"369\" width=\"640\" title=\"PANNELLO-INIZIALE-104x60-640x369\" onerror=\"this.style.display='none'\"  \/>\n\t<p>Il &#8220;Museo Paolo Cresci per la storia dell&#8217; emigrazione italiana&#8221; vuole conservare e valorizzare la memoria degli italiani che andarono all&#8217;estero per cercare migliori condizioni di vita dando un contributo alla conoscenza di una pagina importante della storia d&#8217;Italia, ma anche comprendere meglio le sfide di quella di oggi, sempre pi\u00f9 interessata dalla mobilit\u00e0 dei popoli e dal confronto fra le varie culture.<\/p>\n<h2>\n\t\tMehr lesen\n\t<\/h2>\n\tDie Stiftung Paolo Cresci sammelt wichtige und vielf\u00e4ltige Dokumente \u00fcber italienische Emigranten.<br \/>\nWenn Sie auf unseren Seiten st\u00f6bern, k\u00f6nnen Sie eine Zeitreise an Bord von Auswandererschiffen unternehmen, die in die Ferne aufbrachen, ihre Abenteuer in der neuen Heimat miterleben und ihre Sehnsucht nach dem Ort ihrer Geburt teilen. Wenn Sie einen Verwandten hatten, der ausgewandert ist, und etwas \u00fcber seine Geschichte erfahren m\u00f6chten, k\u00f6nnen Sie unsere Datenbank konsultieren.\n\t\t\t\t<a href=\"https:\/\/www.museoemigrazioneitaliana.org\/lungo-la-scia-di-unelica\/\" target=\"_blank\" rel=\"noopener\" itemprop=\"url\">\n\t\t\t\t<img decoding=\"async\" src=\"https:\/\/www.fondazionepaolocresci.it\/wp-content\/uploads\/2023\/03\/02_lungo-la-scia-di-unellica360.jpg\" alt=\"Ausstellung: 360\u00b0 Rundgang (sichtbar mit IExplorer)\" itemprop=\"image\" height=\"259\" width=\"213\" title=\"02_lungo-la-scia-di-unellica360\" onerror=\"this.style.display='none'\"  \/>\n\t\t\t\t<\/a>\n\t\t\t\t<a href=\"https:\/\/www.museoemigrazioneitaliana.org\/\" target=\"_blank\" rel=\"noopener\" itemprop=\"url\">\n\t\t\t\t<img decoding=\"async\" src=\"https:\/\/www.fondazionepaolocresci.it\/wp-content\/uploads\/2023\/03\/01_museo_sotto-tutti-i-cieli.jpg\" alt=\"Museo dell'Emigrazione Italiana Online\" itemprop=\"image\" height=\"259\" width=\"213\" title=\"01_museum_unter-dem-himmel\" onerror=\"this.style.display='none'\"  \/>\n\t\t\t\t<\/a>\n\t<nav aria-label=\"Museum\" itemscope=\"itemscope\" itemtype=\"https:\/\/schema.org\/SiteNavigationElement\">\n\t\t<ul id=\"menu-museo\"><li id=\"menu-item-33836\"><a href=\"https:\/\/www.fondazionepaolocresci.it\/de\/museum\/\" aria-current=\"page\" tabindex=\"0\" role=\"link\">Pr\u00e4sentation<\/a><\/li><li id=\"menu-item-33833\"><a href=\"https:\/\/www.fondazionepaolocresci.it\/de\/museum\/la-partenza\/\" tabindex=\"0\" role=\"link\">Die Abreise<\/a><\/li><li id=\"menu-item-33832\"><a href=\"https:\/\/www.fondazionepaolocresci.it\/de\/museum\/die-reise-und-ankunft\/\" tabindex=\"0\" role=\"link\">Il viaggio e l&#8217;arrivo<\/a><\/li><li id=\"menu-item-33831\"><a href=\"https:\/\/www.fondazionepaolocresci.it\/de\/museum\/die-arbeit\/\" tabindex=\"0\" role=\"link\">Die Arbeit<\/a><\/li><li id=\"menu-item-33830\"><a href=\"https:\/\/www.fondazionepaolocresci.it\/de\/museum\/die-neuen-patries\/\" tabindex=\"0\" role=\"link\">Neue Heimatl\u00e4nder<\/a><\/li><li id=\"menu-item-33829\"><a href=\"https:\/\/www.fondazionepaolocresci.it\/de\/museum\/der-erinnerungsfaden\/\" tabindex=\"0\" role=\"link\">Der Faden der Erinnerung<\/a><\/li><li id=\"menu-item-33828\"><a href=\"https:\/\/www.fondazionepaolocresci.it\/de\/museum\/von-neu-in-befehl\/\" tabindex=\"0\" role=\"link\">Wieder auf der Stra\u00dfe<\/a><\/li><\/ul>\n\t\t\t<\/nav>\n\t\t\t\t<img decoding=\"async\" src=\"https:\/\/www.fondazionepaolocresci.it\/wp-content\/uploads\/2023\/03\/logo_museo_regionale_ok-564x270-1.png\" alt=\"logo_museo_regionale_ok-564x270\" itemprop=\"image\" height=\"270\" width=\"564\" title=\"logo_museo_regionale_ok-564x270\" onerror=\"this.style.display='none'\"  \/>","protected":false},"excerpt":{"rendered":"<p>Guarda il video introduttivo Il &#8220;Museo Paolo Cresci per la storia dell&#8217;emigrazione italiana&#8221; ha sede nel Palazzo Ducale di Lucca e pi\u00f9 precisamente nella Cappellina di S. Maria della Misericordia e nei locali adiacenti. Il Museo raccoglie un contributo tangibile alla conoscenza di una pagina importante della storia d&#8217;Italia: lettere, diari, documenti e fotografie appartenenti [&hellip;]<\/p>\n","protected":false},"author":1,"featured_media":0,"parent":0,"menu_order":0,"comment_status":"closed","ping_status":"open","template":"","meta":{"_acf_changed":false,"_relevanssi_hide_post":"","_relevanssi_hide_content":"","_relevanssi_pin_for_all":"","_relevanssi_pin_keywords":"","_relevanssi_unpin_keywords":"","_relevanssi_related_keywords":"","_relevanssi_related_include_ids":"","_relevanssi_related_exclude_ids":"","_relevanssi_related_no_append":"","_relevanssi_related_not_related":"","_relevanssi_related_posts":"","_relevanssi_noindex_reason":"","site-sidebar-layout":"default","site-content-layout":"","ast-site-content-layout":"default","site-content-style":"default","site-sidebar-style":"default","ast-global-header-display":"","ast-banner-title-visibility":"","ast-main-header-display":"","ast-hfb-above-header-display":"","ast-hfb-below-header-display":"","ast-hfb-mobile-header-display":"","site-post-title":"","ast-breadcrumbs-content":"","ast-featured-img":"","footer-sml-layout":"","ast-disable-related-posts":"","theme-transparent-header-meta":"","adv-header-id-meta":"","stick-header-meta":"","header-above-stick-meta":"","header-main-stick-meta":"","header-below-stick-meta":"","astra-migrate-meta-layouts":"default","ast-page-background-enabled":"default","ast-page-background-meta":{"desktop":{"background-color":"var(--ast-global-color-4)","background-image":"","background-repeat":"repeat","background-position":"center center","background-size":"auto","background-attachment":"scroll","background-type":"","background-media":"","overlay-type":"","overlay-color":"","overlay-opacity":"","overlay-gradient":""},"tablet":{"background-color":"","background-image":"","background-repeat":"repeat","background-position":"center center","background-size":"auto","background-attachment":"scroll","background-type":"","background-media":"","overlay-type":"","overlay-color":"","overlay-opacity":"","overlay-gradient":""},"mobile":{"background-color":"","background-image":"","background-repeat":"repeat","background-position":"center center","background-size":"auto","background-attachment":"scroll","background-type":"","background-media":"","overlay-type":"","overlay-color":"","overlay-opacity":"","overlay-gradient":""}},"ast-content-background-meta":{"desktop":{"background-color":"var(--ast-global-color-5)","background-image":"","background-repeat":"repeat","background-position":"center center","background-size":"auto","background-attachment":"scroll","background-type":"","background-media":"","overlay-type":"","overlay-color":"","overlay-opacity":"","overlay-gradient":""},"tablet":{"background-color":"var(--ast-global-color-5)","background-image":"","background-repeat":"repeat","background-position":"center center","background-size":"auto","background-attachment":"scroll","background-type":"","background-media":"","overlay-type":"","overlay-color":"","overlay-opacity":"","overlay-gradient":""},"mobile":{"background-color":"var(--ast-global-color-5)","background-image":"","background-repeat":"repeat","background-position":"center center","background-size":"auto","background-attachment":"scroll","background-type":"","background-media":"","overlay-type":"","overlay-color":"","overlay-opacity":"","overlay-gradient":""}},"footnotes":""},"class_list":["post-24","page","type-page","status-publish","hentry"],"acf":[],"_links":{"self":[{"href":"https:\/\/www.fondazionepaolocresci.it\/de\/wp-json\/wp\/v2\/pages\/24","targetHints":{"allow":["GET"]}}],"collection":[{"href":"https:\/\/www.fondazionepaolocresci.it\/de\/wp-json\/wp\/v2\/pages"}],"about":[{"href":"https:\/\/www.fondazionepaolocresci.it\/de\/wp-json\/wp\/v2\/types\/page"}],"author":[{"embeddable":true,"href":"https:\/\/www.fondazionepaolocresci.it\/de\/wp-json\/wp\/v2\/users\/1"}],"replies":[{"embeddable":true,"href":"https:\/\/www.fondazionepaolocresci.it\/de\/wp-json\/wp\/v2\/comments?post=24"}],"version-history":[{"count":6,"href":"https:\/\/www.fondazionepaolocresci.it\/de\/wp-json\/wp\/v2\/pages\/24\/revisions"}],"predecessor-version":[{"id":34277,"href":"https:\/\/www.fondazionepaolocresci.it\/de\/wp-json\/wp\/v2\/pages\/24\/revisions\/34277"}],"wp:attachment":[{"href":"https:\/\/www.fondazionepaolocresci.it\/de\/wp-json\/wp\/v2\/media?parent=24"}],"curies":[{"name":"wp","href":"https:\/\/api.w.org\/{rel}","templated":true}]}}